{"id":86,"date":"2015-07-12T17:56:49","date_gmt":"2015-07-12T17:56:49","guid":{"rendered":"http:\/\/vrigstadshembygdsforening.se\/?page_id=86"},"modified":"2025-03-23T10:44:21","modified_gmt":"2025-03-23T10:44:21","slug":"valkommen-till-vrigstads-hembygdsforening","status":"publish","type":"page","link":"https:\/\/vrigstadshembygdsforening.se\/?page_id=86","title":{"rendered":"F\u00f6reningen"},"content":{"rendered":"\n<p>Hembygdsf\u00f6reningen \u00e4r engagerad i bygdens utveckling, parallellt med att man p\u00e5 olika s\u00e4tt speglar ortens historia.<\/p>\n\n\n\n<p>F\u00f6reningen f\u00f6rfogar \u00f6ver ett bildarkiv med&nbsp;n\u00e4rmare 6 000 bilder, de \u00e4ldsta fr\u00e5n 1865.&nbsp;<a href=\"https:\/\/vrigstadshembygdsforening.se\/?page_id=254\">Dessa<\/a>&nbsp;finns nu utlagda p\u00e5 hemsidan. Vi har \u00e4ven ett bandarkiv med cirka 100 bandade intervjuer. I ett klipparkiv har material fr\u00e5n lokalpressen bevarats.<\/p>\n\n\n\n<p>Vi f\u00f6rfogar ocks\u00e5 \u00f6ver ett&nbsp; emigrantregister med uppgifter om samtliga som \u00e4r utvandrade fr\u00e5n Vrigstad under \u00e5ren 1852-1930.<\/p>\n\n\n\n<p>F\u00f6reningen har gett ut ett antal\u00a0 b\u00f6cker och skrifter. Ett antal temakv\u00e4llar arrangeras varje \u00e5r. <\/p>\n\n\n\n<p>Hembygdsf\u00f6reningen \u00e4r en av stiftarna av &#8221;<a href=\"http:\/\/bankgarden.se\">Stiftelsen Gamla Bankg\u00e5rden i Vrigstad<\/a>&#8221; &#8211; ett unikt bes\u00f6ksm\u00e5l i Vrigstad.<\/p>\n\n\n\n<p>Har du information, bilder eller annan information om Vrigstad s\u00e5 tar vi tacksamt emot detta. Kontakta g\u00e4rna n\u00e5gon i styrelsen.<\/p>\n\n\n\n<p>V\u00e4lkommen att s\u00f6ka vidare p\u00e5 v\u00e5ra webbsidor. H\u00e4r du hittar b\u00e5de historiska fakta och f\u00e4rsk information och bilder fr\u00e5n Vrigstad.<\/p>\n","protected":false},"excerpt":{"rendered":"<p>Hembygdsf\u00f6reningen \u00e4r engagerad i bygdens utveckling, parallellt med att man p\u00e5 olika s\u00e4tt speglar ortens historia. F\u00f6reningen f\u00f6rfogar \u00f6ver ett<\/p>\n","protected":false},"author":1,"featured_media":0,"parent":0,"menu_order":0,"comment_status":"closed","ping_status":"open","template":"","meta":{"footnotes":""},"class_list":["post-86","page","type-page","status-publish","hentry"],"_links":{"self":[{"href":"https:\/\/vrigstadshembygdsforening.se\/index.php?rest_route=\/wp\/v2\/pages\/86","targetHints":{"allow":["GET"]}}],"collection":[{"href":"https:\/\/vrigstadshembygdsforening.se\/index.php?rest_route=\/wp\/v2\/pages"}],"about":[{"href":"https:\/\/vrigstadshembygdsforening.se\/index.php?rest_route=\/wp\/v2\/types\/page"}],"author":[{"embeddable":true,"href":"https:\/\/vrigstadshembygdsforening.se\/index.php?rest_route=\/wp\/v2\/users\/1"}],"replies":[{"embeddable":true,"href":"https:\/\/vrigstadshembygdsforening.se\/index.php?rest_route=%2Fwp%2Fv2%2Fcomments&post=86"}],"version-history":[{"count":9,"href":"https:\/\/vrigstadshembygdsforening.se\/index.php?rest_route=\/wp\/v2\/pages\/86\/revisions"}],"predecessor-version":[{"id":7062,"href":"https:\/\/vrigstadshembygdsforening.se\/index.php?rest_route=\/wp\/v2\/pages\/86\/revisions\/7062"}],"wp:attachment":[{"href":"https:\/\/vrigstadshembygdsforening.se\/index.php?rest_route=%2Fwp%2Fv2%2Fmedia&parent=86"}],"curies":[{"name":"wp","href":"https:\/\/api.w.org\/{rel}","templated":true}]}}