{"id":811,"date":"2015-07-20T19:52:02","date_gmt":"2015-07-20T19:52:02","guid":{"rendered":"http:\/\/vrigstadshembygdsforening.se\/?page_id=811"},"modified":"2017-09-04T09:39:48","modified_gmt":"2017-09-04T09:39:48","slug":"torget-9","status":"publish","type":"page","link":"https:\/\/vrigstadshembygdsforening.se\/?page_id=811","title":{"rendered":"Torget 9"},"content":{"rendered":"<p><strong>Torgvandring 2017-09-03<br \/>\n<\/strong>\u00a9 Stig Marz<\/p>\n<p>N\u00e4r detta huset uppf\u00f6rdes \u00e4r oklart, men om vi s\u00e4ger i 1840-talets b\u00f6rjan \u00e4r vi nog ganska n\u00e4ra sanningen. N\u00e4r Torget 1 upph\u00f6rde som g\u00e4stgiveri omkring 1845, flyttades g\u00e4stgiveriverksamheten hit till detta hus.<\/p>\n<p>Sedan dr\u00f6jde det i det n\u00e4rmaste 100 \u00e5r innan n\u00e5got h\u00e4nde med huset. 1938 byggdes huset till mot Runstedtska fastigheten med tv\u00e5 \u201dmoduler\u201d. I den nya delen fick posten nu sina lokaler d\u00e5 den flyttade fr\u00e5n fastigheten Granstugan p\u00e5 nuvarande Tegn\u00e9rv\u00e4gen.<\/p>\n<p>1949 hade postlokalerna blivit f\u00f6r tr\u00e5nga och en ny tillbyggnad gjordes. Nu byggdes de b\u00e5da fastigheterna ihop och posten flyttade in i den nya delen. I den del som tidigare var postlokal fick nu F\u00f6rs\u00e4kringskassan sitt kontor.<\/p>\n<p>Huset var som sagt G\u00e4stgiveri fr\u00e5n mitten av 1840-talet. F\u00f6rste g\u00e4stgivaren verkar ha varit Johan Peter Svensson Lundberg, anfader till nuvarande sl\u00e4kten Lundberg i Vrigstad. Lundbergs eftertr\u00e4dare blir Peter Daniel Tolf, som innehar g\u00e4stgiveriet till 1861. Efter Tolf kom Anders Johan Larsson. 1887 flyttar Johannes Andersson till Vrigstad fr\u00e5n Tofteryd och tar \u00f6ver g\u00e4stgiveriet.<\/p>\n<p>I samband med det flyttas verksamheten \u00f6ver till det vi idag kallar G\u00e4stgivarg\u00e5rden med adress G\u00e4stgivaregatan 2 i torgets nord-\u00f6stra h\u00f6rn.<\/p>\n<p>Som \u00e4gare till Torget 9 st\u00e5r handlanden Mebius. N\u00e4r han d\u00f6r 1889 blir modern \u00e4gare. Hon d\u00f6r \u00e5ret efter och ny \u00e4gare blir \u00e4nkefru Anna Elisabeth Jansson. Omkring sekelskiftet k\u00f6per landstingsmannen m.m. Magnus Bolander i Holkaryd, huset. Efter hans bortg\u00e5ng 1912 \u00e4gs huset av hans d\u00f6dsbo.<\/p>\n<p>1927 k\u00f6per f\u00e4rgm\u00e4staren Henrik Karlsson huset. Om det d\u00e5 \u00e4r Bolanders d\u00f6dsbo som \u00e4ger fastigheten \u00e4r oklart.<\/p>\n<p>I \u00f6stra delen av fastigheten var l\u00e4karmottagning. H\u00e4r hade provinsiall\u00e4karen Flor\u00e9n sin mottagning under \u00e5ren 1908 till 1912. Efter honom kom l\u00e4karen Nordman, som i sin tur avl\u00f6stes av Turner, som flyttade 1919. Alla dessa hade sin praktik i bottenv\u00e5ningen och sin bostad i \u00f6verv\u00e5ningen.<\/p>\n<p>\u00d6vriga som bodde i huset i 1900-talets b\u00f6rjan var bl.a. H\u00e4radsskrivaren Robert Samsioe, som jag ber\u00e4ttat om tidigare. H\u00e4r bodde ocks\u00e5 den f\u00f6rn\u00e4ma fr\u00f6ken Elin Gustafsch\u00f6ld, vars farfars far hj\u00e4lpte Kung Gustaf III vid statskuppen 1772. Han blev efter detta adlad och fick namnet Gustafsch\u00f6ld (Gustafs sk\u00f6ld).<\/p>\n<p>I slutet av 1920-talet etablerade Samuel Johansson charkuteriaff\u00e4r i lokalerna. (Samuel var far till Sture Johansson och Stig Ringefelt).<\/p>\n<p>Samuels charkuteriaff\u00e4r \u00f6vertogs i b\u00f6rjan av 1930-talet av \u00c5ke Ek, som var sonson till handelspatronen Johan Ek. S\u00f6rensens i S\u00e4vsj\u00f6 \u00f6vertog aff\u00e4ren omkring 1940 och drev den till avvecklingen i slutet av 1960-talet.<\/p>\n<figure id=\"attachment_1164\" aria-describedby=\"caption-attachment-1164\" style=\"width: 700px\" class=\"wp-caption alignnone\"><a href=\"https:\/\/media.vrigstadshembygdsforening.se\/\/Torget9_1930.jpg\"><img loading=\"lazy\" decoding=\"async\" class=\"size-full wp-image-1164\" src=\"https:\/\/media.vrigstadshembygdsforening.se\/\/Torget9_1930.jpg\" alt=\"I mitten av bilden syns fastigheten Torget 9. Bildarkivet - cirka 1930.\" width=\"700\" height=\"403\" srcset=\"https:\/\/media.vrigstadshembygdsforening.se\/Torget9_1930.jpg 700w, https:\/\/media.vrigstadshembygdsforening.se\/Torget9_1930-300x173.jpg 300w\" sizes=\"auto, (max-width: 700px) 100vw, 700px\" \/><\/a><figcaption id=\"caption-attachment-1164\" class=\"wp-caption-text\">I mitten av bilden syns fastigheten Torget 9. Bildarkivet &#8211; cirka 1930.<\/figcaption><\/figure>\n<p>Posten hade sin verksamhet h\u00e4r i v\u00e4stra delen av huset, under \u00e5ren 1938 till 1982 d\u00e5 den flyttade till huset p\u00e5 V\u00e4xj\u00f6v\u00e4gen, d\u00e4r idag Daveart hade sin verksamhet.<\/p>\n<p>Biblioteket hade sina lokaler h\u00e4r fr\u00e5n 1982 till n\u00e5got av de f\u00f6rsta \u00e5ren p\u00e5 1990-talet.<\/p>\n<p>2001 startade AnnoNina aff\u00e4r med egendesignade kl\u00e4der och konst. Aff\u00e4ren upph\u00f6rde 2007. En av Vrigstads f\u00f6rsta pizzerior \u00f6ppnade h\u00e4r 1988. I de lokalerna hade d\u00e5 varit en Radio- och TV-aff\u00e4r.<\/p>\n<p>Det har s\u00e4kert funnits flera verksamheter i huset som inte ber\u00f6rts h\u00e4r, men den viktigast verksamheten har nog kommit med.<\/p>\n<figure id=\"attachment_1165\" aria-describedby=\"caption-attachment-1165\" style=\"width: 400px\" class=\"wp-caption alignnone\"><a href=\"https:\/\/media.vrigstadshembygdsforening.se\/\/Torget9_1982.jpg\"><img loading=\"lazy\" decoding=\"async\" class=\"size-full wp-image-1165\" src=\"https:\/\/media.vrigstadshembygdsforening.se\/\/Torget9_1982.jpg\" alt=\"Kerstin Danielsson h\u00e4lsade v\u00e4lkommen till de nya bibliotekslokalerna. Bildarkivet - 1982.\" width=\"400\" height=\"477\" srcset=\"https:\/\/media.vrigstadshembygdsforening.se\/Torget9_1982.jpg 400w, https:\/\/media.vrigstadshembygdsforening.se\/Torget9_1982-252x300.jpg 252w\" sizes=\"auto, (max-width: 400px) 100vw, 400px\" \/><\/a><figcaption id=\"caption-attachment-1165\" class=\"wp-caption-text\">Kerstin Danielsson h\u00e4lsade v\u00e4lkommen till de nya bibliotekslokalerna. Bildarkivet &#8211; 1982.<\/figcaption><\/figure>\n<p>I lokalerna har det senare funnits ett antal olika aff\u00e4rer, fris\u00f6r, pizzeria\u00a0m.m.<br \/>\n<a href=\"https:\/\/media.vrigstadshembygdsforening.se\/\/Torget9_2015.jpg\"><img loading=\"lazy\" decoding=\"async\" class=\"alignnone size-full wp-image-1189\" src=\"https:\/\/media.vrigstadshembygdsforening.se\/\/Torget9_2015.jpg\" alt=\"Torget9_2015\" width=\"700\" height=\"384\" srcset=\"https:\/\/media.vrigstadshembygdsforening.se\/Torget9_2015.jpg 700w, https:\/\/media.vrigstadshembygdsforening.se\/Torget9_2015-300x165.jpg 300w\" sizes=\"auto, (max-width: 700px) 100vw, 700px\" \/><\/a><\/p>\n<p>Vrigstads hembygdsf\u00f6rening har genom Stig Marz tagit initiativ till att bevara uthuset bakom den gamla g\u00e4stgiveribyggnaden p\u00e5 fastigheten. P\u00e5 g\u00e5rden bakom byggnaden finns ett uthus som tillh\u00f6rde g\u00e4stgiveriet.<\/p>\n<p><a href=\"https:\/\/media.vrigstadshembygdsforening.se\/\/2015\/07\/For_torget.jpg\"><img loading=\"lazy\" decoding=\"async\" class=\"alignnone size-full wp-image-812\" src=\"https:\/\/media.vrigstadshembygdsforening.se\/\/2015\/07\/For_torget.jpg\" alt=\"For_torget\" width=\"700\" height=\"449\" srcset=\"https:\/\/media.vrigstadshembygdsforening.se\/2015\/07\/For_torget.jpg 700w, https:\/\/media.vrigstadshembygdsforening.se\/2015\/07\/For_torget-300x192.jpg 300w\" sizes=\"auto, (max-width: 700px) 100vw, 700px\" \/><\/a><\/p>\n<p>Fr. v. Margareta Engstedt, l\u00e4nsmuseet, Roger Thorstensson, S\u00e4vsj\u00f6 kommun, Willy Yngvesson, fastighets\u00e4gare, Bo Ejenfors, l\u00e4nsstyrelsen och Stig Marz, hembygdsf\u00f6reningen. Bilden \u00e4r h\u00e4mtad fr\u00e5n J\u00f6nk\u00f6pings l\u00e4ns hembygdsf\u00f6rbunds tidning Hembygder i J\u00f6nk\u00f6pings l\u00e4n 1\/2002.<\/p>\n<p><strong>Lite kuriosa<br \/>\n<\/strong>\u00c5r 1853 var generaltulldirekt\u00f6ren Carl Henrik Gyllenhaal p\u00e5 resande fot. Med p\u00e5 resan var hans sekreterare, som hette Magnus Hollertz. Denne var en klok man och gjorde sm\u00e5 anteckningar under resan och om bes\u00f6ket i Vrigstad skriver han s\u00e5 h\u00e4r:<br \/>\n<em>\u201dDet var en s\u00f6ndagsafton, d\u00e5 vi framkommo till Vrigstads stora g\u00e4stgivareg\u00e5rd, d\u00e4r vi skulle ha nattl\u00e4ger. Bondpojkarna voro h\u00e4r f\u00f6rsamlade i hundratal, kl\u00e4dda i sina helgdagskl\u00e4der och lika varandra s\u00e5som b\u00e4r. Det var roligt att se deras sm\u00e5v\u00e4xta figurer, kl\u00e4dda i ofantligt h\u00f6ga ullhattar, korta bl\u00e5 jackor, gula skinnbyxor, bl\u00e5 strumpor och skor.<\/em><\/p>\n<p><em>D\u00e4rj\u00e4mte syntes det \u00e4ven vara \u00e1 la bondmode att ha en k\u00e4pp i handen. D\u00e5 vagnen st\u00f6ttades f\u00f6r att sm\u00f6rjas, samlades de i massa d\u00e4romkring, fr\u00e5gade mig var den var gjord, k\u00e4nde p\u00e5 smidet och gjorde sina reflexioner \u00f6ver det fina och solida d\u00e4ruti, och s\u00e5 m\u00e5nga, som kunde, kr\u00f6po de under vagnen f\u00f6r att \u00e4nnu b\u00e4ttre kunna sk\u00e4rsk\u00e5da allt. De voro, som dr\u00e4ngen sade, f\u00e4rdiga att skruva s\u00f6nder hela underredet f\u00f6r att l\u00e4ra sig dess hemligheter. Jag h\u00f6rde ideliga utrop av: \u201dDe \u00e4\u00b4d\u00e5 faun, d\u00e4 \u00e4\u00b4d\u00e5 faun, du petter, va\u00b4 de mutte ha kaustat de smiet!\u201d<\/em><\/p>\n<p><em>Vi l\u00e5go gott p\u00e5 Vrigstad, avreste i god tid och anl\u00e4nde klockan ett middagen till V\u00e4xj\u00f6\u201d.<\/em><\/p>\n<p>Det \u00e4r skoj att l\u00e4sa om hur pojkarna var kl\u00e4dda och hur nyfikna de var. Men det \u00e4r ju s\u00e5 man m\u00e5ste vara om man skall l\u00e4ra sig n\u00e5gonting.<\/p>\n<p>N\u00e5got \u00e5r p\u00e5 1860-talet kom sj\u00e4lvaste kung Carl XV till Vrigstads G\u00e4stgivareg\u00e5rd, allts\u00e5 detta huset. Om han \u00f6vernattade \u00e4r oklart, i vilket fall som helst intog han h\u00e4r en m\u00e5ltid. Detta var en stor h\u00e4ndelse i Vrigstad. Efter att kungen rest tog man tallrik och bestick, som han anv\u00e4nt och satte i en ostkupa av glas, som placerades v\u00e4l synlig p\u00e5 en sk\u00e4nk i g\u00e4stgiveriet. H\u00e4r kunde resanden under m\u00e5nga \u00e5r fram\u00f6ver besk\u00e5da de attiraljer, som kungen anv\u00e4nt vid sitt bes\u00f6k p\u00e5 Vrigstads G\u00e4stgivareg\u00e5rd.<\/p>\n","protected":false},"excerpt":{"rendered":"<p>Torgvandring 2017-09-03 \u00a9 Stig Marz N\u00e4r detta huset uppf\u00f6rdes \u00e4r oklart, men om vi s\u00e4ger i 1840-talets b\u00f6rjan \u00e4r vi<\/p>\n","protected":false},"author":1,"featured_media":0,"parent":0,"menu_order":0,"comment_status":"open","ping_status":"open","template":"","meta":{"footnotes":""},"class_list":["post-811","page","type-page","status-publish","hentry"],"_links":{"self":[{"href":"https:\/\/vrigstadshembygdsforening.se\/index.php?rest_route=\/wp\/v2\/pages\/811","targetHints":{"allow":["GET"]}}],"collection":[{"href":"https:\/\/vrigstadshembygdsforening.se\/index.php?rest_route=\/wp\/v2\/pages"}],"about":[{"href":"https:\/\/vrigstadshembygdsforening.se\/index.php?rest_route=\/wp\/v2\/types\/page"}],"author":[{"embeddable":true,"href":"https:\/\/vrigstadshembygdsforening.se\/index.php?rest_route=\/wp\/v2\/users\/1"}],"replies":[{"embeddable":true,"href":"https:\/\/vrigstadshembygdsforening.se\/index.php?rest_route=%2Fwp%2Fv2%2Fcomments&post=811"}],"version-history":[{"count":8,"href":"https:\/\/vrigstadshembygdsforening.se\/index.php?rest_route=\/wp\/v2\/pages\/811\/revisions"}],"predecessor-version":[{"id":1784,"href":"https:\/\/vrigstadshembygdsforening.se\/index.php?rest_route=\/wp\/v2\/pages\/811\/revisions\/1784"}],"wp:attachment":[{"href":"https:\/\/vrigstadshembygdsforening.se\/index.php?rest_route=%2Fwp%2Fv2%2Fmedia&parent=811"}],"curies":[{"name":"wp","href":"https:\/\/api.w.org\/{rel}","templated":true}]}}