{"id":782,"date":"2015-07-20T16:52:32","date_gmt":"2015-07-20T16:52:32","guid":{"rendered":"http:\/\/vrigstadshembygdsforening.se\/?page_id=782"},"modified":"2020-08-18T15:30:15","modified_gmt":"2020-08-18T15:30:15","slug":"tematraffar-2013","status":"publish","type":"page","link":"https:\/\/vrigstadshembygdsforening.se\/?page_id=782","title":{"rendered":"Tematr\u00e4ffar 2013"},"content":{"rendered":"<p><strong>Hembygdsf\u00f6reningens aktiviteter 2013.<\/strong><\/p>\n<p><a href=\"https:\/\/media.vrigstadshembygdsforening.se\/\/2015\/07\/A13_SM.jpg\"><img loading=\"lazy\" decoding=\"async\" class=\" size-full wp-image-783 alignleft\" src=\"https:\/\/media.vrigstadshembygdsforening.se\/\/2015\/07\/A13_SM.jpg\" alt=\"A13_SM\" width=\"220\" height=\"270\"><\/a><\/p>\n<p>Hembygdsf\u00f6reningen gratulerar Stig Marz, m\u00e5ng\u00e5rig styrelseledamot i Vrigstads Hembygdsf\u00f6rening och tidigare ordf\u00f6rande i Stiftelsen Gamla Bankg\u00e5rden, som v\u00e4lf\u00f6rtj\u00e4nt har tilldelats 2013 \u00e5rs Kulturstipendium av S\u00e4vsj\u00f6 kommun. <a href=\"https:\/\/vrigstadshembygdsforening.se\/Bilder\/Aktuellt\/SM_kulturstip.pdf\" target=\"_blank\" rel=\"noopener noreferrer\"><u><span style=\"color: #0066cc;\">L\u00e4s mer&#8230;<\/span><\/u><\/a><\/p>\n<p>&nbsp;<\/p>\n<p>&nbsp;<\/p>\n<p>&nbsp;<\/p>\n<p>&nbsp;<\/p>\n<p><a href=\"https:\/\/media.vrigstadshembygdsforening.se\/\/2015\/07\/A131107.jpg\"><img loading=\"lazy\" decoding=\"async\" class=\"alignnone size-full wp-image-785\" src=\"https:\/\/media.vrigstadshembygdsforening.se\/\/2015\/07\/A131107.jpg\" alt=\"A131107\" width=\"700\" height=\"456\" srcset=\"https:\/\/media.vrigstadshembygdsforening.se\/2015\/07\/A131107.jpg 700w, https:\/\/media.vrigstadshembygdsforening.se\/2015\/07\/A131107-300x195.jpg 300w\" sizes=\"auto, (max-width: 700px) 100vw, 700px\" \/><\/a><\/p>\n<p>Torsdagen den <strong>7 november<\/strong> visade Stig Marz filmer fr\u00e5n Vrigstad inf\u00f6r ett n\u00e4stan fullsatt f\u00f6rsamlingshem. F\u00f6rst visades andra delen av en intervju med Ingrid Svensson d\u00e4r vi bl.a. fick veta att det funnits sju mataff\u00e4rer i Vrigstad.<br \/>\nEfter kaffepuas visade Stig videoklipp fr\u00e5n tre olika \u00d6ppet hus p\u00e5 Gr\u00f6ndal &#8211; tv\u00e5 fr\u00e5n 90-talet och en fr\u00e5n b\u00f6rjan av 2000-talet.<\/p>\n<p>Torsdagen den<strong> 10 oktober<\/strong> h\u00f6ll f\u00f6reningen en temakv\u00e4ll med bes\u00f6k av Irene Persson, f\u00f6dd Svanberg, som ber\u00e4ttade minnen fr\u00e5n Vrigstad.<\/p>\n<p><a href=\"https:\/\/media.vrigstadshembygdsforening.se\/\/2015\/07\/A131011.jpg\"><img loading=\"lazy\" decoding=\"async\" class=\" size-full wp-image-786 alignleft\" src=\"https:\/\/media.vrigstadshembygdsforening.se\/\/2015\/07\/A131011.jpg\" alt=\"A131011\" width=\"350\" height=\"354\" srcset=\"https:\/\/media.vrigstadshembygdsforening.se\/2015\/07\/A131011.jpg 350w, https:\/\/media.vrigstadshembygdsforening.se\/2015\/07\/A131011-297x300.jpg 297w\" sizes=\"auto, (max-width: 350px) 100vw, 350px\" \/><\/a><br \/>\nFramf\u00f6r allt ber\u00e4ttade hon om gamla Centrumbiografen, som sk\u00f6ttes av f\u00f6r\u00e4ldrarna och farfar. M\u00e5nga av bes\u00f6karna hade ocks\u00e5 minnen fr\u00e5n biografen och man erinrade sig s\u00e5v\u00e4l repertoar som sk\u00e5despelare.<\/p>\n<p>Som avslutning p\u00e5 kv\u00e4llen ber\u00e4ttade Irene engagerat om sitt arbete som bildterapeut.<\/p>\n<p>&nbsp;<\/p>\n<p>&nbsp;<\/p>\n<p>&nbsp;<\/p>\n<p>S\u00f6ndagen den <strong>4 augusti<\/strong> h\u00f6ll f\u00f6reningen \u00d6ppet hus p\u00e5 Gr\u00f6ndal i str\u00e5lande solsken och med rekordm\u00e5nga bes\u00f6kare. Deltagarna serverades kaffe och ostkaka och hade m\u00f6jlighet att titta p\u00e5 f\u00f6reningens samlingar, bl.a. det rika bildarkivet som inneh\u00e5ller \u00f6ver 5 000 bilder.<\/p>\n<p><a href=\"https:\/\/media.vrigstadshembygdsforening.se\/\/2015\/07\/A130804_cafe.jpg\"><img loading=\"lazy\" decoding=\"async\" class=\" size-full wp-image-787 alignleft\" src=\"https:\/\/media.vrigstadshembygdsforening.se\/\/2015\/07\/A130804_cafe.jpg\" alt=\"A130804_cafe\" width=\"350\" height=\"319\" srcset=\"https:\/\/media.vrigstadshembygdsforening.se\/2015\/07\/A130804_cafe.jpg 350w, https:\/\/media.vrigstadshembygdsforening.se\/2015\/07\/A130804_cafe-300x273.jpg 300w\" sizes=\"auto, (max-width: 350px) 100vw, 350px\" \/><\/a><br \/>\nG\u00f6ran Lindblad och Andreas Ljung monterar den gamla Caf\u00e9-skylten innan starten.<\/p>\n<p>&nbsp;<\/p>\n<p>&nbsp;<\/p>\n<p>&nbsp;<\/p>\n<p>&nbsp;<\/p>\n<p>&nbsp;<\/p>\n<p>&nbsp;<\/p>\n<p><a href=\"https:\/\/media.vrigstadshembygdsforening.se\/\/2015\/07\/A130804_gaster.jpg\"><img loading=\"lazy\" decoding=\"async\" class=\"alignnone size-full wp-image-788\" src=\"https:\/\/media.vrigstadshembygdsforening.se\/\/2015\/07\/A130804_gaster.jpg\" alt=\"A130804_gaster\" width=\"700\" height=\"440\" srcset=\"https:\/\/media.vrigstadshembygdsforening.se\/2015\/07\/A130804_gaster.jpg 700w, https:\/\/media.vrigstadshembygdsforening.se\/2015\/07\/A130804_gaster-300x189.jpg 300w\" sizes=\"auto, (max-width: 700px) 100vw, 700px\" \/><\/a>Bes\u00f6karna nj\u00f6t av underh\u00e5llningen samt kaffe och ostkaka som serverades.<\/p>\n<p><a href=\"https:\/\/media.vrigstadshembygdsforening.se\/\/2015\/07\/A130804_ljung.jpg\"><img loading=\"lazy\" decoding=\"async\" class=\" size-full wp-image-789 alignleft\" src=\"https:\/\/media.vrigstadshembygdsforening.se\/\/2015\/07\/A130804_ljung.jpg\" alt=\"A130804_ljung\" width=\"350\" height=\"401\" srcset=\"https:\/\/media.vrigstadshembygdsforening.se\/2015\/07\/A130804_ljung.jpg 350w, https:\/\/media.vrigstadshembygdsforening.se\/2015\/07\/A130804_ljung-262x300.jpg 262w\" sizes=\"auto, (max-width: 350px) 100vw, 350px\" \/><\/a><br \/>\nChristina och Ingvar Ljung underh\u00f6ll med s\u00e5ng och musik p\u00e5 sedvanligt s\u00e4tt med en blandad repertoar.<\/p>\n<p>&nbsp;<\/p>\n<p>&nbsp;<\/p>\n<p>&nbsp;<\/p>\n<p>&nbsp;<\/p>\n<p>&nbsp;<\/p>\n<p>&nbsp;<\/p>\n<p>&nbsp;<\/p>\n<p>&nbsp;<\/p>\n<p><a href=\"https:\/\/media.vrigstadshembygdsforening.se\/\/2015\/07\/A130601_1.jpg\"><img loading=\"lazy\" decoding=\"async\" class=\"alignnone size-full wp-image-790\" src=\"https:\/\/media.vrigstadshembygdsforening.se\/\/2015\/07\/A130601_1.jpg\" alt=\"A130601_1\" width=\"700\" height=\"401\" srcset=\"https:\/\/media.vrigstadshembygdsforening.se\/2015\/07\/A130601_1.jpg 700w, https:\/\/media.vrigstadshembygdsforening.se\/2015\/07\/A130601_1-300x172.jpg 300w\" sizes=\"auto, (max-width: 700px) 100vw, 700px\" \/><\/a>L\u00f6rdagen den <strong>1 juni<\/strong> firade Vrigstads hembygdsf\u00f6rening tillsammans med Sunnerby Missionsf\u00f6rening Missionshusets 100-\u00e5rsjubileum. Missionshuset, som normalt endast anv\u00e4nds vid ett par tillf\u00e4llen under \u00e5ret, var fyllt till sista plats.<\/p>\n<p><a href=\"https:\/\/media.vrigstadshembygdsforening.se\/\/2015\/07\/A130601_2.jpg\"><img loading=\"lazy\" decoding=\"async\" class=\"alignnone size-full wp-image-791\" src=\"https:\/\/media.vrigstadshembygdsforening.se\/\/2015\/07\/A130601_2.jpg\" alt=\"A130601_2\" width=\"350\" height=\"361\" srcset=\"https:\/\/media.vrigstadshembygdsforening.se\/2015\/07\/A130601_2.jpg 350w, https:\/\/media.vrigstadshembygdsforening.se\/2015\/07\/A130601_2-291x300.jpg 291w\" sizes=\"auto, (max-width: 350px) 100vw, 350px\" \/><\/a> <a href=\"https:\/\/media.vrigstadshembygdsforening.se\/\/2015\/07\/A130601_3.jpg\"><img loading=\"lazy\" decoding=\"async\" class=\"alignnone size-full wp-image-792\" src=\"https:\/\/media.vrigstadshembygdsforening.se\/\/2015\/07\/A130601_3.jpg\" alt=\"A130601_3\" width=\"700\" height=\"460\" srcset=\"https:\/\/media.vrigstadshembygdsforening.se\/2015\/07\/A130601_3.jpg 700w, https:\/\/media.vrigstadshembygdsforening.se\/2015\/07\/A130601_3-300x197.jpg 300w\" sizes=\"auto, (max-width: 700px) 100vw, 700px\" \/><\/a>&nbsp;Sunnerby Missionshus historia ber\u00e4ttades av Stig Marz.&nbsp;Informationen finns&nbsp;nu p\u00e5 v\u00e5r <a href=\"https:\/\/vrigstadshembygdsforening.se\/?page_id=407\">hemsida<\/a>.<\/p>\n<p><a href=\"https:\/\/media.vrigstadshembygdsforening.se\/\/2015\/07\/A130601_4.jpg\"><img loading=\"lazy\" decoding=\"async\" class=\"alignnone size-full wp-image-793\" src=\"https:\/\/media.vrigstadshembygdsforening.se\/\/2015\/07\/A130601_4.jpg\" alt=\"A130601_4\" width=\"700\" height=\"455\" srcset=\"https:\/\/media.vrigstadshembygdsforening.se\/2015\/07\/A130601_4.jpg 700w, https:\/\/media.vrigstadshembygdsforening.se\/2015\/07\/A130601_4-300x195.jpg 300w\" sizes=\"auto, (max-width: 700px) 100vw, 700px\" \/><\/a>&nbsp;Christina och Ingvar&nbsp;Ljung spelade gamla &#8221;L\u00e4sars\u00e5nger&#8221; ur det h\u00e4fte som togs fram till en l\u00e4sars\u00e5ngsafton i Sunnerby 1980.<\/p>\n<p><a href=\"https:\/\/media.vrigstadshembygdsforening.se\/\/2015\/07\/A130601_5.jpg\"><img loading=\"lazy\" decoding=\"async\" class=\"alignnone size-full wp-image-794\" src=\"https:\/\/media.vrigstadshembygdsforening.se\/\/2015\/07\/A130601_5.jpg\" alt=\"A130601_5\" width=\"700\" height=\"435\" srcset=\"https:\/\/media.vrigstadshembygdsforening.se\/2015\/07\/A130601_5.jpg 700w, https:\/\/media.vrigstadshembygdsforening.se\/2015\/07\/A130601_5-300x186.jpg 300w\" sizes=\"auto, (max-width: 700px) 100vw, 700px\" \/><\/a> <a href=\"https:\/\/media.vrigstadshembygdsforening.se\/\/2015\/07\/A130601_6.jpg\"><img loading=\"lazy\" decoding=\"async\" class=\"alignnone size-full wp-image-795\" src=\"https:\/\/media.vrigstadshembygdsforening.se\/\/2015\/07\/A130601_6.jpg\" alt=\"A130601_6\" width=\"700\" height=\"434\" srcset=\"https:\/\/media.vrigstadshembygdsforening.se\/2015\/07\/A130601_6.jpg 700w, https:\/\/media.vrigstadshembygdsforening.se\/2015\/07\/A130601_6-300x186.jpg 300w\" sizes=\"auto, (max-width: 700px) 100vw, 700px\" \/><\/a>Missionsf\u00f6rsamlingen bj\u00f6d p\u00e5 kaffe.<\/p>\n<p><a href=\"https:\/\/media.vrigstadshembygdsforening.se\/\/2015\/07\/A130513_1.jpg\"><img loading=\"lazy\" decoding=\"async\" class=\"alignnone size-full wp-image-797\" src=\"https:\/\/media.vrigstadshembygdsforening.se\/\/2015\/07\/A130513_1.jpg\" alt=\"A130513_1\" width=\"700\" height=\"455\" srcset=\"https:\/\/media.vrigstadshembygdsforening.se\/2015\/07\/A130513_1.jpg 700w, https:\/\/media.vrigstadshembygdsforening.se\/2015\/07\/A130513_1-300x195.jpg 300w\" sizes=\"auto, (max-width: 700px) 100vw, 700px\" \/><\/a>M\u00e5ndagen den <strong>13 maj<\/strong> st\u00e4dade styrelsen p\u00e5 Gr\u00f6ndal. Utomhus r\u00e4fsades l\u00f6v och grenar och inomhus damms\u00f6gs det och skakades mattor.<\/p>\n<p>Torsdagen den <strong>11 april<\/strong> h\u00f6ll f\u00f6reningen \u00e5rsm\u00f6te i f\u00f6rsamlingshemmet.<a href=\"https:\/\/media.vrigstadshembygdsforening.se\/\/2015\/07\/A130411.jpg\"><img loading=\"lazy\" decoding=\"async\" class=\"alignnone size-full wp-image-798\" src=\"https:\/\/media.vrigstadshembygdsforening.se\/\/2015\/07\/A130411.jpg\" alt=\"A130411\" width=\"700\" height=\"412\" srcset=\"https:\/\/media.vrigstadshembygdsforening.se\/2015\/07\/A130411.jpg 700w, https:\/\/media.vrigstadshembygdsforening.se\/2015\/07\/A130411-300x177.jpg 300w\" sizes=\"auto, (max-width: 700px) 100vw, 700px\" \/>T<\/a>raditionsenligt visade Stig Marz f\u00f6reningens \u00e5rsber\u00e4ttelse i ord och bild. Efter \u00e5rsm\u00f6tesf\u00f6rhandlingarna fick vi se f\u00f6rsta halvan av en film\/en intervju med Ingrid Svensson. Resterande del av filmen kommer att visas vid en av temakv\u00e4llarna i h\u00f6st.<\/p>\n<p>Torsdagen den <strong>14 februari<\/strong> anordnade hembygdsf\u00f6reningen en temakv\u00e4ll\/filmkv\u00e4ll i f\u00f6rsamlingshemmet. Det var Stig Marz som visade ett par filmer av intervjuer med Tage Sj\u00f6gren och Bengt Dahlqvist.<a href=\"https:\/\/media.vrigstadshembygdsforening.se\/\/2015\/07\/A130214.jpg\"><img loading=\"lazy\" decoding=\"async\" class=\"alignnone size-full wp-image-799\" src=\"https:\/\/media.vrigstadshembygdsforening.se\/\/2015\/07\/A130214.jpg\" alt=\"A130214\" width=\"700\" height=\"445\" srcset=\"https:\/\/media.vrigstadshembygdsforening.se\/2015\/07\/A130214.jpg 700w, https:\/\/media.vrigstadshembygdsforening.se\/2015\/07\/A130214-300x191.jpg 300w\" sizes=\"auto, (max-width: 700px) 100vw, 700px\" \/><\/a><\/p>\n<p>Tage Sj\u00f6gren fanns p\u00e5 plats och i intervjun ber\u00e4ttade han bl.a. om sin uppv\u00e4xt, sina olika arbeten och inte minst sina uppfinningar. Vi fick f\u00f6lja med Tage ner i verkstaden d\u00e4r han visade n\u00e5gra av sina sp\u00e4nnande innovationer.<br \/>\nN\u00e4sta intervjuperson var Bengt Dahlqvist som ocks\u00e5 delade med sig av b\u00e5de personliga och yrkesm\u00e4ssiga minnen. Han ber\u00e4ttade bl.a. om Rundstedtska f\u00e4rgeriets historia. Vi fick ocks\u00e5 h\u00f6ra lite av Bengts idrottsminnen (han var bl.a. en duktig sprinter) och om hans resa till London-OS 1948.<\/p>\n","protected":false},"excerpt":{"rendered":"<p>Hembygdsf\u00f6reningens aktiviteter 2013. Hembygdsf\u00f6reningen gratulerar Stig Marz, m\u00e5ng\u00e5rig styrelseledamot i Vrigstads Hembygdsf\u00f6rening och tidigare ordf\u00f6rande i Stiftelsen Gamla Bankg\u00e5rden, som<\/p>\n","protected":false},"author":1,"featured_media":0,"parent":0,"menu_order":0,"comment_status":"closed","ping_status":"open","template":"","meta":{"footnotes":""},"class_list":["post-782","page","type-page","status-publish","hentry"],"_links":{"self":[{"href":"https:\/\/vrigstadshembygdsforening.se\/index.php?rest_route=\/wp\/v2\/pages\/782","targetHints":{"allow":["GET"]}}],"collection":[{"href":"https:\/\/vrigstadshembygdsforening.se\/index.php?rest_route=\/wp\/v2\/pages"}],"about":[{"href":"https:\/\/vrigstadshembygdsforening.se\/index.php?rest_route=\/wp\/v2\/types\/page"}],"author":[{"embeddable":true,"href":"https:\/\/vrigstadshembygdsforening.se\/index.php?rest_route=\/wp\/v2\/users\/1"}],"replies":[{"embeddable":true,"href":"https:\/\/vrigstadshembygdsforening.se\/index.php?rest_route=%2Fwp%2Fv2%2Fcomments&post=782"}],"version-history":[{"count":9,"href":"https:\/\/vrigstadshembygdsforening.se\/index.php?rest_route=\/wp\/v2\/pages\/782\/revisions"}],"predecessor-version":[{"id":4276,"href":"https:\/\/vrigstadshembygdsforening.se\/index.php?rest_route=\/wp\/v2\/pages\/782\/revisions\/4276"}],"wp:attachment":[{"href":"https:\/\/vrigstadshembygdsforening.se\/index.php?rest_route=%2Fwp%2Fv2%2Fmedia&parent=782"}],"curies":[{"name":"wp","href":"https:\/\/api.w.org\/{rel}","templated":true}]}}