{"id":739,"date":"2015-07-18T20:41:11","date_gmt":"2015-07-18T20:41:11","guid":{"rendered":"http:\/\/vrigstadshembygdsforening.se\/?page_id=739"},"modified":"2020-08-18T15:26:28","modified_gmt":"2020-08-18T15:26:28","slug":"sa-minns-vi-vrigstad-skofabrik","status":"publish","type":"page","link":"https:\/\/vrigstadshembygdsforening.se\/?page_id=739","title":{"rendered":"S\u00e5 minns vi Vrigstad Skofabrik"},"content":{"rendered":"<p>H\u00f6sten 1989 samlades ett 20-tal tidigare anst\u00e4llda vid Vrigstad Skofabrik f\u00f6r att diskutera m\u00f6jligheterna att skapa en utst\u00e4llning som i ord och bild skulle manifestera 80-\u00e5rsminnet av skotillverkningens historia i Vrigstad.<\/p>\n<p><a href=\"https:\/\/media.vrigstadshembygdsforening.se\/\/2015\/07\/Publ_skofabrik.jpg\"><img loading=\"lazy\" decoding=\"async\" class=\" size-full wp-image-740 alignleft\" src=\"https:\/\/media.vrigstadshembygdsforening.se\/\/2015\/07\/Publ_skofabrik.jpg\" alt=\"Publ_skofabrik\" width=\"350\" height=\"501\" srcset=\"https:\/\/media.vrigstadshembygdsforening.se\/2015\/07\/Publ_skofabrik.jpg 350w, https:\/\/media.vrigstadshembygdsforening.se\/2015\/07\/Publ_skofabrik-210x300.jpg 210w\" sizes=\"auto, (max-width: 350px) 100vw, 350px\" \/><\/a><\/p>\n<p>Initiativet kom n\u00e4rmast fr\u00e5n en av hembygdsf\u00f6reningens eldsj\u00e4lar &#8211; Stig Marz &#8211; som vid tillf\u00e4llet visade ett bildcollage fr\u00e5n skotillverkningens f\u00f6rsta \u00e5r och dess senare utveckling.<\/p>\n<p>Under h\u00f6sten 1990 ombildades gruppen till en redaktionskommitt\u00e9 med inriktning p\u00e5 att utge denna skrift.<\/p>\n<p>Nedan f\u00f6ljer en kort historik &#8211; h\u00e4mtad ur skriften &#8211; kring skotillverkningens historia:<br \/>\nUnder slutet av 1880-talet startade Claes Johan Rehn skotillverkning p\u00e5 Dalhem.<br \/>\nLappskor, utan klack och med ovanl\u00e4der och sula i ett stycke, var en av skotyperna som tillverkades i Vrigstad. Det var en sv\u00e4gerska, boende i Lappland, till d\u00e5varande landsfiskalen Alfred Dahl som presentade sin systerson Gustav Dahl, f\u00f6dd 1890, med ett par lappskor. N\u00e4r dessa vid ett tillf\u00e4lle skickades till Dalhem f\u00f6r reparation gav de tipset till nyproduktion av denna produkt.<br \/>\n1912 flyttades tillverkningen till Vrigstad, d\u00e4r en mindre fastighet ink\u00f6ptes. Ansvarig f\u00f6r fabriken var d\u00e5 Axel Rehn, son till Claes Johan Rehn.<br \/>\n1920 skedde en tillbyggnad och produktionen fick en b\u00e4ttre maskinell utrustning.<br \/>\n1928 \u00f6vertog ett bolag, med Mandli Svensson som disponent, tillverkningen. F\u00f6retaget fick namnet Vrigstads Sandalfabriksbolag.<br \/>\n1936 \u00f6vertog Mandli Svensson sj\u00e4lv r\u00f6relsen som fick namnet Vrigstads Skofabrik.<br \/>\n1937 byggdes den nya skofabriken, som togs i bruk 1938.<br \/>\n1946 avled Mandli Svensson och r\u00f6relsen \u00f6vertogs av sonen Svenning Svensson och sv\u00e4rsonen Rudolf Thunander.<br \/>\n1953 ombildades \u00e4garf\u00f6rh\u00e5llandet och firmanamnet blev Vrigstads Skofabrik AB.<br \/>\n1969 lades fabriken ner och fastigheten s\u00e5ldes till S\u00e4vsj\u00f6 kommun.<\/p>\n<p>Utgiven av Vrigstads Hembygdsf\u00f6rening.<br \/>\nUpplaga: 300 ex.<br \/>\nStudiecirkeldeltagare: Henning Johansson, Filip Rehn, Torsten Haegerstam, Allan Johansson, Tage Maars, Evald Johansson, Birgit Johansson, Karin Karlsson, Viola Nilsson, Inez Johansson, Gun-Britt Johansson, Iris Wink-Pettersson, Margit Lindsten och Ninni Svensson.<br \/>\nIllustrat\u00f6rer: Eivor Hj\u00e4lmefjord och Stig Ringefelt.<br \/>\nTryckt: Maj 1991.<\/p>\n","protected":false},"excerpt":{"rendered":"<p>H\u00f6sten 1989 samlades ett 20-tal tidigare anst\u00e4llda vid Vrigstad Skofabrik f\u00f6r att diskutera m\u00f6jligheterna att skapa en utst\u00e4llning som i<\/p>\n","protected":false},"author":1,"featured_media":0,"parent":0,"menu_order":0,"comment_status":"closed","ping_status":"open","template":"","meta":{"footnotes":""},"class_list":["post-739","page","type-page","status-publish","hentry"],"_links":{"self":[{"href":"https:\/\/vrigstadshembygdsforening.se\/index.php?rest_route=\/wp\/v2\/pages\/739","targetHints":{"allow":["GET"]}}],"collection":[{"href":"https:\/\/vrigstadshembygdsforening.se\/index.php?rest_route=\/wp\/v2\/pages"}],"about":[{"href":"https:\/\/vrigstadshembygdsforening.se\/index.php?rest_route=\/wp\/v2\/types\/page"}],"author":[{"embeddable":true,"href":"https:\/\/vrigstadshembygdsforening.se\/index.php?rest_route=\/wp\/v2\/users\/1"}],"replies":[{"embeddable":true,"href":"https:\/\/vrigstadshembygdsforening.se\/index.php?rest_route=%2Fwp%2Fv2%2Fcomments&post=739"}],"version-history":[{"count":2,"href":"https:\/\/vrigstadshembygdsforening.se\/index.php?rest_route=\/wp\/v2\/pages\/739\/revisions"}],"predecessor-version":[{"id":4266,"href":"https:\/\/vrigstadshembygdsforening.se\/index.php?rest_route=\/wp\/v2\/pages\/739\/revisions\/4266"}],"wp:attachment":[{"href":"https:\/\/vrigstadshembygdsforening.se\/index.php?rest_route=%2Fwp%2Fv2%2Fmedia&parent=739"}],"curies":[{"name":"wp","href":"https:\/\/api.w.org\/{rel}","templated":true}]}}