{"id":7371,"date":"2026-03-22T15:02:27","date_gmt":"2026-03-22T15:02:27","guid":{"rendered":"https:\/\/vrigstadshembygdsforening.se\/?page_id=7371"},"modified":"2026-03-22T15:05:05","modified_gmt":"2026-03-22T15:05:05","slug":"arsmotesprotokoll-260319","status":"publish","type":"page","link":"https:\/\/vrigstadshembygdsforening.se\/?page_id=7371","title":{"rendered":"\u00c5rsm\u00f6tesprotokoll 260319"},"content":{"rendered":"\n<p>Plats: Skeppet, Missionskyrkan<br>N\u00e4rvarande: Ca 50 medlemmar<\/p>\n\n\n\n<p>\u00a7 1 B\u00f6rje Cronvall h\u00e4lsade v\u00e4lkommen och f\u00f6rklarade \u00e5rsm\u00f6tet \u00f6ppnat.<br>\u00a7 2 Till ordf\u00f6rande f\u00f6r m\u00f6tet valdes Bengt Sverlander.<br>\u00a7 3 Till sekreterare f\u00f6r m\u00f6tet valdes Kerstin Carlsson.<br>\u00a7 4 Till att justera dagens protokoll valdes Anita Sj\u00f6berg och Mari Gustavsson.<br>\u00a7 5 \u00c5rsm\u00f6tet f\u00f6rklarades vara stadgeenligt utlyst.<br>\u00a7 6 Den f\u00f6reslagna dagordningen godk\u00e4ndes.<br>\u00a7 7 B\u00f6rje Cronvall f\u00f6redrog verksamhetsber\u00e4ttelsen i ord och bild.<br>\u00a7 8 Balans- och resultatrapport och \u00e5rsredovisning f\u00f6redrogs av Marita Magnusson. Rapporterna lades med godk\u00e4nnande till handlingarna.<br>\u00a7 9 Revisionsber\u00e4ttelsen f\u00f6redrogs av Kersti Frigert. Rapporten lades med godk\u00e4nnande till handlingarna.<br>\u00a7 10 Styrelsen beviljades ansvarsfrihet f\u00f6r det g\u00e5ngna \u00e5ret.<br>\u00a7 11 Val av ordinarie styrelseledam\u00f6ter f\u00f6r perioden 2026\u20132027. Omval av Kerstin Carlsson, Marita Magnusson och Sven-Olof Svensson. Valda t.o.m. 2026 \u00e4r Marie Olofsson, B\u00f6rje Cronvall, Catharina Andersson och Thommy Elg. <br>\u00a7 12 Val av styrelsesuppleanter f\u00f6r perioden 2026\u20132027. Omval av Anders Johansson och Lennart Fyhrlund. Valda t.o.m. 2026 \u00e4r Olof Karlsson och Krister Lindsten.<br>\u00a7 13 Till ordf\u00f6rande f\u00f6r verksamhets\u00e5ret 2026 valdes B\u00f6rje Cronvall.<br>\u00a7 14 Till revisorer f\u00f6r 2026 omvaldes Kersti Frigert och Peter Johansson. Till revisorssuppleanter f\u00f6r 2026 omvaldes Thomas Wilhelmsson och Birgitta Carlsson.<br>\u00a7 15 Till ledamot i S\u00e4vsj\u00f6 kommuns hembygdsr\u00e5d valdes B\u00f6rje Cronvall.<br>\u00a7 16 Till kaffekommitt\u00e9 omvaldes Ann-Britt Lagerkvist, Pia L\u00f6nnborg, Anneli Carlsson, Elisabeth Karlsson, Anita Westerlund och Carina Elg.<br>\u00a7 17 Val till valberedning. Omval av Ragnvald Gustavsson, tillika sammankallande. Nyval av Helena Larsson och Ingela Ringefelt.<br>\u00a7 18 Styrelsen f\u00f6resl\u00e5r of\u00f6r\u00e4ndrad \u00e5rsavgift f\u00f6r 2027: 100 kronor f\u00f6r enskild medlem och 50 kr f\u00f6r barn och ungdom t.o.m. 25 \u00e5r. \u00c5rsm\u00f6tet beslutade bifalla styrelsens f\u00f6rslag.<br>\u00a7 19 \u00d6vriga fr\u00e5gor. <br>A. Anders Johansson presenterade id\u00e9n att bilda olika arbetsgrupper inom f\u00f6reningen. Styrelsen fick i uppdrag att komma med f\u00f6rslag p\u00e5 grupper. <br>B. En m\u00f6tesdeltagare undrade hur f\u00f6reningen f\u00e5r ut information om sitt program. Styrelsen h\u00e4nvisade till hemsidan, S\u00e4vsj\u00f6Appen, Face Book, Instagram och affischering i samh\u00e4llet. <br>C. Robin Hammarstedt avtackades f\u00f6r sitt uppdrag i valberedningen och Bengt Sverlander tackades f\u00f6r kv\u00e4llens ordf\u00f6randeskap.<br>\u00a7 20 Ordf. tackar styrelsen och valberedningen f\u00f6r ett gott arbete och avslutar m\u00f6tet.<\/p>\n\n\n\n<p>Dag som ovan <br>Kerstin Carlsson\/Bengt Sverlander<br>Sekr.\/Ordf.<\/p>\n\n\n\n<p>Justeras:<br>Anita Sj\u00f6berg\/Mari Gustavsson<\/p>\n","protected":false},"excerpt":{"rendered":"<p>Plats: Skeppet, MissionskyrkanN\u00e4rvarande: Ca 50 medlemmar \u00a7 1 B\u00f6rje Cronvall h\u00e4lsade v\u00e4lkommen och f\u00f6rklarade \u00e5rsm\u00f6tet \u00f6ppnat.\u00a7 2 Till ordf\u00f6rande f\u00f6r<\/p>\n","protected":false},"author":1,"featured_media":0,"parent":0,"menu_order":0,"comment_status":"closed","ping_status":"closed","template":"","meta":{"footnotes":""},"class_list":["post-7371","page","type-page","status-publish","hentry"],"_links":{"self":[{"href":"https:\/\/vrigstadshembygdsforening.se\/index.php?rest_route=\/wp\/v2\/pages\/7371","targetHints":{"allow":["GET"]}}],"collection":[{"href":"https:\/\/vrigstadshembygdsforening.se\/index.php?rest_route=\/wp\/v2\/pages"}],"about":[{"href":"https:\/\/vrigstadshembygdsforening.se\/index.php?rest_route=\/wp\/v2\/types\/page"}],"author":[{"embeddable":true,"href":"https:\/\/vrigstadshembygdsforening.se\/index.php?rest_route=\/wp\/v2\/users\/1"}],"replies":[{"embeddable":true,"href":"https:\/\/vrigstadshembygdsforening.se\/index.php?rest_route=%2Fwp%2Fv2%2Fcomments&post=7371"}],"version-history":[{"count":2,"href":"https:\/\/vrigstadshembygdsforening.se\/index.php?rest_route=\/wp\/v2\/pages\/7371\/revisions"}],"predecessor-version":[{"id":7374,"href":"https:\/\/vrigstadshembygdsforening.se\/index.php?rest_route=\/wp\/v2\/pages\/7371\/revisions\/7374"}],"wp:attachment":[{"href":"https:\/\/vrigstadshembygdsforening.se\/index.php?rest_route=%2Fwp%2Fv2%2Fmedia&parent=7371"}],"curies":[{"name":"wp","href":"https:\/\/api.w.org\/{rel}","templated":true}]}}