{"id":7353,"date":"2026-03-11T17:42:01","date_gmt":"2026-03-11T17:42:01","guid":{"rendered":"https:\/\/vrigstadshembygdsforening.se\/?page_id=7353"},"modified":"2026-03-11T17:44:43","modified_gmt":"2026-03-11T17:44:43","slug":"goran-lindblad","status":"publish","type":"page","link":"https:\/\/vrigstadshembygdsforening.se\/?page_id=7353","title":{"rendered":"G\u00f6ran Lindblad"},"content":{"rendered":"\n<p>I en film har G\u00f6ran ber\u00e4ttat lite om sitt liv, sin aff\u00e4r och om sin idrottskarri\u00e4r som bl.a. omfattar en A-landskamp mot Danmark (<a href=\"https:\/\/www.youtube.com\/watch?v=QX5NVwXtS5k\">se filmen<\/a>).<\/p>\n\n\n\n<p>Efter landskampen b\u00f6rjade planeringen inf\u00f6r VM 1958 och G\u00f6ran var bl.a. med p\u00e5 ett tr\u00e4ningsl\u00e4ger i V\u00e5l\u00e5dalen. Han fick ocks\u00e5 ett brev d\u00e4r han uppmanades att tr\u00e4na \u00e4ven under vintern inf\u00f6r kommande s\u00e4songer:<\/p>\n\n\n\n<figure class=\"wp-block-image size-large\"><img loading=\"lazy\" decoding=\"async\" width=\"697\" height=\"1024\" src=\"https:\/\/media.vrigstadshembygdsforening.se\/\/Goran-L_56-697x1024.jpg\" alt=\"\" class=\"wp-image-7356\" srcset=\"https:\/\/media.vrigstadshembygdsforening.se\/Goran-L_56-697x1024.jpg 697w, https:\/\/media.vrigstadshembygdsforening.se\/Goran-L_56-204x300.jpg 204w, https:\/\/media.vrigstadshembygdsforening.se\/Goran-L_56-768x1128.jpg 768w, https:\/\/media.vrigstadshembygdsforening.se\/Goran-L_56-1045x1536.jpg 1045w, https:\/\/media.vrigstadshembygdsforening.se\/Goran-L_56.jpg 1330w\" sizes=\"auto, (max-width: 697px) 100vw, 697px\" \/><\/figure>\n","protected":false},"excerpt":{"rendered":"<p>I en film har G\u00f6ran ber\u00e4ttat lite om sitt liv, sin aff\u00e4r och om sin idrottskarri\u00e4r som bl.a. omfattar en<\/p>\n","protected":false},"author":1,"featured_media":0,"parent":0,"menu_order":0,"comment_status":"closed","ping_status":"closed","template":"","meta":{"footnotes":""},"class_list":["post-7353","page","type-page","status-publish","hentry"],"_links":{"self":[{"href":"https:\/\/vrigstadshembygdsforening.se\/index.php?rest_route=\/wp\/v2\/pages\/7353","targetHints":{"allow":["GET"]}}],"collection":[{"href":"https:\/\/vrigstadshembygdsforening.se\/index.php?rest_route=\/wp\/v2\/pages"}],"about":[{"href":"https:\/\/vrigstadshembygdsforening.se\/index.php?rest_route=\/wp\/v2\/types\/page"}],"author":[{"embeddable":true,"href":"https:\/\/vrigstadshembygdsforening.se\/index.php?rest_route=\/wp\/v2\/users\/1"}],"replies":[{"embeddable":true,"href":"https:\/\/vrigstadshembygdsforening.se\/index.php?rest_route=%2Fwp%2Fv2%2Fcomments&post=7353"}],"version-history":[{"count":2,"href":"https:\/\/vrigstadshembygdsforening.se\/index.php?rest_route=\/wp\/v2\/pages\/7353\/revisions"}],"predecessor-version":[{"id":7357,"href":"https:\/\/vrigstadshembygdsforening.se\/index.php?rest_route=\/wp\/v2\/pages\/7353\/revisions\/7357"}],"wp:attachment":[{"href":"https:\/\/vrigstadshembygdsforening.se\/index.php?rest_route=%2Fwp%2Fv2%2Fmedia&parent=7353"}],"curies":[{"name":"wp","href":"https:\/\/api.w.org\/{rel}","templated":true}]}}