{"id":721,"date":"2015-07-18T18:27:29","date_gmt":"2015-07-18T18:27:29","guid":{"rendered":"http:\/\/vrigstadshembygdsforening.se\/?page_id=721"},"modified":"2020-08-18T16:30:18","modified_gmt":"2020-08-18T16:30:18","slug":"det-hande-i-vrigstad","status":"publish","type":"page","link":"https:\/\/vrigstadshembygdsforening.se\/?page_id=721","title":{"rendered":"Det h\u00e4nde i Vrigstad"},"content":{"rendered":"<p><strong>En bilderbok<\/strong><br \/>\nI samband med jubileumsutst\u00e4llningen i Vrigstads skola, s\u00f6ndagen den 20 september 1998, presenterade Hembygdsf\u00f6reningen sin nya bok &#8221;Det h\u00e4nde i Vrigstad &#8211; en bilderbok&#8221;.<\/p>\n<p><a href=\"https:\/\/media.vrigstadshembygdsforening.se\/\/2015\/07\/Publ_Dethande.jpg\"><img loading=\"lazy\" decoding=\"async\" class=\"alignnone size-full wp-image-722\" src=\"https:\/\/media.vrigstadshembygdsforening.se\/\/2015\/07\/Publ_Dethande.jpg\" alt=\"Publ_Dethande\" width=\"700\" height=\"618\" srcset=\"https:\/\/media.vrigstadshembygdsforening.se\/2015\/07\/Publ_Dethande.jpg 700w, https:\/\/media.vrigstadshembygdsforening.se\/2015\/07\/Publ_Dethande-300x265.jpg 300w\" sizes=\"auto, (max-width: 700px) 100vw, 700px\" \/><\/a><\/p>\n<p>Boken \u00e4r sammanst\u00e4lld av Stig Marz och Rudolf Thunander. I f\u00f6rordet skriver dessa: &#8221;Det finns goda sk\u00e4l f\u00f6r Hembygdsf\u00f6reningen att ge ut en bilderbok i \u00e5r. Dels v\u00e4xer bildarkivet st\u00e4ndigt med fler och fler bilder, som m\u00e5nga kanske inte f\u00e5r tillf\u00e4lle att se, och dels har bilder fr\u00e5n arkivet inte publicerats i bokform sedan maj 1993.<\/p>\n<p>Ett annat gott sk\u00e4l f\u00f6r att tiden nu kan vara mogen f\u00f6r en ny bok \u00e4r att f\u00f6reningen fyller 50 \u00e5r och vid sin sida har tv\u00e5 andra vrigstadsjubilarer: skolan, som fyller 350 \u00e5r och Posten, som fyller 150.&#8221;<\/p>\n<p>I boken publiceras gamla och nya bilder fr\u00e5n bygden, dock inga tidigare publicerade. H\u00e4r finns bilder fr\u00e5n f\u00f6reningens verksamhet, alltifr\u00e5n fester och utflykter f\u00f6r 50 \u00e5r sedan till \u00e5rsm\u00f6tet 1998, fr\u00e5n den jubilerande Posten och den anrika skolan samt mycket annat av det som h\u00e4nde i Vrigstad.<\/p>\n<p>Boken bygger p\u00e5 ett antal tema &#8211; bl. a. Skolan i Vrigstad, med information om bl. a. G\u00f6ran Gyllenstierna som grundade Vrigstads f\u00f6rsta skola \u00e5r 1648.<\/p>\n<p><strong>Vi \u00e4r lika gamla som Hembygdsf\u00f6reningen!<\/strong><br \/>\n<img loading=\"lazy\" decoding=\"async\" src=\"https:\/\/vrigstadshembygdsforening.se\/Bilder\/Publ\/klass48.jpg\" alt=\"JPG-bild: klass48.jpg\" width=\"364\" height=\"209\" border=\"0\"><br \/>\nBarnen i denna klassen \u00e4r f\u00f6dda 1948 och b\u00f6rjade l\u00e5gstadiet 1955. Klassens l\u00e4rarinna var Sonja Liew.<\/p>\n<p>Pr\u00e4stg\u00e5rden som blev v\u00e4rdshus, Tingshuset som blev pensionat, Hembygdsf\u00f6reningens stugor och J\u00f6nk\u00f6pingsv\u00e4gen \u00e4r ytterligare teman i boken &#8211; liksom Att \u00e5ka, d\u00e4r ett antal fortskaffningsmedel presenteras.<\/p>\n<p><strong>Mopedens int\u00e5g<\/strong> <img loading=\"lazy\" decoding=\"async\" src=\"https:\/\/vrigstadshembygdsforening.se\/Bilder\/Publ\/moped.jpg\" alt=\"JPG-bild: moped.jpg\" width=\"354\" height=\"254\" border=\"0\"><br \/>\nGustav Karlsson f\u00f6revisar sin moped f\u00f6r fr. v. Rolf Wolfram, Otto Svensson, Helge Gr\u00f6nberg och Thomas \u00c5hl\u00e9n (skymd). Bilden \u00e4r tagen 1952.<\/p>\n<p>P\u00e5 jakt \u00e4r en rubrik som inneh\u00e5ller m\u00e5nga bildillustrationer fr\u00e5n Vrigstad. Om vilttillg\u00e5ngen i l\u00e4net 1925 kan vi bl. a. l\u00e4sa f\u00f6ljande: &#8221;\u00c4lg: Den tre\u00e5riga fridlysningen, som troligen slutar med 1925, har varit v\u00e4lg\u00f6rande. N\u00e5gon \u00f6kning av best\u00e5ndet. Sparsamhet vid 1926 \u00e5rs jakt n\u00f6dv\u00e4ndig. R\u00e5djur: Stammen ytterst svag. Hare: Tillg\u00e5ngen den b\u00e4sta p\u00e5 m\u00e5nga \u00e5r. Tj\u00e4der: Tillg\u00e5ngen n\u00e4ra medelm\u00e5ttig. Orre: Ringa tillg\u00e5ng. R\u00e4v: N\u00e5gon minskning, beroende p\u00e5 intensivare jakt p\u00e5 grund av h\u00f6ga skinnpriser.&#8221;<\/p>\n<p><strong>\u00c4lgjakt omkring 1910<\/strong><br \/>\n<img loading=\"lazy\" decoding=\"async\" src=\"https:\/\/vrigstadshembygdsforening.se\/Bilder\/Publ\/alg.jpg\" alt=\"\" width=\"280\" height=\"239\" border=\"0\"><br \/>\nAlgot Andersson, J\u00e4gersro var en skicklig j\u00e4gare. Algot st\u00e5r i mitten vid sitt byte, som fotografen f\u00f6r s\u00e4kerhets skull har skrivit &#8221;\u00e4lg&#8221; p\u00e5. Till v\u00e4nster st\u00e5r Albert Stensson och till h\u00f6ger Algots son, Karl Algotsson.<\/p>\n<p><strong>Skatten i Koppardammen<\/strong><br \/>\nKoppardammen vid Moen \u00e4r omsusad av s\u00e4gner. En kopparkista fylld med pengar p\u00e5st\u00e5s vara g\u00f6md i dess djup. Den 5 juni 1977 hade Hembygdsf\u00f6reningen tillsammans med Stockaryds Dykarklubb best\u00e4mt sig f\u00f6r att ta reda p\u00e5 vilka skatter och hemligheter som kunde d\u00f6lja sig under den trolska ytan. \u00d6ver 800 personer kantade str\u00e4nderna n\u00e4r dykningarna b\u00f6rjade.<\/p>\n<p><img loading=\"lazy\" decoding=\"async\" src=\"https:\/\/vrigstadshembygdsforening.se\/Bilder\/Publ\/koppard.jpg\" alt=\"JPG-bild: koppard.jpg\" width=\"396\" height=\"265\" border=\"0\"><br \/>\nEn &#8221;st\u00e5lh\u00e4st&#8221; var ett av de fynd dykarna fann.<\/p>\n<p>Utgiven av Vrigstads Hembygdsf\u00f6rening.<br \/>\nUpplaga: 700 ex.<br \/>\nRedaktion: Stig Marz och Rudolf Thunander.<br \/>\nTryckt: Augusti 1998.<\/p>\n","protected":false},"excerpt":{"rendered":"<p>En bilderbok I samband med jubileumsutst\u00e4llningen i Vrigstads skola, s\u00f6ndagen den 20 september 1998, presenterade Hembygdsf\u00f6reningen sin nya bok &#8221;Det<\/p>\n","protected":false},"author":1,"featured_media":0,"parent":0,"menu_order":0,"comment_status":"closed","ping_status":"open","template":"","meta":{"footnotes":""},"class_list":["post-721","page","type-page","status-publish","hentry"],"_links":{"self":[{"href":"https:\/\/vrigstadshembygdsforening.se\/index.php?rest_route=\/wp\/v2\/pages\/721","targetHints":{"allow":["GET"]}}],"collection":[{"href":"https:\/\/vrigstadshembygdsforening.se\/index.php?rest_route=\/wp\/v2\/pages"}],"about":[{"href":"https:\/\/vrigstadshembygdsforening.se\/index.php?rest_route=\/wp\/v2\/types\/page"}],"author":[{"embeddable":true,"href":"https:\/\/vrigstadshembygdsforening.se\/index.php?rest_route=\/wp\/v2\/users\/1"}],"replies":[{"embeddable":true,"href":"https:\/\/vrigstadshembygdsforening.se\/index.php?rest_route=%2Fwp%2Fv2%2Fcomments&post=721"}],"version-history":[{"count":3,"href":"https:\/\/vrigstadshembygdsforening.se\/index.php?rest_route=\/wp\/v2\/pages\/721\/revisions"}],"predecessor-version":[{"id":4332,"href":"https:\/\/vrigstadshembygdsforening.se\/index.php?rest_route=\/wp\/v2\/pages\/721\/revisions\/4332"}],"wp:attachment":[{"href":"https:\/\/vrigstadshembygdsforening.se\/index.php?rest_route=%2Fwp%2Fv2%2Fmedia&parent=721"}],"curies":[{"name":"wp","href":"https:\/\/api.w.org\/{rel}","templated":true}]}}