{"id":700,"date":"2015-07-18T16:09:56","date_gmt":"2015-07-18T16:09:56","guid":{"rendered":"http:\/\/vrigstadshembygdsforening.se\/?page_id=700"},"modified":"2020-08-18T15:34:35","modified_gmt":"2020-08-18T15:34:35","slug":"vrigstad-if-20-ar","status":"publish","type":"page","link":"https:\/\/vrigstadshembygdsforening.se\/?page_id=700","title":{"rendered":"Vrigstad IF 20 \u00e5r"},"content":{"rendered":"<p>Egentligen \u00e4r jag ol\u00e4mplig att ber\u00e4tta VIF:s historia eftersom jag ju inte har varit med s\u00e5 l\u00e4nge. Det jag har att s\u00e4ga \u00e4r h\u00e4mtat fr\u00e5n protokoll och anteckningar \u2013 \u00e4r det n\u00e5gra fel f\u00e5r det allts\u00e5 skyllas p\u00e5 sekreterarna. H\u00e4r finns i alla fall m\u00e5nga \u00f6gonvittnen n\u00e4rvarande i kv\u00e4ll, s\u00e5 jag hoppas att det kommer ig\u00e5ng prat om gamla tider n\u00e4r jag slutat. Om jag allts\u00e5 f\u00f6rs\u00f6ker i mycket korta drag teckna VIF:s historia f\u00e5r ni korrigera och komplettera mig genom att ber\u00e4tta historierna.<\/p>\n<p>Jag skall g\u00f6ra som gamle Daner p\u00e5 sin tid: dela upp det hela i tre punkter n\u00e5got om idrottsplatsen, n\u00e5got om andra viktigare f\u00f6reningsangel\u00e4genheter och slutligen n\u00e5got om det rent idrottsliga.<\/p>\n<p>L\u00e5ngt innan f\u00f6reningen bildades idkades det givetvis idrott. Det sprangs ikapp och drogs fingerkrok och sparkades boll. Den f\u00f6rsta fotbollen kom till Vrigstad omkring 1927 (insamling \u00e1 25 \u00f6re, knodd hos Henrik Karlsson). De f\u00f6rsta fotbollsskorna kom inte s\u00e5 l\u00e5ngt efter, John Pettersson f\u00f6ljdes av en talrik \u00e5sk\u00e5darmassa n\u00e4r han t\u00e5gade upp till marknadsplatsen f\u00f6r att provskjuta dem.<\/p>\n<p>Det spelades allts\u00e5 fotboll, p\u00e5 torget och i Lundbergs f\u00e5rahage, d\u00e4r Nydahl h\u00f6ll p\u00e5 att omkomma vid ett tillf\u00e4lle eftersom en bekv\u00e4m sittplats p\u00e5 en sten l\u00e5g inne p\u00e5 planen och d\u00e4r \u00c5ke Ek d\u00f6mde en match mot Lammhult s\u00e5 opartiskt att han fick h\u00e5lla sig g\u00f6md i Br\u00f6dernas k\u00e4llare hela s\u00f6ndagseftermiddagen.<\/p>\n<p>1931 spelades det ordnade matcher och p\u00e5 h\u00f6sten 1931 iordningst\u00e4lldes den nuvarande idrottsplatsen f\u00f6r f\u00f6rsta g\u00e5ngen. Ungdomarna hade d\u00e5 gott st\u00f6d av dr Hulten, som f\u00f6rskotterade kostnaderna och st\u00e4llde sig till f\u00f6rfogande som ordf\u00f6rande i en interimstyrelse f\u00f6r att g\u00f6ra ett stadgef\u00f6rslag och den 24 februari<br \/>\n1932 (imorgon f\u00f6r 20 \u00e5r sedan) kallade interimsstyrelsen till sammantr\u00e4de i kommunalsalen. Det beslutades d\u00e5, att bilda en idrottsf\u00f6rening.<\/p>\n<p>Den f\u00f6rsta styrelsen: Gustaf Hult\u00e9n, ordf., Axel Dahlqvist, v. ordf., Erik Hallstr\u00f6m, kass\u00f6r, Torsten Haegerstam, sekr., S Haegerstam, v. sekr. och Simon Svensson intendent. Suppleanter blev Hjalmar Wink, Tage Lindstr\u00f6m och Sven Gunler. Det valdes sektioner f\u00f6r allm\u00e4n idrott, fotboll, bandy och gymnastik. Gymnastiksektionen \u00e4r en ytterst imponerande samling \u00e4ldre och f\u00f6rmodligen sp\u00e4nstiga herrar: EA Crona, Gustaf Hult\u00e9n, Axel Dah1qvist och Sigfrid Haegerstam.<\/p>\n<p>Man startade med en skuld p\u00e5 482:21 kr. Idrottsplatsen hade kostat 759:49 kr att st\u00e4lla i ordning. D\u00e4r spelades det sedan boll till 1934 d\u00e5 ytterligare f\u00f6rb\u00e4ttringar utf\u00f6rdes. Det kostade 300 kr och de pengarna skaffades genom att man drog en v\u00e4xel p\u00e5 300 kr med Erland Nyqvist och Hjalmar Hallstr\u00f6m som v\u00e4xeltecknare.<\/p>\n<p>Redan 1938 b\u00f6rjade man planera ett omkl\u00e4dningsrum. Sven Gunler f\u00f6reslog p\u00e5 ett m\u00f6te att man borde f\u00f6rs\u00f6ka k\u00f6pa en AK-barack och flytta till idrottsplatsen. Det blev ingenting f\u00f6rr\u00e4n 1943, d\u00e5 nuvarande paviljongen k\u00f6ptes. Sedan blev det d\u00e5 1946 och Olle Cesar satte ig\u00e5ng: det \u00e5ret k\u00f6ptes idrottsplatsen av kommunen f\u00f6r 100 kronor p\u00e5 vissa inte alltf\u00f6r betungande villkor. 1946 valdes det ocks\u00e5 idrottsplatskommitt\u00e9. V\u00e5ren 1947 motionerades i fullm\u00e4ktige om anslag &#8211; d\u00e5 var jag \u00f6gonvittne och kan ber\u00e4tta den dr\u00e5p1igahistorien om n\u00e4r Georg Andersson och jag lurade Vrigstad kommun p\u00e5 7.000 kronor!<\/p>\n<p>F\u00f6rberedelserna kom ig\u00e5ng: 1948 s\u00e5ldes skogen p\u00e5 planen, 1949 ans\u00f6ktes om arbetstillst\u00e5nd, 1950 tecknades kontraktet med Skogsv\u00e4gar och 1951 blev det gjort det mesta och 1952 jubileums\u00e5ret hoppas vi att den nya planen kan invigas Om jag nu skulle f\u00e5 n\u00f6jet att bereda herrskapet en liten chock kan jag tala om att f\u00f6reningen byggt idrottsplatsen utan att p\u00e5 n\u00e5got m\u00f6te ha beslutat n\u00e5gonting om den saken! Det finns faktiskt inget formellt beslut p\u00e5 att bygga om idrottsplatsen! Nu \u00e4r det i det n\u00e4rmaste gjort \u00e4nd\u00e5 och det vittnar gott om moralen hos medlemmarna eller ocks\u00e5 om bristande utf\u00f6rlighet hos sekreteraren.<\/p>\n<p>1935 ordnades det en t\u00e4vling om vilket namn idrottsplatsen borde ha. Det f\u00f6reslogs Furuvallen, Cyrisvallen, Stavlundavallen, Videvallen m.m. Lennart Lind-blads f\u00f6rslag s\u00e4ger synnerligen mycket om f\u00f6reningens problem och kanske ocks\u00e5 n\u00e5got om vad idrottsplatsen p\u00e5 den tiden anv\u00e4ndes till: han f\u00f6reslog Tangodalen. Det dansades n\u00e4mligen inte s\u00e5 s\u00e4llan d\u00e4r och det h\u00f6lls fester.<\/p>\n<p>Redan f\u00f6reningens andra m\u00f6te efter bildandet b\u00f6rjar det vimla av festkommitt\u00e9er. Den f\u00f6rsta festen h\u00f6lls den 24 juli 1932 p\u00e5 idrottsplatsen. Programmet var Dans, skjutbana, roseng\u00e5rd med 250 blommor, gissningst\u00e4vlan, kaffeservering. 1933 var det fest igen med match mellan gubblag och damlag och med cykelt\u00e4vling Vrigstad-Hj\u00e4lmseryd-Stockaryd -Vrigstad. Vem som vann vet jag inte, men det v\u00e4ckte tydligen ett visst intresse med cykel\u00e5kning f\u00f6r n\u00e4sta \u00e5rsm\u00f6te beslutades att ansluta f\u00f6rening till Svenska Velocipedf\u00f6reningen. Den d\u00e4r cykelt\u00e4vlingen p\u00e5 sommarfesten \u00e5terkom sedan flera \u00e5r.<\/p>\n<p>\u00c4ven andra stolta idrotter idkades p\u00e5 festerna, t.ex. 1934 d\u00e5 det f\u00f6rekom cykelt\u00e4vling samt s\u00e4ckl\u00f6pning 100 m och l\u00f6pning med \u00e4gg i sked 100 meter. Mot slutet av 30-talet blev festerna i Lunden ist\u00e4llet. Det skar ihop sig lite med kommunen ifr\u00e5ga om dansen. Kommunaln\u00e4mden skrev och fr\u00e5gade vid ett tillf\u00e4lle hur mycket f\u00f6reningen ville ha i anslag \u00e5rligen f\u00f6r att l\u00e4gga fler dansen. Vad man svarade st\u00e5r inte i protokollet men jag har h\u00f6rt att man uppskattade inkomsterna p\u00e5 synden i Lunden till 4.000 kr. Det kom ingen mer skrivelse fr\u00e5n kommunaln\u00e4mnden sedan.<\/p>\n<p>Vid kommunalfullm\u00e4ktigevalet 1942 intr\u00e4ffade det ganska unika h\u00e4ndelsen att f\u00f6reningen gick fram med en egen lista och ocks\u00e5 valde in en representant &#8211; Erik Hallstr\u00f6m. Den hette Allm\u00e4nna Listan men kallades Danslistan: f\u00f6ljande namn: Erik Hallstr\u00f6m, Tage Maars, \u00c5ke Pettersson, Sture Johansson, Mandli Svensson, Ture Carlsson, Georg Andersson och Conny Jonsson. Det var allts\u00e5 en protest mot den sn\u00e5la tilldelningen p\u00e5 danskv\u00e4llar.<\/p>\n<p>Det var 1942 det, d\u00e5 var det ocks\u00e5 10-\u00e5rsjubileum i biograflokalen. Innan dess hade det varit mycket bekymmer b\u00e5de med styrelse och sektioner och fotbollslag p\u00e5 grund av inkallelserna. Kriget s\u00e4tter ocks\u00e5 sina sp\u00e5r i protokollen p\u00e5 annat s\u00e4tt, det ansl\u00e5s pengar till Norge och Finland och framf\u00f6r allt ordnas det riksmarsch, d\u00e5 hela samh\u00e4llet bokstavligen gick man ur huse &#8211; man gick f\u00f6rresten \u00e4nda till H\u00e4llaryd och v\u00e4nde.<\/p>\n<p>Texten \u00e4r skriven av Rudolf Thunander och presenterad vid Vrigstad IF:s 20-\u00e5rsjubileum den 23 februari 1952 p\u00e5 Sturesalen i S\u00e4vsj\u00f6. \u00a9 Rudolf Thunander.<\/p>\n","protected":false},"excerpt":{"rendered":"<p>Egentligen \u00e4r jag ol\u00e4mplig att ber\u00e4tta VIF:s historia eftersom jag ju inte har varit med s\u00e5 l\u00e4nge. Det jag har<\/p>\n","protected":false},"author":1,"featured_media":0,"parent":0,"menu_order":0,"comment_status":"closed","ping_status":"open","template":"","meta":{"footnotes":""},"class_list":["post-700","page","type-page","status-publish","hentry"],"_links":{"self":[{"href":"https:\/\/vrigstadshembygdsforening.se\/index.php?rest_route=\/wp\/v2\/pages\/700","targetHints":{"allow":["GET"]}}],"collection":[{"href":"https:\/\/vrigstadshembygdsforening.se\/index.php?rest_route=\/wp\/v2\/pages"}],"about":[{"href":"https:\/\/vrigstadshembygdsforening.se\/index.php?rest_route=\/wp\/v2\/types\/page"}],"author":[{"embeddable":true,"href":"https:\/\/vrigstadshembygdsforening.se\/index.php?rest_route=\/wp\/v2\/users\/1"}],"replies":[{"embeddable":true,"href":"https:\/\/vrigstadshembygdsforening.se\/index.php?rest_route=%2Fwp%2Fv2%2Fcomments&post=700"}],"version-history":[{"count":2,"href":"https:\/\/vrigstadshembygdsforening.se\/index.php?rest_route=\/wp\/v2\/pages\/700\/revisions"}],"predecessor-version":[{"id":3884,"href":"https:\/\/vrigstadshembygdsforening.se\/index.php?rest_route=\/wp\/v2\/pages\/700\/revisions\/3884"}],"wp:attachment":[{"href":"https:\/\/vrigstadshembygdsforening.se\/index.php?rest_route=%2Fwp%2Fv2%2Fmedia&parent=700"}],"curies":[{"name":"wp","href":"https:\/\/api.w.org\/{rel}","templated":true}]}}