{"id":70,"date":"2015-07-12T16:22:33","date_gmt":"2015-07-12T16:22:33","guid":{"rendered":"http:\/\/vrigstadshembygdsforening.se\/?page_id=70"},"modified":"2020-08-18T15:21:54","modified_gmt":"2020-08-18T15:21:54","slug":"lundholmen","status":"publish","type":"page","link":"https:\/\/vrigstadshembygdsforening.se\/?page_id=70","title":{"rendered":"Lundholmen"},"content":{"rendered":"<p>Den 4 juni 1570 erh\u00f6ll rikskanslern Nils Gyllenstierna friherreskapet Lundholmen som f\u00f6rl\u00e4ning av konung Johan III.<\/p>\n<p>Genom reduktionen 1680 \u00e5tergick godset till kronan.<br \/>\n\u00c5r 1699 uppf\u00f6rdes huvudbyggnaden av friherre Str\u00f6mfelt. 1885 f\u00f6rst\u00f6rdes den genom brand, men \u00e5teruppbyggdes i ursprungligt skick.<br \/>\nAv 1700- och 1800-talets \u00e4gare kan n\u00e4mnas K\u00f6nig, landsh\u00f6vding J. A. Stedt, brukspatron C. H. Rydb\u00e4ck, professor N. S. Fredriksson samt efter 1870 Vessberg.<\/p>\n<p><a href=\"https:\/\/media.vrigstadshembygdsforening.se\/\/2015\/07\/Lundholmen.jpg\"><img loading=\"lazy\" decoding=\"async\" class=\" size-full wp-image-71 alignleft\" src=\"https:\/\/media.vrigstadshembygdsforening.se\/\/2015\/07\/Lundholmen.jpg\" alt=\"Lundholmen\" width=\"700\" height=\"462\" srcset=\"https:\/\/media.vrigstadshembygdsforening.se\/2015\/07\/Lundholmen.jpg 700w, https:\/\/media.vrigstadshembygdsforening.se\/2015\/07\/Lundholmen-300x198.jpg 300w\" sizes=\"auto, (max-width: 700px) 100vw, 700px\" \/><\/a>Vykort fr\u00e5n sekelskiftet.&nbsp;&nbsp;(Bildarkivet).<\/p>\n<p>\u00c5r 1910 ink\u00f6ptes egendomen av grosshandlare J. P. Carlsson. \u00c4gare 1918 blev dennes son C. G. Lundberg och efter 1951 fru M\u00e4rta Lundberg.<\/p>\n","protected":false},"excerpt":{"rendered":"<p>Den 4 juni 1570 erh\u00f6ll rikskanslern Nils Gyllenstierna friherreskapet Lundholmen som f\u00f6rl\u00e4ning av konung Johan III. Genom reduktionen 1680 \u00e5tergick<\/p>\n","protected":false},"author":1,"featured_media":0,"parent":0,"menu_order":0,"comment_status":"closed","ping_status":"open","template":"","meta":{"footnotes":""},"class_list":["post-70","page","type-page","status-publish","hentry"],"_links":{"self":[{"href":"https:\/\/vrigstadshembygdsforening.se\/index.php?rest_route=\/wp\/v2\/pages\/70","targetHints":{"allow":["GET"]}}],"collection":[{"href":"https:\/\/vrigstadshembygdsforening.se\/index.php?rest_route=\/wp\/v2\/pages"}],"about":[{"href":"https:\/\/vrigstadshembygdsforening.se\/index.php?rest_route=\/wp\/v2\/types\/page"}],"author":[{"embeddable":true,"href":"https:\/\/vrigstadshembygdsforening.se\/index.php?rest_route=\/wp\/v2\/users\/1"}],"replies":[{"embeddable":true,"href":"https:\/\/vrigstadshembygdsforening.se\/index.php?rest_route=%2Fwp%2Fv2%2Fcomments&post=70"}],"version-history":[{"count":2,"href":"https:\/\/vrigstadshembygdsforening.se\/index.php?rest_route=\/wp\/v2\/pages\/70\/revisions"}],"predecessor-version":[{"id":4256,"href":"https:\/\/vrigstadshembygdsforening.se\/index.php?rest_route=\/wp\/v2\/pages\/70\/revisions\/4256"}],"wp:attachment":[{"href":"https:\/\/vrigstadshembygdsforening.se\/index.php?rest_route=%2Fwp%2Fv2%2Fmedia&parent=70"}],"curies":[{"name":"wp","href":"https:\/\/api.w.org\/{rel}","templated":true}]}}