{"id":677,"date":"2015-07-18T15:04:39","date_gmt":"2015-07-18T15:04:39","guid":{"rendered":"http:\/\/vrigstadshembygdsforening.se\/?page_id=677"},"modified":"2020-08-18T16:30:42","modified_gmt":"2020-08-18T16:30:42","slug":"die-kirche-vom-vrigstad","status":"publish","type":"page","link":"https:\/\/vrigstadshembygdsforening.se\/?page_id=677","title":{"rendered":"Die Kirche vom Vrigstad"},"content":{"rendered":"<p>Sehr verehrte deutschsprachige Besucher! Wir begr\u00fcssen Sie herzlich in det Kirche von Vrigstad, und bitten im folgenden Ihnen eine kurze Information \u00fcber ihre Baugeschichte, ihre heutige Gestaltung und ihre Kunstgegenst\u00e4nde geben zu d\u00fcrfen.<\/p>\n<p>Zur Baugeschichte und Architektur Die Kirche wurde 1865 gebaut, um der damals schnell wachsenden Gemeinde von Vrigstad einen w\u00fcrdevollen Raum f\u00fcr ihre Gottesdienste zu geben. Die alte im 12. Jh. gebaute Kirche war zu bauf\u00e4llig und klein geworden, und musste einfach abgerissen werden. Sie lag gleich s\u00fcdlich der heutigen, und wir kennen sie durch Abbildungen (im Aufenthaltsraum unter der Empore) und Beschreibungen.<\/p>\n<p>1963 wurde die Kirche unter Leitung von dem Architekten Lars Stalin durchgreifend restauriert. Architektonische Mittel vom vorigen Jh, vor allem Holzdekorationen in symmetrischen Mustern wurden bei der Restaurierung von ihm aufbewahrt und weiterentwickelt. Solche Muster findet man h\u00e4ufig in der Kirche, z.B. an der Kanzel, an den S\u00e4ulen und an der Empore. Die zw\u00f6lf S\u00e4ulen, die den Innenraum in Langhaus und Seitenschiffe aufteilen, tragen zw\u00f6lf Kronleuchter aus Messing. Jeder hat oben einen h\u00f6lzernen Gegenstand, der auf die Attribute der zw\u00f6lf Apostel zielt. Diese Attribute &#8211; ein Schl\u00fcssel f\u00fcr Petrus, ein Kelch f\u00fcr Johannes, eine S\u00e4ge f\u00fcr Simon u s w &#8211; sind auch in den Altartisch eingelegt worden. So \u00fcbermittelt die Architektur eine Botschaft, und zwar dass Christus seine heutige Gemeinde genau so wie einmal seine erste auf einfache Leute wie die Apostel baut, die die Aufgabe haben, das Licht durch die Welt zu tragen.<\/p>\n<p>Dass Holz und h\u00f6lzerne Dekorationen eine Hauptrolle f\u00fcr die Gestaltung des Innenraumes, und dass gerade B\u00e4ume das Hauptmotiv der Chorfenster sind, l\u00e4sst sich vielleicht daraus erkl\u00e4ren, dass die Kirche von Vrigstad mitten in den W\u00e4ldern des s\u00fcdschwedischen Hochlandes liegt.<\/p>\n<p>Chorfenster Die Chorfenster wurden 1963 eingesetzt. Sie wurden von dem schwedischen K\u00fcnstler Bo Beskow ausgef\u00fchrt. Die zwei mittleren steilen den Baum der Erkenntnis und den Baum des Lebens dar. Das linke Fenster zeigt, wie der Mensch sich nach den verbotenen Fruchten streckt, wie er aber von dem flammenden Schwert weggetrieben wird und herunterst\u00fcrzt. Im rechten Fenster geht der Weg zur Erl\u00f6sung durch die Taufe und das Wort, dann an die St\u00e4tte Golgatha. Oben das Kreuz und der Ring als Symbol der Ewigkeit und der Allmacht Gottes.<\/p>\n<p>Die flankierenden Doppelfenster unterstreichen und erg\u00e4nzen das Baummotiv.<\/p>\n<p>Die Orgel Bei der Restaurierung wurde der Chor freigelegt, was den freistehenden Altar erm\u00f6glichte, und der neuen Orgel im Chor Raum liess. Die f\u00fcnfzehnstimmige Orgel wurde 1964 von dem d\u00e4nischen Orgelbauer Troels Krohn gebaut. Die alte auf der Orgelempore stammt von 1874, aber ist heute nicht mehr verwendbar.<\/p>\n<p>Der Taufstein Der \u00e4lteste Gegenstand der Kirche ist der Taufstein, eine Arbeit aus dem 12. Jh. von dem steinhauer Finvider, der auch in mehreren Nachbarkirchen Steinmetzarbeiten ausf\u00fchrte.<\/p>\n<p>Altarbilder \u00dcber dem Taufstein h\u00e4ngt ein Altarbild von der alten Kirche. Es wurde 1778 von dem smol\u00e4ndischen Kunstler Pehr H\u00f6rberq qemalt, und stellt das heilige Abendmahl dar.<\/p>\n<p>An der Wand diesem Bild gegen\u00fcber h\u00e4ngt nach eine Darstellung des heiligen Abendmahles, und zwar eine Schintzerei, die von 1865 bis 1963 als Altarschmuck diente.<\/p>\n<p>Kanzel Die Kanzel hinten im rechten Seitenschiff stand einmal in der alten Kirche und ist eine typische Barockschnitzerei aus dem 17. Jh. Die f\u00fcnf Figuren sind leider schwer besch\u00e4digt worden. Nur die zwei linken lassen sich deshalb sicher identifizieren: es sind Andreas mit dem X-Krez und Johannes mit dem Kelch. Die Sanduhr stammt von 1756.<\/p>\n<p>Grabstein Der Grabstein an der linken Wand der Eingangshalle lag viele Jahre im Chor der alten Kirche, wo der Pfarrer zu Vrigstad Benedictus (gest. 1670) mit Frau und Kindern begraben war. Nach dem Abreissen der alten Kirche lag der Stein auf dem Friedhof im Freien bis er 1899 in die Neue Kirche aufgesetzt wurde.<\/p>\n<p>\u00a9 Rudolf Thunander<\/p>\n","protected":false},"excerpt":{"rendered":"<p>Sehr verehrte deutschsprachige Besucher! Wir begr\u00fcssen Sie herzlich in det Kirche von Vrigstad, und bitten im folgenden Ihnen eine kurze<\/p>\n","protected":false},"author":1,"featured_media":0,"parent":0,"menu_order":0,"comment_status":"closed","ping_status":"open","template":"","meta":{"footnotes":""},"class_list":["post-677","page","type-page","status-publish","hentry"],"_links":{"self":[{"href":"https:\/\/vrigstadshembygdsforening.se\/index.php?rest_route=\/wp\/v2\/pages\/677","targetHints":{"allow":["GET"]}}],"collection":[{"href":"https:\/\/vrigstadshembygdsforening.se\/index.php?rest_route=\/wp\/v2\/pages"}],"about":[{"href":"https:\/\/vrigstadshembygdsforening.se\/index.php?rest_route=\/wp\/v2\/types\/page"}],"author":[{"embeddable":true,"href":"https:\/\/vrigstadshembygdsforening.se\/index.php?rest_route=\/wp\/v2\/users\/1"}],"replies":[{"embeddable":true,"href":"https:\/\/vrigstadshembygdsforening.se\/index.php?rest_route=%2Fwp%2Fv2%2Fcomments&post=677"}],"version-history":[{"count":1,"href":"https:\/\/vrigstadshembygdsforening.se\/index.php?rest_route=\/wp\/v2\/pages\/677\/revisions"}],"predecessor-version":[{"id":678,"href":"https:\/\/vrigstadshembygdsforening.se\/index.php?rest_route=\/wp\/v2\/pages\/677\/revisions\/678"}],"wp:attachment":[{"href":"https:\/\/vrigstadshembygdsforening.se\/index.php?rest_route=%2Fwp%2Fv2%2Fmedia&parent=677"}],"curies":[{"name":"wp","href":"https:\/\/api.w.org\/{rel}","templated":true}]}}