{"id":672,"date":"2015-07-18T15:01:51","date_gmt":"2015-07-18T15:01:51","guid":{"rendered":"http:\/\/vrigstadshembygdsforening.se\/?page_id=672"},"modified":"2020-08-18T15:25:46","modified_gmt":"2020-08-18T15:25:46","slug":"rudolf-thunander-berattar","status":"publish","type":"page","link":"https:\/\/vrigstadshembygdsforening.se\/?page_id=672","title":{"rendered":"Rudolf Thunander ber\u00e4ttar"},"content":{"rendered":"<p><strong>H\u00e4r presenterar vi n\u00e5gra av de f\u00f6redrag Rudolf h\u00e5llit genom \u00e5ren<\/strong>:<br \/>\n<a href=\"https:\/\/vrigstadshembygdsforening.se\/?page_id=675\"><u><span style=\"color: #0066cc;\">Alkoholens v\u00e5dor<\/span><\/u><\/a><br \/>\n<a href=\"https:\/\/vrigstadshembygdsforening.se\/?page_id=677\"><u><span style=\"color: #0066cc;\">Die Kirche vom Vrigstad<\/span><\/u><\/a><br \/>\n<a href=\"https:\/\/vrigstadshembygdsforening.se\/?page_id=679\"><u><span style=\"color: #0066cc;\">Donerade hemman<\/span><\/u><\/a><br \/>\n<a href=\"https:\/\/vrigstadshembygdsforening.se\/?page_id=681\"><u><span style=\"color: #0066cc;\">El och andra moderniteter<\/span><\/u><\/a><br \/>\n<a href=\"https:\/\/vrigstadshembygdsforening.se\/?page_id=684\"><u><span style=\"color: #0066cc;\">En gammal bok fr\u00e5n Vrigstad<\/span><\/u><\/a><br \/>\n<a href=\"https:\/\/vrigstadshembygdsforening.se\/?page_id=686\"><u><span style=\"color: #0066cc;\">Gamla Vrigstad<\/span><\/u><\/a><br \/>\n<a href=\"https:\/\/vrigstadshembygdsforening.se\/?page_id=688\"><u><span style=\"color: #0066cc;\">Gr\u00f6ndal<br \/>\n<\/span><\/u><\/a><a href=\"https:\/\/vrigstadshembygdsforening.se\/?page_id=690\"><u><span style=\"color: #0066cc;\">Natten \u00e4r drifwen bort<\/span><\/u><\/a><br \/>\n<a href=\"https:\/\/vrigstadshembygdsforening.se\/?page_id=692\"><u><span style=\"color: #0066cc;\">Ortnamn i Vrigstad socken<\/span><\/u><\/a><br \/>\n<a href=\"https:\/\/vrigstadshembygdsforening.se\/?page_id=694\"><u><span style=\"color: #0066cc;\">Skottet i Gamla Bankg\u00e5rden<\/span><\/u><\/a><br \/>\n<a href=\"https:\/\/vrigstadshembygdsforening.se\/?page_id=696\"><u><span style=\"color: #0066cc;\">Vem var Sigfrid?<\/span><\/u><\/a><br \/>\n<a href=\"https:\/\/vrigstadshembygdsforening.se\/?page_id=698\"><u><span style=\"color: #0066cc;\">Vrigstad f\u00f6rr och nu<\/span><\/u><\/a><br \/>\n<a href=\"https:\/\/vrigstadshembygdsforening.se\/?page_id=700\"><u><span style=\"color: #0066cc;\">Vrigstad IF 20 \u00e5r<\/span><\/u><\/a><br \/>\n<a href=\"https:\/\/vrigstadshembygdsforening.se\/?page_id=702\"><u><span style=\"color: #0066cc;\">Vrigstads kyrka 125 \u00e5r<\/span><\/u><\/a><\/p>\n<p>Den 21 december 2003 avled Rudolf Thunander och d\u00e5 avslutades en livsg\u00e4rning som till stor del \u00e4gnats \u00e5t kulturellt arbete, inte minst inom v\u00e5r hembygdsf\u00f6rening. Rudolf var initiativtagare till f\u00f6reningens bildande, vid ett m\u00f6te p\u00e5 Granbacken den 8 juni 1948.<\/p>\n<p>Men redan 1945 skriver Rudolf i en tidningsartikel att en hembygdsf\u00f6rening i Vrigstad planeras. Han forts\u00e4tter s\u00e5 h\u00e4r: <em>Det \u00e4r en stor brist, att det inte finns en s\u00e5dan organisation med uppgift att samla och bevara minnena fr\u00e5n g\u00e5ngen tid. \u201dUr forntids grund skall framtid spira\u201d lyder hembygdsf\u00f6reningarnas vackra motto. Det \u00e4r att hoppas, att en s\u00e5dan f\u00f6rening, n\u00e4r den kommer till st\u00e5nd, f\u00e5r stor anslutning och m\u00e5ngas st\u00f6d, i synnerhet som Vrigstad \u00e4r s\u00e5 rikt p\u00e5 v\u00e4rdefulla minnesm\u00e4rken och har en s\u00e5 intressant historia\u201d.<br \/>\n<\/em>Det blev Rudolf sj\u00e4lv som fick f\u00f6rverkliga visionen. Han blev ocks\u00e5 f\u00f6reningens f\u00f6rste ordf\u00f6rande. Den posten innehade han till 1956 d\u00e5 han ist\u00e4llet v\u00e4ljs till f\u00f6reningens kass\u00f6r, en syssla som han sedan innehade till sin bortg\u00e5ng.<\/p>\n<p><a href=\"https:\/\/media.vrigstadshembygdsforening.se\/\/2015\/07\/RTberattar.gif\"><img loading=\"lazy\" decoding=\"async\" class=\" size-full wp-image-673 alignleft\" src=\"https:\/\/media.vrigstadshembygdsforening.se\/\/2015\/07\/RTberattar.gif\" alt=\"RTberattar\" width=\"145\" height=\"178\"><\/a><\/p>\n<p>En bild fr\u00e5n Rudolfs sista framtr\u00e4dande d\u00e4r deltagarna samlades kring Rudolf, vid Boskvarn, och fick h\u00f6ra honom p\u00e5 sitt oefterh\u00e4rmliga s\u00e4tt ber\u00e4tta om de farligheter som doldes i det brusande fallet bl.a. den l\u00f6mske fiolspelande n\u00e4cken.<\/p>\n<p>Rudolf var den sj\u00e4lvskrivne huvudf\u00f6rfattaren och redakt\u00f6ren till b\u00e5de b\u00f6cker och mindre tryck som utgivits i f\u00f6reningens regi. Men han har ocks\u00e5 delat med sig av sin kunskap i bl.a. olika f\u00f6redrag. Vi publicerar ett antal av dessa, d\u00e4r Rudolf i olika sammanhang ber\u00e4ttat om Vrigstad och dess historia.<\/p>\n","protected":false},"excerpt":{"rendered":"<p>H\u00e4r presenterar vi n\u00e5gra av de f\u00f6redrag Rudolf h\u00e5llit genom \u00e5ren: Alkoholens v\u00e5dor Die Kirche vom Vrigstad Donerade hemman El<\/p>\n","protected":false},"author":1,"featured_media":0,"parent":0,"menu_order":0,"comment_status":"closed","ping_status":"open","template":"","meta":{"footnotes":""},"class_list":["post-672","page","type-page","status-publish","hentry"],"_links":{"self":[{"href":"https:\/\/vrigstadshembygdsforening.se\/index.php?rest_route=\/wp\/v2\/pages\/672","targetHints":{"allow":["GET"]}}],"collection":[{"href":"https:\/\/vrigstadshembygdsforening.se\/index.php?rest_route=\/wp\/v2\/pages"}],"about":[{"href":"https:\/\/vrigstadshembygdsforening.se\/index.php?rest_route=\/wp\/v2\/types\/page"}],"author":[{"embeddable":true,"href":"https:\/\/vrigstadshembygdsforening.se\/index.php?rest_route=\/wp\/v2\/users\/1"}],"replies":[{"embeddable":true,"href":"https:\/\/vrigstadshembygdsforening.se\/index.php?rest_route=%2Fwp%2Fv2%2Fcomments&post=672"}],"version-history":[{"count":4,"href":"https:\/\/vrigstadshembygdsforening.se\/index.php?rest_route=\/wp\/v2\/pages\/672\/revisions"}],"predecessor-version":[{"id":4264,"href":"https:\/\/vrigstadshembygdsforening.se\/index.php?rest_route=\/wp\/v2\/pages\/672\/revisions\/4264"}],"wp:attachment":[{"href":"https:\/\/vrigstadshembygdsforening.se\/index.php?rest_route=%2Fwp%2Fv2%2Fmedia&parent=672"}],"curies":[{"name":"wp","href":"https:\/\/api.w.org\/{rel}","templated":true}]}}