{"id":662,"date":"2015-07-18T11:55:00","date_gmt":"2015-07-18T11:55:00","guid":{"rendered":"http:\/\/vrigstadshembygdsforening.se\/?page_id=662"},"modified":"2020-08-18T15:31:06","modified_gmt":"2020-08-18T15:31:06","slug":"tidig-medeltid-i-vrigstad-socken","status":"publish","type":"page","link":"https:\/\/vrigstadshembygdsforening.se\/?page_id=662","title":{"rendered":"Tidig medeltid i Vrigstad socken"},"content":{"rendered":"<p>Om det fanns ytterligare en vikingatida g\u00e5rd i nuvarande Vrigstad t\u00e4tort g\u00e5r inte att p\u00e5visa, men tydligen gick de tre n\u00e4mnda g\u00e5rdarna samman och byggde en tr\u00e4kyrka d\u00e4r v\u00e5r nuvarande Tegn\u00e9rlada st\u00e5r och d\u00e4r det vid mitten av 1100-talet byggdes en romansk Njudungskyrka i sten: N\u00e4r man rev Njudungskyrkan uppt\u00e4ckte man n\u00e4mligen, att en gammal golvbr\u00e4da var f\u00f6rsedd med 1000-talets typiska drakslingor p\u00e5 under-\/baksidan. Man kan f\u00f6rmoda att det var en \u00e5teranv\u00e4nd br\u00e4da fr\u00e5n den f\u00f6rsta kyrkan. (Br\u00e4dan finns p\u00e5 Historiska Museet i Stockholm och har tills helt nyligen varit utst\u00e4lld p\u00e5 medeltidsavdelningen, vilken i skrivande stund byggs om.)<br \/>\nLiknade bybildningar, med Njudungskyrka som byggts i n\u00e4rheten av vikingatida gravf\u00e4lt, allts\u00e5 intill en st\u00f6rre g\u00e5rd, finns \u00e4ven i grannsocknarna Hylletofta, Norra Ljunga och Hj\u00e4lmseryd, dock inte i Stockaryd, som har h\u00f6ggravf\u00e4lt men saknar Njudungskyrka. Medeltidsbyn Vrigstad v\u00e4xte dock inte fr\u00e4mst upp kring kyrkan utan i trev\u00e4gskorsningen av &#8221;v\u00e4garna&#8221; mot V\u00e4xj\u00f6, Vetlanda och J\u00f6nk\u00f6ping, v\u00e4gar, eller r\u00e4ttare ridstigar, som funnits sedan vikingatid och f\u00f6rmodligen l\u00e5ngt l\u00e4ngre tillbaka.<\/p>\n<p>Sedan de f\u00f6rsta sp\u00e5ren av m\u00e4nniskan i Vrigstad har samma marker anv\u00e4nds till jakt, fiske, jordbruk och boskapssk\u00f6tsel. M\u00e4nniskorna har flyttat omkring efter tidens speciella seder och bruk, kanske ett par hundra meter s\u00f6derut en g\u00e5ng och lika l\u00e5ngt v\u00e4sterut n\u00e4sta, och kom snart tillbaka d\u00e4r de b\u00f6rjade. Sten\u00e5ldersbondesl\u00e4kten blev s\u00e5 sm\u00e5ningom brons\u00e5ldersb\u00f6nder, och n\u00e5gra dussin generationer senare j\u00e4rn\u00e5lders- och medeltidsb\u00f6nder. Folk har flyttat till och andra har flyttat fr\u00e5n, men n\u00e5gra i varje generation har f\u00f6rmodligen stannat kvar. I m\u00e5nga Vrigstadbor finns det allts\u00e5 med all sannolikhet en och en annan liten gen kvar fr\u00e5n sten\u00e5ldersm\u00e4nniskorna som kom dit f\u00f6r kanske 350 generationer sedan.<\/p>\n<p>Texten bygger p\u00e5 ett f\u00f6redrag av Nils Fabiansson, fil.mag i arkeologi.<\/p>\n<p><a href=\"https:\/\/media.vrigstadshembygdsforening.se\/\/2015\/07\/Fakta_forn_Vdmonument.gif\"><img loading=\"lazy\" decoding=\"async\" class=\" alignleft\" src=\"https:\/\/media.vrigstadshembygdsforening.se\/\/2015\/07\/Fakta_forn_Vdmonument.gif\" alt=\"Fakta_forn_Vdmonument\" width=\"170\" height=\"138\"><\/a><\/p>\n<p>Det s.k. Vrigstadsmonumentet f\u00f6rvaras i Statens Historiska Museum. Gravv\u00e5rden dateras till mitten av 1100-talet.<\/p>\n<p>&nbsp;<\/p>\n","protected":false},"excerpt":{"rendered":"<p>Om det fanns ytterligare en vikingatida g\u00e5rd i nuvarande Vrigstad t\u00e4tort g\u00e5r inte att p\u00e5visa, men tydligen gick de tre<\/p>\n","protected":false},"author":1,"featured_media":0,"parent":0,"menu_order":0,"comment_status":"closed","ping_status":"open","template":"","meta":{"footnotes":""},"class_list":["post-662","page","type-page","status-publish","hentry"],"_links":{"self":[{"href":"https:\/\/vrigstadshembygdsforening.se\/index.php?rest_route=\/wp\/v2\/pages\/662","targetHints":{"allow":["GET"]}}],"collection":[{"href":"https:\/\/vrigstadshembygdsforening.se\/index.php?rest_route=\/wp\/v2\/pages"}],"about":[{"href":"https:\/\/vrigstadshembygdsforening.se\/index.php?rest_route=\/wp\/v2\/types\/page"}],"author":[{"embeddable":true,"href":"https:\/\/vrigstadshembygdsforening.se\/index.php?rest_route=\/wp\/v2\/users\/1"}],"replies":[{"embeddable":true,"href":"https:\/\/vrigstadshembygdsforening.se\/index.php?rest_route=%2Fwp%2Fv2%2Fcomments&post=662"}],"version-history":[{"count":2,"href":"https:\/\/vrigstadshembygdsforening.se\/index.php?rest_route=\/wp\/v2\/pages\/662\/revisions"}],"predecessor-version":[{"id":4279,"href":"https:\/\/vrigstadshembygdsforening.se\/index.php?rest_route=\/wp\/v2\/pages\/662\/revisions\/4279"}],"wp:attachment":[{"href":"https:\/\/vrigstadshembygdsforening.se\/index.php?rest_route=%2Fwp%2Fv2%2Fmedia&parent=662"}],"curies":[{"name":"wp","href":"https:\/\/api.w.org\/{rel}","templated":true}]}}