{"id":654,"date":"2015-07-18T11:47:33","date_gmt":"2015-07-18T11:47:33","guid":{"rendered":"http:\/\/vrigstadshembygdsforening.se\/?page_id=654"},"modified":"2020-08-18T15:17:26","modified_gmt":"2020-08-18T15:17:26","slug":"inventering-i-vrigstad","status":"publish","type":"page","link":"https:\/\/vrigstadshembygdsforening.se\/?page_id=654","title":{"rendered":"Inventering i Vrigstad"},"content":{"rendered":"<p>De fornfynd som finns upphittade och registrerade hos Riksantikvarie\u00e4mbetet (RA\u00c4) \u00e4r naturligtvis bara en br\u00e5kdel av de som verkligen existerar. Detta g\u00e4ller \u00e4ven fornl\u00e4mningarna, som de definieras enligt lagen. Det finns en m\u00e4ngd fornl\u00e4mningar som inte registrerats, kanske p\u00e5 grund av att de inte syns eller att de helt enkelt \u00e4nnu inte hittats &#8211; vid fornl\u00e4mningsinventeringen i Vrigstad 1935-36 registrerades 31 fornl\u00e4mningslokaler: Efter inventeringen 1986 fanns mer \u00e4n dubbelt s\u00e5 m\u00e5nga registrerade. P\u00e5 varje fornl\u00e4mningslokal finns dessutom i allm\u00e4nhet flera fornl\u00e4mningar.<\/p>\n<p>Fornl\u00e4mningst\u00e4theten, som den ser ut f\u00f6r forskarna i arkiven, beror till stor del p\u00e5 hur noggrann inventeringarna varit och hur mycket omr\u00e5det odlats upp och bebyggts p\u00e5 senare \u00e5r, eftersom det \u00e4r just d\u00e5 g\u00f6mda fornfynd och fornl\u00e4mningar dyker upp. Hembygdsf\u00f6reningar har sedan 1800-talet hj\u00e4lpt forskningen i detta uppt\u00e4ckararbete och kan fortfarande vara till hj\u00e4lp.<br \/>\nP\u00e5 den gula (ekonomiska) kartan finns samtliga registrerade fornl\u00e4mningslokaler markerade med &#8221;run-R&#8221; (Ekonomiska\/Gula kartan, kartblad &#8221;Hylletofta 6E:22&#8221; och &#8221;Stockaryd 6E:03&#8221;). I Vrigstads biblioteks Vrigstadrum f\u00f6rvaras en p\u00e4rm med Riksantikvarie\u00e4mbetets f\u00f6rteckning \u00f6ver fornl\u00e4mningarna i Vrigstad socken, inventerad 1986. Via den och den ekonomiska kartan, som ocks\u00e5 finns d\u00e4r, kan man sj\u00e4lv hitta r\u00e4tt bland fornl\u00e4mningarna. Annars kan man v\u00e4nda sig till J\u00f6nk\u00f6pings l\u00e4nsmuseum, J\u00f6nk\u00f6pings l\u00e4ns l\u00e4nsstyrelse och Fornminnesregistret i Stockholm (RA\u00c4) som hj\u00e4lper till med noggrannare f\u00f6rteckningar \u00f6ver enskilda fornl\u00e4mningar. Antikvarisk-topografiska arkivet (RA\u00c4) har dessutom alla handlingar arkiverade som r\u00f6rt socknens fornl\u00e4mningar och kyrka.<\/p>\n<p>Texten bygger p\u00e5 ett f\u00f6redrag av Nils Fabiansson, fil.mag i arkeologi.Texten bygger p\u00e5 ett f\u00f6redrag av Nils Fabiansson, fil.mag i arkeologi.<\/p>\n","protected":false},"excerpt":{"rendered":"<p>De fornfynd som finns upphittade och registrerade hos Riksantikvarie\u00e4mbetet (RA\u00c4) \u00e4r naturligtvis bara en br\u00e5kdel av de som verkligen existerar.<\/p>\n","protected":false},"author":1,"featured_media":0,"parent":0,"menu_order":0,"comment_status":"closed","ping_status":"open","template":"","meta":{"footnotes":""},"class_list":["post-654","page","type-page","status-publish","hentry"],"_links":{"self":[{"href":"https:\/\/vrigstadshembygdsforening.se\/index.php?rest_route=\/wp\/v2\/pages\/654","targetHints":{"allow":["GET"]}}],"collection":[{"href":"https:\/\/vrigstadshembygdsforening.se\/index.php?rest_route=\/wp\/v2\/pages"}],"about":[{"href":"https:\/\/vrigstadshembygdsforening.se\/index.php?rest_route=\/wp\/v2\/types\/page"}],"author":[{"embeddable":true,"href":"https:\/\/vrigstadshembygdsforening.se\/index.php?rest_route=\/wp\/v2\/users\/1"}],"replies":[{"embeddable":true,"href":"https:\/\/vrigstadshembygdsforening.se\/index.php?rest_route=%2Fwp%2Fv2%2Fcomments&post=654"}],"version-history":[{"count":1,"href":"https:\/\/vrigstadshembygdsforening.se\/index.php?rest_route=\/wp\/v2\/pages\/654\/revisions"}],"predecessor-version":[{"id":655,"href":"https:\/\/vrigstadshembygdsforening.se\/index.php?rest_route=\/wp\/v2\/pages\/654\/revisions\/655"}],"wp:attachment":[{"href":"https:\/\/vrigstadshembygdsforening.se\/index.php?rest_route=%2Fwp%2Fv2%2Fmedia&parent=654"}],"curies":[{"name":"wp","href":"https:\/\/api.w.org\/{rel}","templated":true}]}}