{"id":652,"date":"2015-07-18T11:46:03","date_gmt":"2015-07-18T11:46:03","guid":{"rendered":"http:\/\/vrigstadshembygdsforening.se\/?page_id=652"},"modified":"2020-08-18T15:17:18","modified_gmt":"2020-08-18T15:17:18","slug":"inventera-sjalv","status":"publish","type":"page","link":"https:\/\/vrigstadshembygdsforening.se\/?page_id=652","title":{"rendered":"Inventera sj\u00e4lv"},"content":{"rendered":"<p>Det \u00e4r inte direkt sv\u00e5rt att sj\u00e4lv hitta fornfynd och fornl\u00e4mningar. Det g\u00e4ller bara att s\u00f6ka p\u00e5 r\u00e4tt platser. Det s\u00e4kraste tipset \u00e4r att leta i omr\u00e5den d\u00e4r fornl\u00e4mningar redan registrerats eller d\u00e4r man vet att fornfynd hittats tidigare. D\u00e4r \u00e4r den ekonomiska kartan och registren till stor hj\u00e4lp, liksom naturligtvis lokalk\u00e4nnedom och gott \u00f6ga f\u00f6r jordbruk.<\/p>\n<p>Hittar man ett fornfynd eller en fornl\u00e4mning, som inte finns registrerad p\u00e5 den ekonomiska kartan, v\u00e4nder man sig i f\u00f6rsta hand till l\u00e4nsstyrelsens kulturmilj\u00f6v\u00e5rdsenhet. Detta g\u00e4ller \u00e4ven om en fornl\u00e4mning riskerar att skadas vid n\u00e5got arbete.<\/p>\n<p>Sten\u00e5ldersfynd, som flint- och bergartsyxor och flintavslag, g\u00f6rs l\u00e4ttast efter regn i nypl\u00f6jda och nyharvade \u00e5krar. Artefakten har d\u00e5 kommit upp till ytan och regnet har sk\u00f6ljt bort jorden s\u00e5 att fyndets udda form och f\u00e4rg framtr\u00e4der tydligt. Man skall g\u00e5 i jordar som \u00e4r ganska torra eller v\u00e4ldr\u00e4nerade, inte i s\u00e4nkor som f\u00f6re dikenas tid varit v\u00e5tmark. H\u00f6jdryggar och s\u00f6dersluttningar mot vatten och vattendrag \u00e4r bra sten\u00e5ldersl\u00e4gen, b\u00e5de f\u00f6r gravar och boplatser. Man kan ocks\u00e5 titta d\u00e4r jorden eroderats bort, l\u00e4ngs v\u00e4garnas diken o s v.<\/p>\n<p>Sk\u00e5lgropar hittar man vanligtvis i anslutning till brons\u00e5ldersr\u00f6sen. Man skall g\u00e5 ut p\u00e5 natten, helst efter ett regn, och lysa fr\u00e5n sidan p\u00e5 stenar och h\u00e4llar med en ficklampa. Sk\u00e5lgroparna framtr\u00e4der d\u00e5 som skuggor i sl\u00e4pljuset. Samma effekt kan f\u00e5s i grynings- eller kv\u00e4llsljus. Titta g\u00e4rna p\u00e5 stora block som ligger h\u00f6gt i terr\u00e4ngen, kanske mitt i \u00e5krarna. Eftersom man redan hittat en sten med sk\u00e5lgropar i Vrigstad, \u00e4r sannolikheten stor att man kan hitta fler. Brons\u00e5ldersr\u00f6sen har inte alltid registrerats, eftersom de ofta ligger ol\u00e4ndigt ute i skogen. Titta p\u00e5 h\u00f6jdernas kr\u00f6n efter stensamlingar, g\u00e4rna i omr\u00e5den d\u00e4r andra r\u00f6sen registrerats eller i liknande milj\u00f6er.<\/p>\n<p>Under forntiden, s\u00e4rskilt under brons\u00e5lder och \u00e4ldre j\u00e4rn\u00e5lder, offrades saker och ting, \u00e4ven djur och kanske m\u00e4nniskor, i mossar. Dessa mossfynd har n\u00e4stan uteslutande gjorts vid torvarbeten &#8211; befinner man sig p\u00e5 en torvmosse kan man titta i torvdiken efter ovanliga former och f\u00e4rger som ben och rost, och kanske \u00e4ven efter \u00e4delt glittrande metaller.<\/p>\n<p>Ytterligare j\u00e4rn\u00e5ldersfornl\u00e4mningar \u00e4r sv\u00e5rt att hitta. V\u00e4rt att h\u00e5lla utsikt efter \u00e4r flacka stens\u00e4ttningar och odlingsr\u00f6sen, som inte ser ut som 1800- och 1900-talets odlingsr\u00f6sen. Dessa senare seklers odlingsr\u00f6sen inneh\u00e5ller ofta sten som varit i v\u00e4gen f\u00f6r plogen. J\u00e4rn\u00e5lderns stens\u00e4ttningar och odlingsr\u00f6sen \u00e4r flackare och har mindre stenar. Titta d\u00e4r man p\u00e5 j\u00e4rn\u00e5ldern bedrev hackbruk, allts\u00e5 p\u00e5 torr mark, p\u00e5 h\u00f6jdryggar och sluttningar.<\/p>\n<p>Texten bygger p\u00e5 ett f\u00f6redrag av Nils Fabiansson, fil.mag i arkeologi.<\/p>\n","protected":false},"excerpt":{"rendered":"<p>Det \u00e4r inte direkt sv\u00e5rt att sj\u00e4lv hitta fornfynd och fornl\u00e4mningar. Det g\u00e4ller bara att s\u00f6ka p\u00e5 r\u00e4tt platser. Det<\/p>\n","protected":false},"author":1,"featured_media":0,"parent":0,"menu_order":0,"comment_status":"closed","ping_status":"open","template":"","meta":{"footnotes":""},"class_list":["post-652","page","type-page","status-publish","hentry"],"_links":{"self":[{"href":"https:\/\/vrigstadshembygdsforening.se\/index.php?rest_route=\/wp\/v2\/pages\/652","targetHints":{"allow":["GET"]}}],"collection":[{"href":"https:\/\/vrigstadshembygdsforening.se\/index.php?rest_route=\/wp\/v2\/pages"}],"about":[{"href":"https:\/\/vrigstadshembygdsforening.se\/index.php?rest_route=\/wp\/v2\/types\/page"}],"author":[{"embeddable":true,"href":"https:\/\/vrigstadshembygdsforening.se\/index.php?rest_route=\/wp\/v2\/users\/1"}],"replies":[{"embeddable":true,"href":"https:\/\/vrigstadshembygdsforening.se\/index.php?rest_route=%2Fwp%2Fv2%2Fcomments&post=652"}],"version-history":[{"count":1,"href":"https:\/\/vrigstadshembygdsforening.se\/index.php?rest_route=\/wp\/v2\/pages\/652\/revisions"}],"predecessor-version":[{"id":653,"href":"https:\/\/vrigstadshembygdsforening.se\/index.php?rest_route=\/wp\/v2\/pages\/652\/revisions\/653"}],"wp:attachment":[{"href":"https:\/\/vrigstadshembygdsforening.se\/index.php?rest_route=%2Fwp%2Fv2%2Fmedia&parent=652"}],"curies":[{"name":"wp","href":"https:\/\/api.w.org\/{rel}","templated":true}]}}