{"id":650,"date":"2015-07-18T11:44:53","date_gmt":"2015-07-18T11:44:53","guid":{"rendered":"http:\/\/vrigstadshembygdsforening.se\/?page_id=650"},"modified":"2020-08-18T16:29:07","modified_gmt":"2020-08-18T16:29:07","slug":"bronsaldersboplats","status":"publish","type":"page","link":"https:\/\/vrigstadshembygdsforening.se\/?page_id=650","title":{"rendered":"Brons\u00e5ldersboplats"},"content":{"rendered":"<p>Den arkeologiska unders\u00f6kning av en h\u00e4rd vid grustaget vid S\u00e4vsj\u00f6v\u00e4gen som gjordes i november f\u00f6rra \u00e5ret har resulterat i en arkeologisk rapport fr\u00e5n J\u00f6nk\u00f6pings l\u00e4ns museum.<a href=\"https:\/\/vrigstadshembygdsforening.se\/index.php?l=fbronsbop#_ftn1\" name=\"_ftnref1\"><u>[1]<\/u><\/a> Tidigare har vi f\u00e5tt veta att museet p\u00e5 grund av d\u00e5lig ekonomi inte gjort C14-anlyser av provtagningarna, men i den aktuella rapporten dateras l\u00e4mningen till \u201dbrons\u00e5lder, j\u00e4rn\u00e5lder\u201d. Det inneb\u00e4r i praktiken, med tanke p\u00e5 h\u00e4rdens l\u00e4ge i landskapet och dess fornl\u00e4mningsmilj\u00f6, att det handlar om en arkeologiskt identifierad brons\u00e5ldersboplats! Den \u00e4r som bekant numera bortschaktad, men ironiskt nog hade den sannolikt aldrig uppt\u00e4ckts om inte f\u00e4ltet blivit ett grustag (med L\u00e4nsstyrelsens tillst\u00e5nd).<\/p>\n<p>Under brons\u00e5ldern var platsen ett utm\u00e4rkt l\u00e4ge f\u00f6r en boplats \u2013 p\u00e5 flygfotografier (ekonomiska kartan), som togs p\u00e5 1980-talet, allts\u00e5 innan f\u00e4ltet gr\u00e4vdes bort, finns urskiljbara m\u00f6nster i \u00e5kern som kanske \u00e4r sp\u00e5r av brons\u00e5lderns karakteristiska l\u00e5nghus.<a href=\"https:\/\/vrigstadshembygdsforening.se\/index.php?l=fbronsbop#_ftn2\" name=\"_ftnref2\"><u>[2]<\/u><\/a> I den kuperade terr\u00e4ngen \u00f6sterut sk\u00f6tte man sitt svedjebruk. Eftersom sl\u00e4ttmarkerna inte var utdikade som nu var det gott om bete f\u00f6r boskapen. Fisk fiskades naturligtvis i \u00e5n, och i l\u00f6vskogen jagades vilt. P\u00e5 h\u00f6jderna v\u00e4ster, nordost och sydost om f\u00e4ltet l\u00e5g sl\u00e4ktens m\u00e4ktigaste f\u00f6rf\u00e4der begravda i tre r\u00f6sen som finns kvar \u00e4n idag.<\/p>\n<p>Det finns det en spektakul\u00e4r fornl\u00e4mning till, ett par hundra meter upp i skogen: med st\u00f6rsta sannolikhet ett s.k. d\u00f6dshus, eller kulthus som de ocks\u00e5 kallas. Denna ca 12 x 7 m stora stengrund var en plats f\u00f6r f\u00f6rf\u00e4dersdyrkan och skelettering, allts\u00e5 n\u00e4r man skilde k\u00f6ttet fr\u00e5n benen p\u00e5 den d\u00f6de p\u00e5 ett eller annat s\u00e4tt, och d\u00e4refter krossade dem. F\u00f6rmodligen saknade byggnaden tak och inuti l\u00e4t man kroppen ligga framme f\u00f6r f\u00e5glar och sm\u00e5djur tills endast benen \u00e5terstod. Benen placerades sedan i ett r\u00f6se, som anlagts \u00f6ver n\u00e5gon gammal f\u00f6rfader kanske hundratals \u00e5r tidigare.<\/p>\n<p>Idag \u00e4r det inte helt l\u00e4tt att hitta stengrunden efter kulthuset i skogen.<a href=\"https:\/\/vrigstadshembygdsforening.se\/index.php?l=fbronsbop#_ftn3\" name=\"_ftnref3\">[3]<\/a> Det \u00e4r ocks\u00e5 sv\u00e5rt att f\u00f6rest\u00e4lla sig hur omr\u00e5det kring det s\u00e5g ut under brons\u00e5ldern. Men det finns faktiskt bilder p\u00e5 l\u00e4mningen, tagna av fornminnesinventeraren Nils Gillgren 1936, d\u00e5 skogen nyligen hade huggits ned.<a href=\"https:\/\/vrigstadshembygdsforening.se\/index.php?l=fbronsbop#_ftn4\" name=\"_ftnref4\">[4]<\/a> Man ser p\u00e5 fotografierna, liksom p\u00e5 kartan, att kulthuset hade placerats p\u00e5 sluttande mark, precis nedanf\u00f6r kr\u00f6net av den h\u00f6gsta kullen i omr\u00e5det, mellan ett par l\u00e4gre h\u00f6jder med stenr\u00f6sen. Detta \u00e4r en typisk milj\u00f6 f\u00f6r brons\u00e5lderns kulthus i Skandinavien.<a href=\"https:\/\/vrigstadshembygdsforening.se\/index.php?l=fbronsbop#_ftn5\" name=\"_ftnref5\">[5]<\/a> P\u00e5 bilderna ser man \u00e4ven den magnifika utsikten man hade h\u00e4rifr\u00e5n d\u00e5 barrskogen inte fanns, och det \u00e4r s\u00e5 vi skall t\u00e4nka oss brons\u00e5lderslandskapet \u00ad\u2013 p\u00e5 den tiden fanns ingen gran och tall. Fr\u00e5n kulthuset s\u00e5g man ut \u00f6ver f\u00e4ltet med boplatsen, d\u00e4r h\u00e4rden uppt\u00e4cktes, och vidare v\u00e4sterut \u00e5t nuvarande Vrigstad, d\u00e4r \u00e5n slingrade sig fram ned mot v\u00e4stkusten.<\/p>\n<p>Texten bygger p\u00e5 en artikel av Nils Fabiansson, fil.mag i arkeologi.<\/p>\n<p>Hembygdf\u00f6reningen disponerar kopior av ovan n\u00e4mnda handlingar.<\/p>\n<p><a href=\"https:\/\/vrigstadshembygdsforening.se\/index.php?l=fbronsbop#_ftnref1\" name=\"_ftn1\">[1] <\/a> Arkeologisk rapport 2002:31, J\u00f6nk\u00f6pings l\u00e4ns museum, Anna Kristensson.<\/p>\n<p><a href=\"https:\/\/vrigstadshembygdsforening.se\/index.php?l=fbronsbop#_ftnref2\" name=\"_ftn2\">[2] <\/a> Ekonomiska kartan 6E 1e Svinseryd NV.<\/p>\n<p><a href=\"https:\/\/vrigstadshembygdsforening.se\/index.php?l=fbronsbop#_ftnref3\" name=\"_ftn3\">[3] <\/a> Riksantikvarie\u00e4mbetet, Fornminnesregistret, Sm\u00e5land, J\u00f6nk\u00f6pings l\u00e4n, Vrigstad socken, Fornl\u00e4mning nr 27.<\/p>\n<p><a href=\"https:\/\/vrigstadshembygdsforening.se\/index.php?l=fbronsbop#_ftnref4\" name=\"_ftn4\">[4] <\/a> Antikvarisk-Topografiska Arkivet, Sm\u00e5land, J\u00f6nk\u00f6pings l\u00e4n, Vrigstad socken, Fasta fornl\u00e4mningar, nr 17 (med plan- och profilritning) och bild A204:153 och A204:154 (1936).<\/p>\n<p><a href=\"https:\/\/vrigstadshembygdsforening.se\/index.php?l=fbronsbop#_ftnref5\" name=\"_ftn5\">[5] <\/a> Helena Victor, Med graven som granne. Om brons\u00e5lderns kulthus, Uppsala 2002.<\/p>\n","protected":false},"excerpt":{"rendered":"<p>Den arkeologiska unders\u00f6kning av en h\u00e4rd vid grustaget vid S\u00e4vsj\u00f6v\u00e4gen som gjordes i november f\u00f6rra \u00e5ret har resulterat i en<\/p>\n","protected":false},"author":1,"featured_media":0,"parent":0,"menu_order":0,"comment_status":"closed","ping_status":"open","template":"","meta":{"footnotes":""},"class_list":["post-650","page","type-page","status-publish","hentry"],"_links":{"self":[{"href":"https:\/\/vrigstadshembygdsforening.se\/index.php?rest_route=\/wp\/v2\/pages\/650","targetHints":{"allow":["GET"]}}],"collection":[{"href":"https:\/\/vrigstadshembygdsforening.se\/index.php?rest_route=\/wp\/v2\/pages"}],"about":[{"href":"https:\/\/vrigstadshembygdsforening.se\/index.php?rest_route=\/wp\/v2\/types\/page"}],"author":[{"embeddable":true,"href":"https:\/\/vrigstadshembygdsforening.se\/index.php?rest_route=\/wp\/v2\/users\/1"}],"replies":[{"embeddable":true,"href":"https:\/\/vrigstadshembygdsforening.se\/index.php?rest_route=%2Fwp%2Fv2%2Fcomments&post=650"}],"version-history":[{"count":1,"href":"https:\/\/vrigstadshembygdsforening.se\/index.php?rest_route=\/wp\/v2\/pages\/650\/revisions"}],"predecessor-version":[{"id":651,"href":"https:\/\/vrigstadshembygdsforening.se\/index.php?rest_route=\/wp\/v2\/pages\/650\/revisions\/651"}],"wp:attachment":[{"href":"https:\/\/vrigstadshembygdsforening.se\/index.php?rest_route=%2Fwp%2Fv2%2Fmedia&parent=650"}],"curies":[{"name":"wp","href":"https:\/\/api.w.org\/{rel}","templated":true}]}}