{"id":648,"date":"2015-07-18T11:43:30","date_gmt":"2015-07-18T11:43:30","guid":{"rendered":"http:\/\/vrigstadshembygdsforening.se\/?page_id=648"},"modified":"2020-08-18T16:29:16","modified_gmt":"2020-08-18T16:29:16","slug":"bronsaldersboplats-vid-savsjovagen","status":"publish","type":"page","link":"https:\/\/vrigstadshembygdsforening.se\/?page_id=648","title":{"rendered":"Brons\u00e5ldersboplats vid S\u00e4vsj\u00f6v\u00e4gen?"},"content":{"rendered":"<p>Har det funnits en boplats fr\u00e5n brons\u00e5ldern vid sandtaget mellan Vrigstad och Biskopsbo? Detta kan man fr\u00e5ga sig, efter att Vivan Johansson uppt\u00e4ckt vad som kan vara fornl\u00e4mningar.<\/p>\n<p>Kring sandtaget har \u00e5kerjorden sedan l\u00e4nge varit bortschaktad, och i den fina sanden syntes i somras tydligt tv\u00e5 drygt meterstora sotsvarta fl\u00e4ckar med sk\u00f6rbr\u00e4nda stenar och tr\u00e4kol. Den ena hade till h\u00e4lften rasat ned i sandtaget, och var d\u00e4rf\u00f6r m\u00f6jlig att se fr\u00e5n sidan n\u00e4r man stod nere i sandtaget. Som i genomsk\u00e4rning kunde man se att sotfl\u00e4cken i sj\u00e4lva verket var en halvmeter djup, allts\u00e5 n\u00e5got helt annat \u00e4n sp\u00e5ren efter en vanlig brasa eller kolmila fr\u00e5n senare tid. Eftersom det dessutom finns flera brons\u00e5ldersgravar i omgivningen, tyckte J\u00f6nk\u00f6pings l\u00e4nsmuseum och J\u00f6nk\u00f6pings l\u00e4nsstyrelse att uppt\u00e4ckten l\u00e4t intressant.<\/p>\n<p>I november 2001 unders\u00f6ktes d\u00e4rf\u00f6r anl\u00e4ggningen av Anna Kristensson, arkeolog vid J\u00f6nk\u00f6pings l\u00e4nsmuseums kulturmilj\u00f6avdelning, som kunde konstatera att \u201csotfl\u00e4ckarna utg\u00f6r rester av tv\u00e5 h\u00e4rdar\u201d. Prover togs f\u00f6r C-14 datering och vedartsanalys, men n\u00e5gra f\u00f6rem\u00e5lsfynd, som kunde s\u00e4ga n\u00e5got n\u00e4rmare om h\u00e4rdarnas \u00e5lder, gjordes inte.<\/p>\n<p>Enligt Kristensson saknar tyv\u00e4rr L\u00e4nsmuseet pengar f\u00f6r att g\u00f6ra analyser av proverna som togs. Detta inneb\u00e4r med st\u00f6rsta sannolikhet, att vi aldrig kommer att f\u00e5 bekr\u00e4ftat om sandtaget vid S\u00e4vsj\u00f6v\u00e4gen har varit platsen f\u00f6r en 3000 \u00e5r gammal bos\u00e4ttning eller ej.<\/p>\n<p>Texten bygger p\u00e5 en artikel av Nils Fabiansson, fil.mag i arkeologi.<\/p>\n","protected":false},"excerpt":{"rendered":"<p>Har det funnits en boplats fr\u00e5n brons\u00e5ldern vid sandtaget mellan Vrigstad och Biskopsbo? Detta kan man fr\u00e5ga sig, efter att<\/p>\n","protected":false},"author":1,"featured_media":0,"parent":0,"menu_order":0,"comment_status":"closed","ping_status":"open","template":"","meta":{"footnotes":""},"class_list":["post-648","page","type-page","status-publish","hentry"],"_links":{"self":[{"href":"https:\/\/vrigstadshembygdsforening.se\/index.php?rest_route=\/wp\/v2\/pages\/648","targetHints":{"allow":["GET"]}}],"collection":[{"href":"https:\/\/vrigstadshembygdsforening.se\/index.php?rest_route=\/wp\/v2\/pages"}],"about":[{"href":"https:\/\/vrigstadshembygdsforening.se\/index.php?rest_route=\/wp\/v2\/types\/page"}],"author":[{"embeddable":true,"href":"https:\/\/vrigstadshembygdsforening.se\/index.php?rest_route=\/wp\/v2\/users\/1"}],"replies":[{"embeddable":true,"href":"https:\/\/vrigstadshembygdsforening.se\/index.php?rest_route=%2Fwp%2Fv2%2Fcomments&post=648"}],"version-history":[{"count":1,"href":"https:\/\/vrigstadshembygdsforening.se\/index.php?rest_route=\/wp\/v2\/pages\/648\/revisions"}],"predecessor-version":[{"id":649,"href":"https:\/\/vrigstadshembygdsforening.se\/index.php?rest_route=\/wp\/v2\/pages\/648\/revisions\/649"}],"wp:attachment":[{"href":"https:\/\/vrigstadshembygdsforening.se\/index.php?rest_route=%2Fwp%2Fv2%2Fmedia&parent=648"}],"curies":[{"name":"wp","href":"https:\/\/api.w.org\/{rel}","templated":true}]}}