{"id":644,"date":"2015-07-18T11:39:25","date_gmt":"2015-07-18T11:39:25","guid":{"rendered":"http:\/\/vrigstadshembygdsforening.se\/?page_id=644"},"modified":"2020-08-18T15:37:23","modified_gmt":"2020-08-18T15:37:23","slug":"vrigstads-forntid","status":"publish","type":"page","link":"https:\/\/vrigstadshembygdsforening.se\/?page_id=644","title":{"rendered":"Vrigstads forntid"},"content":{"rendered":"<p>N\u00e4r den gamla kyrkan i Vrigstad revs 1865 tog man tillvara ett s. k. remstycke av ek och f\u00f6rde detta till Statens Historiska Museum i Stockholm. Nu har en datering gjorts p\u00e5 Hembygdsf\u00f6reningens initiativ. Forskare i Stockholm har med en metod som kallas dendrokronologi konstaterat att tr\u00e4det som plankan \u00e4r gjord av avverkades \u00e5r 1095! Det betyder att kyrkan byggdes omkring \u00e5r 1100 och att den faktiskt stod f\u00e4rdig ett bra tag innan munkarna kom till Nydala \u00e5r 1143.<\/p>\n<p>H\u00e4r&nbsp;hittar du information om Vrigstads historia &#8211; Vrigstad under 9 000 \u00e5r. Denna information bygger p\u00e5 ett f\u00f6redrag av Nils Fabiansson, fil. mag. i arkeologi, vid en av v\u00e5rens tematr\u00e4ffar 1998.<\/p>\n<p><a href=\"https:\/\/vrigstadshembygdsforening.se\/?page_id=646\">Brons\u00e5ldern i Vrigstad socken<\/a><br \/>\n<a href=\"https:\/\/vrigstadshembygdsforening.se\/?page_id=650\">Brons\u00e5ldersboplats<\/a><br \/>\n<a href=\"https:\/\/vrigstadshembygdsforening.se\/?page_id=648\">Brons\u00e5ldersboplats vid S\u00e4vsj\u00f6v\u00e4gen?<\/a><br \/>\n<a href=\"https:\/\/vrigstadshembygdsforening.se\/?page_id=652\">Inventera sj\u00e4lv<\/a><br \/>\n<a href=\"https:\/\/vrigstadshembygdsforening.se\/?page_id=654\">Inventering i Vrigstad<\/a><br \/>\n<a href=\"https:\/\/vrigstadshembygdsforening.se\/?page_id=656\">J\u00e4rn\u00e5ldern i Vrigstad socken<\/a><br \/>\n<a href=\"https:\/\/vrigstadshembygdsforening.se\/?page_id=660\">Sten\u00e5ldern i Vrigstad socken<\/a><br \/>\n<a href=\"https:\/\/vrigstadshembygdsforening.se\/?page_id=662\">Tidig medeltid i Vrigstad socken<\/a><\/p>\n","protected":false},"excerpt":{"rendered":"<p>N\u00e4r den gamla kyrkan i Vrigstad revs 1865 tog man tillvara ett s. k. remstycke av ek och f\u00f6rde detta<\/p>\n","protected":false},"author":1,"featured_media":0,"parent":0,"menu_order":0,"comment_status":"closed","ping_status":"open","template":"","meta":{"footnotes":""},"class_list":["post-644","page","type-page","status-publish","hentry"],"_links":{"self":[{"href":"https:\/\/vrigstadshembygdsforening.se\/index.php?rest_route=\/wp\/v2\/pages\/644","targetHints":{"allow":["GET"]}}],"collection":[{"href":"https:\/\/vrigstadshembygdsforening.se\/index.php?rest_route=\/wp\/v2\/pages"}],"about":[{"href":"https:\/\/vrigstadshembygdsforening.se\/index.php?rest_route=\/wp\/v2\/types\/page"}],"author":[{"embeddable":true,"href":"https:\/\/vrigstadshembygdsforening.se\/index.php?rest_route=\/wp\/v2\/users\/1"}],"replies":[{"embeddable":true,"href":"https:\/\/vrigstadshembygdsforening.se\/index.php?rest_route=%2Fwp%2Fv2%2Fcomments&post=644"}],"version-history":[{"count":3,"href":"https:\/\/vrigstadshembygdsforening.se\/index.php?rest_route=\/wp\/v2\/pages\/644\/revisions"}],"predecessor-version":[{"id":4292,"href":"https:\/\/vrigstadshembygdsforening.se\/index.php?rest_route=\/wp\/v2\/pages\/644\/revisions\/4292"}],"wp:attachment":[{"href":"https:\/\/vrigstadshembygdsforening.se\/index.php?rest_route=%2Fwp%2Fv2%2Fmedia&parent=644"}],"curies":[{"name":"wp","href":"https:\/\/api.w.org\/{rel}","templated":true}]}}