{"id":6384,"date":"2023-04-07T15:03:20","date_gmt":"2023-04-07T15:03:20","guid":{"rendered":"https:\/\/vrigstadshembygdsforening.se\/?page_id=6384"},"modified":"2026-04-03T13:58:34","modified_gmt":"2026-04-03T13:58:34","slug":"filmarkiv","status":"publish","type":"page","link":"https:\/\/vrigstadshembygdsforening.se\/?page_id=6384","title":{"rendered":"Filmarkiv"},"content":{"rendered":"\n<p>H\u00e4r presenterar f\u00f6reningen n\u00e5gra filmer vi producerat eller varit delaktiga i. De flesta av v\u00e5ra filmer \u00e4r gjorda av Stig Marz. Filmerna finns tillg\u00e4ngliga p\u00e5 YouTube och du startar dem genom att klicka p\u00e5 l\u00e4nken nedan.<\/p>\n\n\n\n<p><a href=\"https:\/\/youtu.be\/nP14LcBmd-w\">1954 &#8211; Vrigstads h\u00f6stmarknad och bes\u00f6k av kungen.<\/a> (13 minuter).<br><a href=\"https:\/\/youtu.be\/bfIT7oR90jI\">Andersbo &#8211; Allan och Paul Johansson ber\u00e4ttar.<\/a> (8 minuter).<br><a href=\"https:\/\/youtu.be\/C-ELSM5eKqk\">Auktion p\u00e5 IM-hemmet 1992<\/a>. (6 minuter).<br><a href=\"https:\/\/youtu.be\/6cxMv5EgKWI\" target=\"_blank\" rel=\"noreferrer noopener\">Bengt Dahlquist ber\u00e4ttar om Runstedska 2009<\/a>. (28 minuter).<br><a href=\"https:\/\/youtu.be\/qpsCRPh1Uf0\">Bensinmackar i Vrigstad, 2025.<\/a> (56 minuter).<br><a href=\"https:\/\/youtu.be\/sLPQue7LjTY\" target=\"_blank\" rel=\"noreferrer noopener\">Bes\u00f6k p\u00e5 \u00d6rg\u00f6len 1992<\/a>. Erik Axelsson ber\u00e4ttar. (10 minuter).<br><a href=\"https:\/\/youtu.be\/drJzu1qeUv4\" target=\"_blank\" rel=\"noreferrer noopener\">Bland kolmilare och andra kulturb\u00e4rare 1991<\/a> och 1999. (42 minuter).<br><a href=\"https:\/\/www.youtube.com\/watch?v=epcILTGT6U4\" target=\"_blank\" rel=\"noreferrer noopener\">Dansbaneel\u00e4ndet &#8211; en dokumentation av festplatsen Lunden<\/a>. (113 minuter). <br><a href=\"https:\/\/youtu.be\/Q_NoSILWE7A\">Einar Ahnstedt ber\u00e4ttar om torpet T\u00e5en 1998<\/a>. (17 minuter).<br><a href=\"https:\/\/youtu.be\/9gx0mHrMwys\" target=\"_blank\" rel=\"noreferrer noopener\">Elisabeth Ralf &#8211; en &#8221;m\u00e4rkeskvinna&#8221;, 2008<\/a>. (22 minuter).<br><a href=\"https:\/\/youtu.be\/ESJ0_6p3d3U\">Elisabeth Ralf ber\u00e4ttar i och om Gamla Bankg\u00e5rden<\/a>. (33 minuter).<br><a href=\"https:\/\/youtu.be\/KfcbHh5QGHY\" target=\"_blank\" rel=\"noreferrer noopener\">Ester Gustavsson intervjuas av Bengt Crona 1998<\/a>. (50 minuter).<br><a href=\"https:\/\/youtu.be\/hN7ddcjmxqw\">Gamla Bankg\u00e5rden i Vrigstad &#8211; renovering och invigning.<\/a> (31 minuter).<br><a href=\"https:\/\/youtu.be\/oq6agdZruhk\">Gertrud Fasth ber\u00e4ttar om livet som piga i Gamla Bankg\u00e5rden<\/a> &#8211; 2003. (16 minuter).<br><a href=\"https:\/\/youtu.be\/pfHXwhVLSHY\">Gubbdagis i Vrigstad 2014<\/a>. Intervjuer med deltagare. (31 minuter).<br><a href=\"https:\/\/youtu.be\/pmdJ12Nc1zE\" target=\"_blank\" rel=\"noreferrer noopener\">Gunnar L\u00e4gersten ber\u00e4ttar 1999<\/a>. (13 minuter).<br><a href=\"https:\/\/youtu.be\/vg6V5bdFnWo\">Gustav Andersson p\u00e5 Skogsdal<\/a>. (15 minuter).<br><a href=\"https:\/\/youtu.be\/zyHha77fJtw\">Gyllebo &#8211; Oskar Is\u00e9n ber\u00e4ttar 1992<\/a>. (10 minuter).<br><a href=\"https:\/\/youtu.be\/QX5NVwXtS5k\">G\u00f6ran Lindblad ber\u00e4ttar, 2025<\/a>. (27 minuter).<br><a href=\"https:\/\/youtu.be\/vhn3bvjrZ2w\" target=\"_blank\" rel=\"noreferrer noopener\">G\u00f6sta Carlstr\u00f6ms t\u00e4ndkulemotor<\/a>. (20 minuter). <br><a href=\"https:\/\/youtu.be\/kZKHCB-eGpk\">Hemv\u00e4ndardagar 1995.<\/a> (23 minuter).<br><a href=\"https:\/\/www.youtube.com\/watch?v=lQTKTO5wjpA&amp;t=5s\" target=\"_blank\" rel=\"noreferrer noopener\">Hur Vrigstad blev Vrigstad<\/a>. (10 minuter). <br><a href=\"https:\/\/www.youtube.com\/watch?v=OewijANiH_4\" target=\"_blank\" rel=\"noreferrer noopener\">Ingrid Svensson ber\u00e4ttar &#8211; 2009-08-20<\/a>. (84 minuter). <br><a href=\"https:\/\/youtu.be\/dhco5xKj908\">Invigning av Eva Sp\u00e5ngbergs &#8221;Framtidstro&#8221; 2005.<\/a> (29 minuter).<br><a href=\"https:\/\/youtu.be\/73YH6S7HScg\" target=\"_blank\" rel=\"noreferrer noopener\">Invigning av Vrigstads Marknadshus 1999<\/a>. (29 minuter). <br><a href=\"https:\/\/www.youtube.com\/watch?v=ClhDM2lixNs\" target=\"_blank\" rel=\"noreferrer noopener\">I stormen Gudruns sp\u00e5r (2006)<\/a>. (43 minuter). <br><a href=\"https:\/\/youtu.be\/goKEbMiWPAA\">Jag minns den ljuva tiden, jag minns den som ig\u00e5r &#8211; 2018<\/a>. Elvy Carlsson och Margareta Vink samtalar med Stig Marz. (42 minuter). <br><a href=\"https:\/\/youtu.be\/jfYX9oOlzQ4\">Josef och T-Forden.<\/a> Josef Karlsson ber\u00e4ttar om sin T-Ford \u00e5r 1999. (27 minuter).<br><a href=\"https:\/\/www.youtube.com\/watch?v=uuEBTPIYidc\" target=\"_blank\" rel=\"noreferrer noopener\">Kulturvandring 2001<\/a>. Rudolf Thunander ber\u00e4ttar om Lundbyhus, Koppardammen och Kvarnfallet. (33 minuter). <br><a href=\"https:\/\/youtu.be\/R0ugaeN2riE\">K\u00e4rringasj\u00f6n &#8211; inplantering av regnb\u00e5ge 1996<\/a>. (6 minuter).<br><a href=\"https:\/\/youtu.be\/alazwGj96H0\">Lisa Johansson &#8211; p\u00e5 Nyhem.<\/a> (34 minuter).<br><a href=\"https:\/\/youtu.be\/_UbSRFXTG5k\" target=\"_blank\" rel=\"noreferrer noopener\">Lundbergs Pressgjuteri AB, 1999<\/a>. (31 minuter). <br><a href=\"https:\/\/youtu.be\/dUqrLlvICx0\">Lundholmens historia del 1 &#8211; Bengt Gunnarsson ber\u00e4ttar.<\/a> (48 minuter).<br><a href=\"https:\/\/youtu.be\/sng2CpbTaas\">Lundholmens historia del 2 &#8211; Bengt Gunnarsson ber\u00e4ttar<\/a>. (59 minuter).<br><a href=\"https:\/\/youtu.be\/RSBxdmfK3pE\">Magnus Gustafsson ber\u00e4ttar om nedtecknad musik fr\u00e5n Vrigstad 1819<\/a>. (16 minuter).<br><a href=\"https:\/\/youtu.be\/vK-eYIm7TYM\" target=\"_blank\" rel=\"noreferrer noopener\">Margit St\u00e5lhammar ber\u00e4ttar om Gamla skolg\u00e5rden, 1998<\/a>. (34 minuter).<br><a href=\"https:\/\/youtu.be\/yUmcqt_in1k\">Minnestr\u00e4ning p\u00e5 G\u00f6ransg\u00e5rden 1995 &#8211; Ingvar och Irma Nystr\u00f6m<\/a>. (19 minuter).<br><a href=\"https:\/\/youtu.be\/18hf2SE3b_U\">Nyfiken scout &#8211; Vrigstad scoutk\u00e5r 1969<\/a>. Stumfilm. (17 minuter).<br><a href=\"https:\/\/youtu.be\/OGi4m9xt_X0\">Per August Johansson, K\u00f6pstad Lassag\u00e5rd, och hans \u00e4ttlingar.<\/a> (40 minuter).<br><a href=\"https:\/\/youtu.be\/7xXwPHH1QCI\">Rundvandring i familjen Dahls v\u00e5ning i Gamla Bankg\u00e5rden 2006<\/a>. (33 minuter).<br><a href=\"https:\/\/youtu.be\/-lxPE4TcdhM\">Samtal p\u00e5 G\u00f6ransg\u00e5rden med Ragnar J\u00f6nsson, Gun-Maj Svensson och Karin Bodef\u00e4lt 2014<\/a>. (41 minuter).<br><a href=\"https:\/\/youtu.be\/wrF_Y9xiLdA\">Samtal p\u00e5 G\u00f6ransg\u00e5rden med Siv Lindblad, Rut Karlsson Elg och Vivianne Andersson 2019<\/a>. (58 minuter).<br><a href=\"https:\/\/youtu.be\/O6lEyK1LKzs\" target=\"_blank\" rel=\"noreferrer noopener\">Skomakarverkstaden sk\u00e4nks av Lisa Johansson 2010<\/a>. (10 minuter).<br><a href=\"https:\/\/youtu.be\/NhyrFw1wntA\">Strandliden 1992 &#8211; Hilding Fagerberg.<\/a> (11 minuter).<br><a href=\"https:\/\/youtu.be\/hdfrawwMnKs\" target=\"_blank\" rel=\"noreferrer noopener\">Sunnerby &#8211; byn sunnan om Vrigstadbyn<\/a>. \u00c5ke Johansson och Martin Carlsson ber\u00e4ttar. (66 minuter). <br><a href=\"https:\/\/youtu.be\/CAuoy0c--ok\">Sunnerby Missionshus 100 \u00e5r<\/a>, 2013. (45 minuter).<br><a href=\"https:\/\/youtu.be\/r4KGqA7-8S8\">S\u00e5 minns vi Rudolf Thunander.<\/a> (45 minuter).<br><a href=\"https:\/\/youtu.be\/FDsW0MiZ4Pk\" target=\"_blank\" rel=\"noreferrer noopener\">Tage Sj\u00f6gren &#8211; en uppfinnare, 2012<\/a>. (45 minuter).<br><a href=\"https:\/\/youtu.be\/V7nw7TjAfug\">Thure Persson ber\u00e4ttar, 2001<\/a>. (40 minuter). <br><a href=\"https:\/\/youtu.be\/zBL_2D2jrO0\">Ur kyrkans g\u00f6mmor &#8211; V\u00e4gkyrkan 1992.<\/a> (24 minuter).<br><a href=\"https:\/\/youtu.be\/imH5ePjuhIw\">Utst\u00e4llningar valdagen den 20\/9 1998<\/a>. Vrigstads hembygdsf\u00f6rening firar 50 \u00e5r, Posten 150 \u00e5r och Vrigstad skola 350 \u00e5r. (10 minuter).<br><a href=\"https:\/\/youtu.be\/A815p2MgwHc\" target=\"_blank\" rel=\"noreferrer noopener\">Vrigstad Bryggeri<\/a>. Simon Svensson ber\u00e4ttar. (8 minuter).<br><a href=\"https:\/\/youtu.be\/h6gxfEUp5Fk\">Vrigstad fr\u00e5n ovan 1996.<\/a> (10 minuter).<br><a href=\"https:\/\/youtu.be\/Kp7qUYgQ1qA\">Vrigstad genom kamera\u00f6gat 1941-1944.<\/a> Jan Hult\u00e9ns filmer. (16 minuter).<br><a href=\"https:\/\/youtu.be\/v-y4pSffctI\">Vrigstad v\u00e5rdcentral &#8211; Torbj\u00f6rn Lund Ramberg och Wibe Steen Ramberg ber\u00e4ttar hus man skapade v\u00e5rdcentralen<\/a>. (42 minuter)<br><a href=\"https:\/\/youtu.be\/Q_--7bi7wwk\">Vrigstad v\u00e4gkyrka 1996 &#8211; Dopet.<\/a> (11 minuter).<br><a href=\"https:\/\/youtu.be\/sZ84T3pHL_I\">Vrigstad v\u00e4gkyrka 1997 &#8211; Vrigstadbygden i konsten.<\/a> (18 minuter).<br><a href=\"https:\/\/youtu.be\/lzxEFb_brOY\">Vrigstads hembygdsf\u00f6renings \u00e5rsber\u00e4ttelse 2001.<\/a> (20 minuter).<br><a href=\"https:\/\/youtu.be\/xN_8AmI69s8\">Vrigstads hembygdsf\u00f6renings \u00e5rsber\u00e4ttelse 2003.<\/a> (34 minuter).<br><a href=\"https:\/\/youtu.be\/KAmYnJjE4iQ\">Vrigstads hembygdsf\u00f6renings \u00e5rsber\u00e4ttelse 2004.<\/a> (30 minuter).<br><a href=\"https:\/\/youtu.be\/K7MPPaH3C4A\">Vrigstads hembygdsf\u00f6renings \u00e5rsber\u00e4ttelse 2005.<\/a> (39 minuter). St\u00f6rningar p\u00e5 filmen.<br><a href=\"https:\/\/youtu.be\/kDb2ohSWBX8\" target=\"_blank\" rel=\"noreferrer noopener\">Vrigstads hembygdsf\u00f6renings \u00e5rsber\u00e4ttelse 2006<\/a>. (26 minuter).<br><a href=\"https:\/\/youtu.be\/uMtj11qA6sY\">Vrigstads hembygdsf\u00f6renings \u00e5rsber\u00e4ttelse 2007<\/a>. (33 minuter).<br><a href=\"https:\/\/youtu.be\/3mGdnbC74Mc\">Vrigstads hembygdsf\u00f6renings \u00e5rsber\u00e4ttelse 2009.<\/a> (35 minuter).<br><a href=\"https:\/\/youtu.be\/F0z-TZzkYYI\">Vrigstads hembygdsf\u00f6renings \u00e5rsber\u00e4ttelse 2012<\/a>. (30 minuter).<br><a href=\"https:\/\/www.youtube.com\/watch?v=p2sw3Vdypi4&amp;t=890s\" target=\"_blank\" rel=\"noreferrer noopener\">Vrigstads hembygdsf\u00f6renings \u00e5rsber\u00e4ttelse 2017<\/a>. (22 minuter). <br><a href=\"https:\/\/www.youtube.com\/watch?v=4P4mTUDUjcQ&amp;t=22s\" target=\"_blank\" rel=\"noreferrer noopener\">Vrigstads hembygdsf\u00f6renings \u00e5rsber\u00e4ttelse 2019<\/a>. (18 minuter). <br><a href=\"https:\/\/www.youtube.com\/watch?v=YH_UzlfG-hU&amp;t=50s\" target=\"_blank\" rel=\"noreferrer noopener\">Vrigstads hembygdsf\u00f6renings \u00e5rsber\u00e4ttelse 2020<\/a>. (8 minuter).<br><a href=\"https:\/\/youtu.be\/PuVIwSAihyk\">Vrigstads hembygdsf\u00f6renings \u00e5rsber\u00e4ttelse 2025<\/a>. (23 minuter). <br><a href=\"https:\/\/www.youtube.com\/watch?v=Mg_iYIjUQoI\" target=\"_blank\" rel=\"noreferrer noopener\">Vrigstads sista djurmarknad &#8211; 2001-08-10<\/a>. (20 minuter). <br><a href=\"https:\/\/youtu.be\/VRW6y8bxBh4\" target=\"_blank\" rel=\"noreferrer noopener\">\u00c5kak\u00f6ps skola, Oskar Is\u00e9n och Roland Larsson ber\u00e4ttar &#8211; 1992<\/a>. (15 minuter).<br><a href=\"https:\/\/youtu.be\/fYKt5EfznDE\" target=\"_blank\" rel=\"noreferrer noopener\">\u00d6ppet hus p\u00e5 Gr\u00f6ndal 1992-08-02<\/a>. Intervjuer med bes\u00f6kare. (33 minuter).<\/p>\n","protected":false},"excerpt":{"rendered":"<p>H\u00e4r presenterar f\u00f6reningen n\u00e5gra filmer vi producerat eller varit delaktiga i. De flesta av v\u00e5ra filmer \u00e4r gjorda av Stig<\/p>\n","protected":false},"author":1,"featured_media":0,"parent":0,"menu_order":0,"comment_status":"closed","ping_status":"closed","template":"","meta":{"footnotes":""},"class_list":["post-6384","page","type-page","status-publish","hentry"],"_links":{"self":[{"href":"https:\/\/vrigstadshembygdsforening.se\/index.php?rest_route=\/wp\/v2\/pages\/6384","targetHints":{"allow":["GET"]}}],"collection":[{"href":"https:\/\/vrigstadshembygdsforening.se\/index.php?rest_route=\/wp\/v2\/pages"}],"about":[{"href":"https:\/\/vrigstadshembygdsforening.se\/index.php?rest_route=\/wp\/v2\/types\/page"}],"author":[{"embeddable":true,"href":"https:\/\/vrigstadshembygdsforening.se\/index.php?rest_route=\/wp\/v2\/users\/1"}],"replies":[{"embeddable":true,"href":"https:\/\/vrigstadshembygdsforening.se\/index.php?rest_route=%2Fwp%2Fv2%2Fcomments&post=6384"}],"version-history":[{"count":92,"href":"https:\/\/vrigstadshembygdsforening.se\/index.php?rest_route=\/wp\/v2\/pages\/6384\/revisions"}],"predecessor-version":[{"id":7383,"href":"https:\/\/vrigstadshembygdsforening.se\/index.php?rest_route=\/wp\/v2\/pages\/6384\/revisions\/7383"}],"wp:attachment":[{"href":"https:\/\/vrigstadshembygdsforening.se\/index.php?rest_route=%2Fwp%2Fv2%2Fmedia&parent=6384"}],"curies":[{"name":"wp","href":"https:\/\/api.w.org\/{rel}","templated":true}]}}