{"id":6221,"date":"2022-12-01T17:09:53","date_gmt":"2022-12-01T17:09:53","guid":{"rendered":"https:\/\/vrigstadshembygdsforening.se\/?page_id=6221"},"modified":"2022-12-01T17:09:53","modified_gmt":"2022-12-01T17:09:53","slug":"kringelbraten-stora-1","status":"publish","type":"page","link":"https:\/\/vrigstadshembygdsforening.se\/?page_id=6221","title":{"rendered":"Kringelbr\u00e5ten Stora 1"},"content":{"rendered":"\n<p>Torp under Lundholmen.<\/p>\n\n\n\n<p>1776. Jonas, Lena, Stina, Sven, Annika, Caijsa.<\/p>\n\n\n\n<p>1789. Sven, Stina, Petter (1791- ).<\/p>\n\n\n\n<p>1793. Petter, Britta Stina, Jakob.<\/p>\n\n\n\n<p>J\u00f6ns (1775- ), Maja Lisa, Lena Maja (1800- ).<\/p>\n\n\n\n<p>1801. Magnus Ericsson (1772-09-27- ), Maja Nilsdotter (1774-07-30- ), Petter (1799-07-08- ), Carl (1801-05-19- ), Lena (1803- ), Maja Catharina (1806-12-29- ), Eric (1808- ), Anna Stina (1810-04-26- ), Lena (1812-12-29- ), Inga Lisa (1815-10-15- ). Flyttar 1930 till Lilla Kringelbr\u00e5ten.<\/p>\n\n\n\n<p>1830. Johannes Nordberg (1805-07-12\u20141883-02-23), Stina Petersdotter (1807-05-04\u20141867-03-17), Claes Johan (1832-04-18- ), Johanna Maria (1835-02-01- ), Carl August (1838-10-03\u20141841-10-24), Pehr Aron (1841-10-04- ). Flyttar till Svarvarebygget.<\/p>\n\n\n\n<p>1831. Anders Svensson (1799-12-13\u20141849-07-28), Anna Britta Svensdotter (1789-09-18\u20141867-08-31), Anna Stina (1825-05-07- ). \u00c4nkan inhyst p\u00e5 Kringelbr\u00e5ten Stora 2 till sin d\u00f6d.<\/p>\n\n\n\n<p>Johannes Petersson (1793-02-12\u20141870-09-22), Catharina Svensdotter (1799-12-17- ), Peter Magnus (1825-01-29- ), Anna Lena (1829-01-05- ), Anders (1831-10-20- ), Sven Gustaf (1833-03-10- ), Jonas Malkum (1835-10-25- ), Christina Charlotta (1838-04-12- ), Otto (1842-04-21- ).<\/p>\n\n\n\n<p>1853. Johannes Svensson (1812-06-19- ), Christina Jonasdotter (1818-07-06- ), Anna Charlotta (1841-04-08- ), Johan Fridolf (1849-08-29- ), Ida Christina (1855-06-25- ), Emma Matilda (1861-03-09- ). Inflyttade fr\u00e5n Lilla G\u00f6tstorp. F\u00f6r\u00e4ldrarna inhyses p\u00e5 g\u00e5rden. Flyttar \u00e5r 1900.<\/p>\n\n\n\n<p>1883. Johan Fridolf Johannisson (1849-08-29- ), Wilhelmina Christina Johannisdotter (1844-12-17- ), Oskar Emil (1872-11-24- ), Edvard Emanuel (1874-04-23\u20141887-10-23), Jenny Albertina (1876-06-17\u20141887-11-18), Carl Efraim (1880-03-14- ), Gottfrid (1883-02-17\u20141887-10-29), Josefina (1885-11-17- ), Gottfrid Emanuel (1888-08-31\u20141888-10-22). Flyttar till Stora G\u00f6tstorp 1894.<\/p>\n\n\n\n<p>1896. Johan Emil Andersson (1867-12-31- ), Emma Charlotta J\u00f6nsdotter (1861-10-01- ), Esther Anna Emelie (1892-09-27- ), Selma Nanny Victoria (1895-04-26- ), Elin Hulda Kristina (1897-09-17- ), Janne Georg William (1899-12-04- ), Josef Einar Natanael (1901-12-31- ), David Edvin Emanuel (1904-09-16- ), Gustaf Artur Walentin (1907-02-13- ). Inflyttade fr\u00e5n Lammaryd, Sunnerby \u00c5g\u00e5rd.<\/p>\n\n\n\n<p><a href=\"https:\/\/vrigstadshembygdsforening.se\/PDF\/1983.pdf\">Karta<\/a>.<\/p>\n","protected":false},"excerpt":{"rendered":"<p>Torp under Lundholmen. 1776. Jonas, Lena, Stina, Sven, Annika, Caijsa. 1789. Sven, Stina, Petter (1791- ). 1793. Petter, Britta Stina,<\/p>\n","protected":false},"author":1,"featured_media":0,"parent":0,"menu_order":0,"comment_status":"closed","ping_status":"closed","template":"","meta":{"footnotes":""},"class_list":["post-6221","page","type-page","status-publish","hentry"],"_links":{"self":[{"href":"https:\/\/vrigstadshembygdsforening.se\/index.php?rest_route=\/wp\/v2\/pages\/6221","targetHints":{"allow":["GET"]}}],"collection":[{"href":"https:\/\/vrigstadshembygdsforening.se\/index.php?rest_route=\/wp\/v2\/pages"}],"about":[{"href":"https:\/\/vrigstadshembygdsforening.se\/index.php?rest_route=\/wp\/v2\/types\/page"}],"author":[{"embeddable":true,"href":"https:\/\/vrigstadshembygdsforening.se\/index.php?rest_route=\/wp\/v2\/users\/1"}],"replies":[{"embeddable":true,"href":"https:\/\/vrigstadshembygdsforening.se\/index.php?rest_route=%2Fwp%2Fv2%2Fcomments&post=6221"}],"version-history":[{"count":1,"href":"https:\/\/vrigstadshembygdsforening.se\/index.php?rest_route=\/wp\/v2\/pages\/6221\/revisions"}],"predecessor-version":[{"id":6222,"href":"https:\/\/vrigstadshembygdsforening.se\/index.php?rest_route=\/wp\/v2\/pages\/6221\/revisions\/6222"}],"wp:attachment":[{"href":"https:\/\/vrigstadshembygdsforening.se\/index.php?rest_route=%2Fwp%2Fv2%2Fmedia&parent=6221"}],"curies":[{"name":"wp","href":"https:\/\/api.w.org\/{rel}","templated":true}]}}