{"id":5972,"date":"2022-11-21T11:33:50","date_gmt":"2022-11-21T11:33:50","guid":{"rendered":"https:\/\/vrigstadshembygdsforening.se\/?page_id=5972"},"modified":"2022-11-30T18:10:58","modified_gmt":"2022-11-30T18:10:58","slug":"angaberget","status":"publish","type":"page","link":"https:\/\/vrigstadshembygdsforening.se\/?page_id=5972","title":{"rendered":"\u00c4ngaberget"},"content":{"rendered":"\n<p>Kusebo utjord var troligen rotens h\u00e4stbeteshage. \u00c4ngaberget l\u00e5g p\u00e5 Ekebergsdelen av utjorden. Lag\u00e5rden var liten och hade plats f\u00f6r en ko. Huset var litet och revs 1914. Inneh\u00f6ll ett rum och k\u00f6k.<\/p>\n\n\n\n<p>1883. Sven Gustav Magnusson (1825-11-01&#8211;1913), Maria Christina Carlsdotter (1830-04-28\u20141911-04-26) &#8211; gjorde kvastar, Kristina Charlotta (1864-01-01- ), Karolina Wilhelmina (1866-05-21- ), Emma Elisabeth (1869-01-20- ), Frans Emil Svensson (1879-04-26\u20141900-08-19), Sven Axel (1889-11-24- ), Carl Henrik Emanuel (1894-04-06- ) \u2013 Emma Elisabeths o\u00e4. s\u00f6ner. Inflyttade fr\u00e5n Hjortaliden, Knekestorp. \u00c4nklingen flyttade 1911 till fattighuset.<\/p>\n\n\n\n<p>1902. Klas August Svensson (1856-10-08- ), Anna Lisa Johansdotter (1857-06-20- ), Sven Edvin (1889-10-20- ), Ester Karin Elisabet (1891-11-17- ), Ellen Viktoria Ingeborg (1900-02-05- ). Inflyttade fr\u00e5n Svenarum. Flyttade 1905 till Bj\u00f6rkholm, Virestorp.<\/p>\n","protected":false},"excerpt":{"rendered":"<p>Kusebo utjord var troligen rotens h\u00e4stbeteshage. \u00c4ngaberget l\u00e5g p\u00e5 Ekebergsdelen av utjorden. Lag\u00e5rden var liten och hade plats f\u00f6r en<\/p>\n","protected":false},"author":1,"featured_media":0,"parent":0,"menu_order":0,"comment_status":"closed","ping_status":"closed","template":"","meta":{"footnotes":""},"class_list":["post-5972","page","type-page","status-publish","hentry"],"_links":{"self":[{"href":"https:\/\/vrigstadshembygdsforening.se\/index.php?rest_route=\/wp\/v2\/pages\/5972","targetHints":{"allow":["GET"]}}],"collection":[{"href":"https:\/\/vrigstadshembygdsforening.se\/index.php?rest_route=\/wp\/v2\/pages"}],"about":[{"href":"https:\/\/vrigstadshembygdsforening.se\/index.php?rest_route=\/wp\/v2\/types\/page"}],"author":[{"embeddable":true,"href":"https:\/\/vrigstadshembygdsforening.se\/index.php?rest_route=\/wp\/v2\/users\/1"}],"replies":[{"embeddable":true,"href":"https:\/\/vrigstadshembygdsforening.se\/index.php?rest_route=%2Fwp%2Fv2%2Fcomments&post=5972"}],"version-history":[{"count":2,"href":"https:\/\/vrigstadshembygdsforening.se\/index.php?rest_route=\/wp\/v2\/pages\/5972\/revisions"}],"predecessor-version":[{"id":6207,"href":"https:\/\/vrigstadshembygdsforening.se\/index.php?rest_route=\/wp\/v2\/pages\/5972\/revisions\/6207"}],"wp:attachment":[{"href":"https:\/\/vrigstadshembygdsforening.se\/index.php?rest_route=%2Fwp%2Fv2%2Fmedia&parent=5972"}],"curies":[{"name":"wp","href":"https:\/\/api.w.org\/{rel}","templated":true}]}}