{"id":5959,"date":"2022-11-20T15:01:32","date_gmt":"2022-11-20T15:01:32","guid":{"rendered":"https:\/\/vrigstadshembygdsforening.se\/?page_id=5959"},"modified":"2022-11-30T18:09:01","modified_gmt":"2022-11-30T18:09:01","slug":"akakop","status":"publish","type":"page","link":"https:\/\/vrigstadshembygdsforening.se\/?page_id=5959","title":{"rendered":"\u00c5kak\u00f6p"},"content":{"rendered":"\n<p>3\/16 mtl Fr\u00e4lse.<\/p>\n\n\n\n<p>Sven Petersson (1829-03-17- ), Greta Lisa Petersdotter (1827-01-21- ), Anna Maria (1857-01-27- ), Claes Johan (1860-03-15- ). F\u00f6r\u00e4ldrarna flyttar till J\u00f6nk\u00f6ping 1865.<\/p>\n\n\n\n<p>1866. Clas August Johannesson (1840-01-05\u20141917-12-02), M\u00e4rta Charlotta Andersdotter Lindbom (1836-03-20- ), Augusta (1867-07-02- ), Johan Emil (1869-02-05- ), Anna Lovisa (1871-11-27- ), Emma Charlotta (1874-05-25- ), Frans Algot (1877-02-01- ), Hulda Kristina (1879-08-08- ), Josefina Vilhelmina (1882-02-19\u20141885-12-17).<\/p>\n\n\n\n<p>1886. Johannes August Svensson (1840-08-03- ), Lovisa Johannesdotter (1838-10-22- ), Anders Johan (1865-01-09- ), Carl August (1867-08-31- ), Anna Augusta (1870-09-21- ), Claes Alfred (1873-01-18- ), Frans Edvard (1875-08-22- ), Oscar Vilhelm (1878-03-04- ), Axel Efraim (1881-01-02- ), Otto Enoch (1884-03-05- ). Inflyttade fr\u00e5n \u00d6rg\u00f6len. Flyttar 1887 tillbaka dit.<\/p>\n\n\n\n<p>1887. Karl Henning Andreasson (1856-01-26- ), Mina Andersdotter (1862-05-31- ), Signe Maria (1887-01-13- ), Emmy (1888-10-22- ), M\u00e4rta (1890-09-01- ). Inflyttade fr\u00e5n Svenarum. Flyttar till Djurskullen 1893.<\/p>\n\n\n\n<p>1893. August Wilhelm Larsson (1859-04-04- ), Johanna Christersson (1862-07-26- ), Enok (1884-07-31\u20141915-10-31), Hanna Elvira (1885-12-09\u20141917-04-20), David (1888-12-18- ), Rut Agne (1889-09-06- ), Signe Maria (1891-10-16\u20141900-06-01), Aron (1893-05-12- ), Sven Ruben (1895-05-17- ), Elin Batseba (1897-07-26\u20141900-07-13), Astrid Linnea Magdalena (1899-07-22- ), Signe Elin Maria (1901-08-28- ), John Paul Wallentin (1904-08-09- ), Filip Vilhelm Mattias (1909-04-22- ). F\u00f6r\u00e4ldrarna flyttar 1925 till Lundby V\u00e4streg\u00e5rd.<br>Hyresg\u00e4ster Johan August Wiss (1807-07-05- ) &#8211; toffelmakare, Jenny Charlotta Storm (1872-11-01- ), Erik Harald Wallentin (1896-04-03- ), Hilda Olga Linnea (1898-04-28- ). Flyttar \u00e5r 1900 till Trism\u00e5len.<\/p>\n\n\n\n<p>1928. Sven Ruben Larsson (1895-05-17- ) \u2013 se ovan, Eva Stefani Charlotta Gustavsson (1899-07-17- ), Sven Ragnvald Robert (1929-07-11- ), Eva Gunli Gunvor (1930-10-26- ), Birgitta Charlotta Marianne (1932-01-25- ).<\/p>\n\n\n\n<p><a href=\"https:\/\/vrigstadshembygdsforening.se\/PDF\/1987.pdf\">Karta<\/a>.<\/p>\n","protected":false},"excerpt":{"rendered":"<p>3\/16 mtl Fr\u00e4lse. Sven Petersson (1829-03-17- ), Greta Lisa Petersdotter (1827-01-21- ), Anna Maria (1857-01-27- ), Claes Johan (1860-03-15- ).<\/p>\n","protected":false},"author":1,"featured_media":0,"parent":0,"menu_order":0,"comment_status":"closed","ping_status":"closed","template":"","meta":{"footnotes":""},"class_list":["post-5959","page","type-page","status-publish","hentry"],"_links":{"self":[{"href":"https:\/\/vrigstadshembygdsforening.se\/index.php?rest_route=\/wp\/v2\/pages\/5959","targetHints":{"allow":["GET"]}}],"collection":[{"href":"https:\/\/vrigstadshembygdsforening.se\/index.php?rest_route=\/wp\/v2\/pages"}],"about":[{"href":"https:\/\/vrigstadshembygdsforening.se\/index.php?rest_route=\/wp\/v2\/types\/page"}],"author":[{"embeddable":true,"href":"https:\/\/vrigstadshembygdsforening.se\/index.php?rest_route=\/wp\/v2\/users\/1"}],"replies":[{"embeddable":true,"href":"https:\/\/vrigstadshembygdsforening.se\/index.php?rest_route=%2Fwp%2Fv2%2Fcomments&post=5959"}],"version-history":[{"count":2,"href":"https:\/\/vrigstadshembygdsforening.se\/index.php?rest_route=\/wp\/v2\/pages\/5959\/revisions"}],"predecessor-version":[{"id":6203,"href":"https:\/\/vrigstadshembygdsforening.se\/index.php?rest_route=\/wp\/v2\/pages\/5959\/revisions\/6203"}],"wp:attachment":[{"href":"https:\/\/vrigstadshembygdsforening.se\/index.php?rest_route=%2Fwp%2Fv2%2Fmedia&parent=5959"}],"curies":[{"name":"wp","href":"https:\/\/api.w.org\/{rel}","templated":true}]}}