{"id":5940,"date":"2022-11-18T17:30:24","date_gmt":"2022-11-18T17:30:24","guid":{"rendered":"https:\/\/vrigstadshembygdsforening.se\/?page_id=5940"},"modified":"2022-11-30T18:07:17","modified_gmt":"2022-11-30T18:07:17","slug":"tappa-lilla","status":"publish","type":"page","link":"https:\/\/vrigstadshembygdsforening.se\/?page_id=5940","title":{"rendered":"T\u00e4ppa, Lilla"},"content":{"rendered":"\n<p>Ursprungligen torp under Norra Virestorp, senare brukat till g\u00e5rden. Sist bodde h\u00e4r \u00e4nkan Maja Petersdotter med dottern Sara Helena. De dog b\u00e5da 1857. Det exakta l\u00e4get f\u00f6r platsen d\u00e4r huset en g\u00e5ng st\u00e5tt har tyv\u00e4rr inte g\u00e5tt att s\u00e4kert fastst\u00e4lla.<\/p>\n\n\n\n<p>Elg (1751- ), Brita Stina, Johannes (1788- ), Sven (1790- ), Maja (1793- ), Anna (1797- ), Lena (1802- ).<\/p>\n\n\n\n<p>1810. Anders Larsson (1775\u20141848-05-10), Maja (1780\u20141857-10-18), Sara Lena (1808-01-10- ), Sara Helena (1809-01-13\u20141857-09-25), Anders Johan (1810-08-25- ), Hans Petter (1813-01-21- ), Johannes (1818-03-06- ), Malchus och Lisa (1821-04-13- b\u00e5da d\u00f6da).<\/p>\n","protected":false},"excerpt":{"rendered":"<p>Ursprungligen torp under Norra Virestorp, senare brukat till g\u00e5rden. Sist bodde h\u00e4r \u00e4nkan Maja Petersdotter med dottern Sara Helena. De<\/p>\n","protected":false},"author":1,"featured_media":0,"parent":0,"menu_order":0,"comment_status":"closed","ping_status":"closed","template":"","meta":{"footnotes":""},"class_list":["post-5940","page","type-page","status-publish","hentry"],"_links":{"self":[{"href":"https:\/\/vrigstadshembygdsforening.se\/index.php?rest_route=\/wp\/v2\/pages\/5940","targetHints":{"allow":["GET"]}}],"collection":[{"href":"https:\/\/vrigstadshembygdsforening.se\/index.php?rest_route=\/wp\/v2\/pages"}],"about":[{"href":"https:\/\/vrigstadshembygdsforening.se\/index.php?rest_route=\/wp\/v2\/types\/page"}],"author":[{"embeddable":true,"href":"https:\/\/vrigstadshembygdsforening.se\/index.php?rest_route=\/wp\/v2\/users\/1"}],"replies":[{"embeddable":true,"href":"https:\/\/vrigstadshembygdsforening.se\/index.php?rest_route=%2Fwp%2Fv2%2Fcomments&post=5940"}],"version-history":[{"count":2,"href":"https:\/\/vrigstadshembygdsforening.se\/index.php?rest_route=\/wp\/v2\/pages\/5940\/revisions"}],"predecessor-version":[{"id":6197,"href":"https:\/\/vrigstadshembygdsforening.se\/index.php?rest_route=\/wp\/v2\/pages\/5940\/revisions\/6197"}],"wp:attachment":[{"href":"https:\/\/vrigstadshembygdsforening.se\/index.php?rest_route=%2Fwp%2Fv2%2Fmedia&parent=5940"}],"curies":[{"name":"wp","href":"https:\/\/api.w.org\/{rel}","templated":true}]}}