{"id":5936,"date":"2022-11-18T17:09:09","date_gmt":"2022-11-18T17:09:09","guid":{"rendered":"https:\/\/vrigstadshembygdsforening.se\/?page_id=5936"},"modified":"2022-11-30T18:07:05","modified_gmt":"2022-11-30T18:07:05","slug":"tappa-sjoviken-sjoaviken","status":"publish","type":"page","link":"https:\/\/vrigstadshembygdsforening.se\/?page_id=5936","title":{"rendered":"T\u00e4ppa, Sj\u00f6viken, Sj\u00f6aviken"},"content":{"rendered":"\n<p>Torp under Norra Virestorp, sedan 1905 \u00e4gt till Aspelunden. Husen fortfarande kvar och v\u00e4l bevarade. Den siste som permanent bodde h\u00e4r var torparen och \u00e4garen Klas Andersson, som 1901 flyttade till Kvarnag\u00e5rden i Svenarums socken. Den vattenhjulsdrivna s\u00e5gen byggdes i b\u00f6rjan av seklet av \u00e4garen till Aspelunden Gustav Edvard Ekholm. Den anv\u00e4ndes som husbehovss\u00e5g \u00e4nnu omkring 1930 av hans s\u00f6ner Gustaf och Oskar.<\/p>\n\n\n\n<p>Petter, ?, Jon, Lena Nils, Anna Catharina.<\/p>\n\n\n\n<p>1787. Mathias, Helena, Lisa Maja (1788- ), Johannes (1791- ), Lovisa (1794-05-??- ). Flyttar 1795.<\/p>\n\n\n\n<p>1796. Jonas, Annika, Magnus (1786- ), Maja Lisa, Ingeborg Lena, Lars (1795- ).<\/p>\n\n\n\n<p>Hultman, Stina (1748- ). Flyttar 1817.<\/p>\n\n\n\n<p>1817. Soldat Magnus \u00c5hl (1793-05-29- ), Lena Catarina Pettersdotter (1791- ), Carl Johan (1818-02-16- ), Maja Lisa (1823-07-27- ). Inflyttade fr\u00e5n Hylletofta. Flyttade 1823 till L\u00e5ngserum.<\/p>\n\n\n\n<p>Petter Magnus Johannesson (1806-02-01- ), Catharina Arvidsdotter, Anna Sofia (1829-11-01- ), Britta Sofia (1832- ), Jonas Magnus (1833-09-14- ), Klaes (1836-03-14\u20141838-10-02). Flyttar 1838 till Berget, Djurskullen.<\/p>\n\n\n\n<p>1840. Sven Arvidsson (1790-03-02\u20141872-08-08), Anna Maja J\u00f6nsdotter (1794- ). Inflyttade fr\u00e5n Bj\u00e4llebo.<\/p>\n\n\n\n<p>1862. Anders Johan Johansson (1820-06-14- ), Sara Lisa Svensdotter (1818-02-17- ), Karl Gustaf (1848-05-31- ), Flyttar 1874 till Svenarum.<\/p>\n\n\n\n<p>1873. Johan Vigilius Rydell (1846-01-31- ).<\/p>\n\n\n\n<p>1878. Anders Petersson (1824-03-11- ), Henrika Charlotte Sandstedt (1824-10-24\u20141887-10-11), Frans August Henning (1851-05-22- ), Klaes Edvard (1863-07-04- ). Inflyttade fr\u00e5n Planen, Lundholmen. Anders flyttar 1901 till Svenarum.<\/p>\n\n\n\n<p>1887. Klaes Edvard Andersson (1863-07-04- ), Emma Vilhelmina Andersdotter (1862-06-29- ), Karl Oskar (1889-02-17\u20141889-03-10), Carl Adrian (1890-11-19- ), Oskar Fredrik (1898-01-08- ). Flyttar 1901 till Kvarnag\u00e5rden, Svenarum.<\/p>\n\n\n\n<p>1913. \u00c4nkan Anna Lisa Johannesdotter (1838-02-17- ). Inflyttad fr\u00e5n Botorp och flyttar tillbaka dit 1917.<\/p>\n\n\n\n<p><a href=\"https:\/\/vrigstadshembygdsforening.se\/PDF\/1988.pdf\">Karta<\/a>.<\/p>\n","protected":false},"excerpt":{"rendered":"<p>Torp under Norra Virestorp, sedan 1905 \u00e4gt till Aspelunden. Husen fortfarande kvar och v\u00e4l bevarade. Den siste som permanent bodde<\/p>\n","protected":false},"author":1,"featured_media":0,"parent":0,"menu_order":0,"comment_status":"closed","ping_status":"closed","template":"","meta":{"footnotes":""},"class_list":["post-5936","page","type-page","status-publish","hentry"],"_links":{"self":[{"href":"https:\/\/vrigstadshembygdsforening.se\/index.php?rest_route=\/wp\/v2\/pages\/5936","targetHints":{"allow":["GET"]}}],"collection":[{"href":"https:\/\/vrigstadshembygdsforening.se\/index.php?rest_route=\/wp\/v2\/pages"}],"about":[{"href":"https:\/\/vrigstadshembygdsforening.se\/index.php?rest_route=\/wp\/v2\/types\/page"}],"author":[{"embeddable":true,"href":"https:\/\/vrigstadshembygdsforening.se\/index.php?rest_route=\/wp\/v2\/users\/1"}],"replies":[{"embeddable":true,"href":"https:\/\/vrigstadshembygdsforening.se\/index.php?rest_route=%2Fwp%2Fv2%2Fcomments&post=5936"}],"version-history":[{"count":2,"href":"https:\/\/vrigstadshembygdsforening.se\/index.php?rest_route=\/wp\/v2\/pages\/5936\/revisions"}],"predecessor-version":[{"id":6196,"href":"https:\/\/vrigstadshembygdsforening.se\/index.php?rest_route=\/wp\/v2\/pages\/5936\/revisions\/6196"}],"wp:attachment":[{"href":"https:\/\/vrigstadshembygdsforening.se\/index.php?rest_route=%2Fwp%2Fv2%2Fmedia&parent=5936"}],"curies":[{"name":"wp","href":"https:\/\/api.w.org\/{rel}","templated":true}]}}