{"id":592,"date":"2015-07-17T17:20:08","date_gmt":"2015-07-17T17:20:08","guid":{"rendered":"http:\/\/vrigstadshembygdsforening.se\/?page_id=592"},"modified":"2020-08-18T15:35:25","modified_gmt":"2020-08-18T15:35:25","slug":"vrigstad-skola-tva-smaskollararinnor","status":"publish","type":"page","link":"https:\/\/vrigstadshembygdsforening.se\/?page_id=592","title":{"rendered":"Vrigstad skola &#8211; Tv\u00e5 sm\u00e5skoll\u00e4rarinnor"},"content":{"rendered":"<h2>Johanna Bergstr\u00f6m<\/h2>\n<p>Johanna Andersdotter Bergstr\u00f6m p\u00e5 Str\u00f6msholm, en stuga vid Lammafors under Lammaskog, var l\u00e5ng tid sm\u00e5skoll\u00e4rare i norra delen av Vrigstads socken. Johanna Bergstr\u00f6m var f\u00f6dd 11\/4 1848 i Lammaskog. Fadern Anders Karlsson dog ett par \u00e5r senare. Modern gifte om sig med Johannes Karlsson, som fortsatte som bonde i Lammaskog.1868 var Johannes sjuklig och flyttade med sin familj till backstugan Svensbo under Lammaskog. D\u00e5 skrives Johanna som sm\u00e5skoll\u00e4rare. 1874 dog Johannes, och 1884 hade alla Johannas syskon flyttat ur hemmet, \u00e4ven en syster, som var gift med skr\u00e4ddaren Sidenkvist och som med tv\u00e5 barn bott kvar i Svensbo. Allts\u00e5 bodde i backstugan sammanlagt \u00e5tta personer av tre generationer. 1887 flyttade Johanna stugan fr\u00e5n Svensbo, som l\u00e5g vid en \u00e5kerlycka mitt inne i storskogen utmed en liten stig mellan Lammaskog och \u00c5kak\u00f6p, till en plan vid Lammafors, d\u00e4r det fanns en s\u00e5g och snickerifabrik. 1889 avled modern. D\u00e5 skrives Johanna med namnet Bergstr\u00f6m. Hon hyrde plan f\u00f6r huset. Planhyran var 1 kr 50 \u00f6re om \u00e5ret.<\/p>\n<p>Enligt den muntliga traditionen (\u00e4garen av Lammaskog) hade Johanna sm\u00e5skola p\u00e5 andra v\u00e5ningen i stugan, f\u00f6rst p\u00e5 Svensbo och sedan p\u00e5 Str\u00f6msholm. Dessutom undervisade hon i ett rum p\u00e5 torpet Andersholm under Hj\u00e4rtetorp, P\u00e5 backstugan Gr\u00f6ndal under Lundby Mellang\u00e5rd och p\u00e5 backstugan Bj\u00f6rkholmen under Virestorp S\u00f6derg\u00e5rd. Hon hade ingen utbildning utan bara blev l\u00e4rare. Man anar, att det var en fattigstat, som sparades in, \u00e4ven om det ingenst\u00e4des uts\u00e4ges. Alla som minns Johanna Bergstr\u00f6m talar v\u00e4l om henne, s\u00e4rskilt minns man hur v\u00e4l hon tog hand om sin gamla moder.<\/p>\n<h2>Hedda Falk<\/h2>\n<p>En sm\u00e5skoll\u00e4rarinna, som tj\u00e4nstgjorde sporadiskt, var Hedda Falk. Hon var f\u00f6dd 1\/3 1860 p\u00e5 backstugan Fridhem under Virestorps S\u00f6derg\u00e5rd, d\u00e4r hon bodde hela sitt liv, tills hon 1928 intogs p\u00e5 \u00e5lderdomshemmet i Vrigstad. D\u00e4r dog hon 1929. Modern Stina Johannesdotter, som var ogift, var f\u00f6dd i Lammaskog 18\/12 1825. Hon var of\u00e4rdig i h\u00e4nderna. \u00c4ven Hedda Falk var of\u00e4rdig i h\u00e4nderna. P\u00e5 ena handen var fingrarna stympade. Det ber\u00e4ttas, att hon br\u00e4nt s\u00f6nder handen, n\u00e4r hon f\u00f6ll i elden i den \u00f6ppna spisen i sin barndom. Hedda satt alltid och virkade, oftast mycket fina saker, som inte passade in i hennes milj\u00f6. Men det var s\u00e4ljbara prydnader, som gav lite kontanter. Hon var sm\u00e5skoll\u00e4rarinna s\u00e4kert 1878-1885. &#8221;Hon l\u00e4rde barnen katekesen och psalms\u00e5ng.&#8221; \u00c4nda fram mot 1920 undervisade hon i s\u00e5ng i Virestorps skola.<\/p>\n<p>Att Hedda Falk inte var till fullo utbildad l\u00e4rare, framg\u00e5r av skolr\u00e5dets protokoll 25\/9 1884, d\u00e4r det s\u00e4gs:<br \/>\n&#8221;R\u00f6rande Hedda Falk h\u00e4nvisade ordf\u00f6randen till Herr Folkskoleinspekt\u00f6ren D Ahnstrands skrivelse, d\u00e4r han anmodar skolr\u00e5det att i hennes st\u00e4lle f\u00f6rordna dugligare l\u00e4rarinna, en\u00e4r hon icke \u00e4ger f\u00f6rm\u00e5ga att n\u00f6jaktigt bedriva undervisning i sm\u00e5skolan.<\/p>\n<p>Medan fr\u00e5gan diskuterats skred man till omr\u00f6stning, vilken utf\u00f6ll s\u00e5 att Klas Johannesson i Gettersryd, Johannes Svensson p\u00e5 \u00d6rg\u00f6len, Karl Johannesson i Knekestorp och handlanden Johan Ek r\u00f6stade f\u00f6r hennes bibeh\u00e5llande s\u00e5som l\u00e4rarinna, d\u00e5 d\u00e4remot C J Bergstr\u00f6m i Stenshult, kantor Sven Granqvist, Karl Hafstr\u00f6m och undertecknad ordf\u00f6rande Wetter r\u00f6star emot hennes antagande f\u00f6r kommande \u00e5r, vadan hon med innevarande \u00e5r skall l\u00e4mna sin befattning.&#8221;<\/p>\n<p>Detta utesl\u00f6t dock inte, att Hedda Falk var bra att ta till som vikarie i kritiska situationer.<br \/>\n1894-1896 vikarierade Hedda Falk i Hultsj\u00f6 (K\u00e4ttorp) skola. Hon fick f\u00f6rordnande f\u00f6r ett \u00e5r i taget, eftersom det inte fanns n\u00e5gon s\u00f6kande till tj\u00e4nsten.<\/p>\n<p>Informationen om skolan i Vrigstads socken \u00e4r h\u00e4mtad ur &#8221;Vi byggde skolan &#8211; Historien om skolorna i S\u00e4vsj\u00f6 kommun&#8221;, utgiven av skolstyrelsen 1992.<br \/>\nF\u00f6rfattare: Elna Nilsson och Henry Renshult.<\/p>\n","protected":false},"excerpt":{"rendered":"<p>Johanna Bergstr\u00f6m Johanna Andersdotter Bergstr\u00f6m p\u00e5 Str\u00f6msholm, en stuga vid Lammafors under Lammaskog, var l\u00e5ng tid sm\u00e5skoll\u00e4rare i norra delen<\/p>\n","protected":false},"author":1,"featured_media":0,"parent":0,"menu_order":0,"comment_status":"closed","ping_status":"open","template":"","meta":{"footnotes":""},"class_list":["post-592","page","type-page","status-publish","hentry"],"_links":{"self":[{"href":"https:\/\/vrigstadshembygdsforening.se\/index.php?rest_route=\/wp\/v2\/pages\/592","targetHints":{"allow":["GET"]}}],"collection":[{"href":"https:\/\/vrigstadshembygdsforening.se\/index.php?rest_route=\/wp\/v2\/pages"}],"about":[{"href":"https:\/\/vrigstadshembygdsforening.se\/index.php?rest_route=\/wp\/v2\/types\/page"}],"author":[{"embeddable":true,"href":"https:\/\/vrigstadshembygdsforening.se\/index.php?rest_route=\/wp\/v2\/users\/1"}],"replies":[{"embeddable":true,"href":"https:\/\/vrigstadshembygdsforening.se\/index.php?rest_route=%2Fwp%2Fv2%2Fcomments&post=592"}],"version-history":[{"count":3,"href":"https:\/\/vrigstadshembygdsforening.se\/index.php?rest_route=\/wp\/v2\/pages\/592\/revisions"}],"predecessor-version":[{"id":935,"href":"https:\/\/vrigstadshembygdsforening.se\/index.php?rest_route=\/wp\/v2\/pages\/592\/revisions\/935"}],"wp:attachment":[{"href":"https:\/\/vrigstadshembygdsforening.se\/index.php?rest_route=%2Fwp%2Fv2%2Fmedia&parent=592"}],"curies":[{"name":"wp","href":"https:\/\/api.w.org\/{rel}","templated":true}]}}