{"id":5863,"date":"2022-11-13T11:10:49","date_gmt":"2022-11-13T11:10:49","guid":{"rendered":"https:\/\/vrigstadshembygdsforening.se\/?page_id=5863"},"modified":"2022-11-30T17:58:26","modified_gmt":"2022-11-30T17:58:26","slug":"svenseryd-lilla-heddes-knallens","status":"publish","type":"page","link":"https:\/\/vrigstadshembygdsforening.se\/?page_id=5863","title":{"rendered":"Svenseryd Lilla, Heddes, Knallens"},"content":{"rendered":"\n<p>Torp under \u00c5kak\u00f6p. Kallades allm\u00e4nt &#8221;Heddes&#8221; eller &#8221;Knallens&#8221;. Den som sist bodde h\u00e4r var Hedvig (Hedda) \u00c4ng, f\u00f6dd Fin\u00e9r, som 1903 flyttade till \u00c5lderdomshemmet och efter kort tid dog d\u00e4r. Hennes sambo, g\u00e5rdfarihandlaren Erik Johan Jonsson, kallad &#8221;Knallen&#8221;, dog h\u00e4r 1899.<\/p>\n\n\n\n<p>1881. Erik Johan Jonasson (1829-02-01&#8211;1899-02-06), Hedvig Sofia \u00c4ng Fin\u00e9r (1823-05-19- ). \u00c4nkan Hedvig Sofia inflyttad fr\u00e5n Svenseryd. Flyttade 1903 till fattighuset.<\/p>\n\n\n\n<p>1901. Hulda Josefina Johansdotter (1889-02-07- ) \u2013 dotterdotter till Hedvig Sofia, Klas Enok (1900-02-07\u20141901-03-23) \u2013 o\u00e4. son. Inflyttade fr\u00e5n \u00d6ggestorp. 1902 flyttade Hulda Josefina tillbaka dit.<\/p>\n\n\n\n<p><a href=\"https:\/\/vrigstadshembygdsforening.se\/PDF\/1986.pdf\">Karta<\/a>.<\/p>\n","protected":false},"excerpt":{"rendered":"<p>Torp under \u00c5kak\u00f6p. Kallades allm\u00e4nt &#8221;Heddes&#8221; eller &#8221;Knallens&#8221;. Den som sist bodde h\u00e4r var Hedvig (Hedda) \u00c4ng, f\u00f6dd Fin\u00e9r, som<\/p>\n","protected":false},"author":1,"featured_media":0,"parent":0,"menu_order":0,"comment_status":"closed","ping_status":"closed","template":"","meta":{"footnotes":""},"class_list":["post-5863","page","type-page","status-publish","hentry"],"_links":{"self":[{"href":"https:\/\/vrigstadshembygdsforening.se\/index.php?rest_route=\/wp\/v2\/pages\/5863","targetHints":{"allow":["GET"]}}],"collection":[{"href":"https:\/\/vrigstadshembygdsforening.se\/index.php?rest_route=\/wp\/v2\/pages"}],"about":[{"href":"https:\/\/vrigstadshembygdsforening.se\/index.php?rest_route=\/wp\/v2\/types\/page"}],"author":[{"embeddable":true,"href":"https:\/\/vrigstadshembygdsforening.se\/index.php?rest_route=\/wp\/v2\/users\/1"}],"replies":[{"embeddable":true,"href":"https:\/\/vrigstadshembygdsforening.se\/index.php?rest_route=%2Fwp%2Fv2%2Fcomments&post=5863"}],"version-history":[{"count":2,"href":"https:\/\/vrigstadshembygdsforening.se\/index.php?rest_route=\/wp\/v2\/pages\/5863\/revisions"}],"predecessor-version":[{"id":6177,"href":"https:\/\/vrigstadshembygdsforening.se\/index.php?rest_route=\/wp\/v2\/pages\/5863\/revisions\/6177"}],"wp:attachment":[{"href":"https:\/\/vrigstadshembygdsforening.se\/index.php?rest_route=%2Fwp%2Fv2%2Fmedia&parent=5863"}],"curies":[{"name":"wp","href":"https:\/\/api.w.org\/{rel}","templated":true}]}}