{"id":5842,"date":"2022-11-11T13:23:57","date_gmt":"2022-11-11T13:23:57","guid":{"rendered":"https:\/\/vrigstadshembygdsforening.se\/?page_id=5842"},"modified":"2022-11-30T17:55:56","modified_gmt":"2022-11-30T17:55:56","slug":"svaneholm-svanaholm-svan-evas","status":"publish","type":"page","link":"https:\/\/vrigstadshembygdsforening.se\/?page_id=5842","title":{"rendered":"Svaneholm, Svanaholm, Svan-Evas"},"content":{"rendered":"\n<p>Backstuga under Norra Virestorp. H\u00e4r bodde Eva Svan, kallad Svan-Eva, f\u00f6dd 1796 och dotter till sergeanten Jakob Svan, som enligt kyrkboken var &#8221;of\u00f6rm\u00f6gen till arbete p\u00e5 grund av br\u00e5ck&#8221;. Eva var ocks\u00e5 sjuklig och of\u00e4rdig. Hon tillbringade hela sitt liv h\u00e4r, tills hon 1873 flyttades till \u00e5lderdomshemmet.<\/p>\n\n\n\n<p>1795. Avskedad sergeant Jacob Svahn (1754-06-18\u20141847-12-25), Christina Matisdotter (1756-11-03&#8211;1837), Eva Christina (1796-10-16- ). Flyttade 1873 till \u00e5lderdomshemmet.<\/p>\n\n\n\n<p><a href=\"https:\/\/vrigstadshembygdsforening.se\/PDF\/1988.pdf\">Karta<\/a>.<\/p>\n","protected":false},"excerpt":{"rendered":"<p>Backstuga under Norra Virestorp. H\u00e4r bodde Eva Svan, kallad Svan-Eva, f\u00f6dd 1796 och dotter till sergeanten Jakob Svan, som enligt<\/p>\n","protected":false},"author":1,"featured_media":0,"parent":0,"menu_order":0,"comment_status":"closed","ping_status":"closed","template":"","meta":{"footnotes":""},"class_list":["post-5842","page","type-page","status-publish","hentry"],"_links":{"self":[{"href":"https:\/\/vrigstadshembygdsforening.se\/index.php?rest_route=\/wp\/v2\/pages\/5842","targetHints":{"allow":["GET"]}}],"collection":[{"href":"https:\/\/vrigstadshembygdsforening.se\/index.php?rest_route=\/wp\/v2\/pages"}],"about":[{"href":"https:\/\/vrigstadshembygdsforening.se\/index.php?rest_route=\/wp\/v2\/types\/page"}],"author":[{"embeddable":true,"href":"https:\/\/vrigstadshembygdsforening.se\/index.php?rest_route=\/wp\/v2\/users\/1"}],"replies":[{"embeddable":true,"href":"https:\/\/vrigstadshembygdsforening.se\/index.php?rest_route=%2Fwp%2Fv2%2Fcomments&post=5842"}],"version-history":[{"count":2,"href":"https:\/\/vrigstadshembygdsforening.se\/index.php?rest_route=\/wp\/v2\/pages\/5842\/revisions"}],"predecessor-version":[{"id":6170,"href":"https:\/\/vrigstadshembygdsforening.se\/index.php?rest_route=\/wp\/v2\/pages\/5842\/revisions\/6170"}],"wp:attachment":[{"href":"https:\/\/vrigstadshembygdsforening.se\/index.php?rest_route=%2Fwp%2Fv2%2Fmedia&parent=5842"}],"curies":[{"name":"wp","href":"https:\/\/api.w.org\/{rel}","templated":true}]}}