{"id":5836,"date":"2022-11-10T18:05:31","date_gmt":"2022-11-10T18:05:31","guid":{"rendered":"https:\/\/vrigstadshembygdsforening.se\/?page_id=5836"},"modified":"2022-11-30T17:55:20","modified_gmt":"2022-11-30T17:55:20","slug":"stromslund","status":"publish","type":"page","link":"https:\/\/vrigstadshembygdsforening.se\/?page_id=5836","title":{"rendered":"Str\u00f6mslund"},"content":{"rendered":"\n<p>Torp under Gnillinge. Sista inv\u00e5nare var Emil och Beda Svensson. Huset flyttades omkring 1926-27 till nuvarande Enebo.<\/p>\n\n\n\n<p>1857. Klas Magnus Andersson Almqvist (1825-11-03\u20141889-06-15) &#8211; son till ovan, Magdalena Niklasdotter (1829-12-18&#8211;1884), August (1860-02-06- ), Karl Anders (1862-04-18- ). Flyttar 1864 till S\u00e4by.<\/p>\n\n\n\n<p>1857. Inhyses Anders Almqvist (1789-09-28&#8211;1878), Stina Gudmundsdotter (1797-11-26&#8211;1878), Johan Malkolm (1837-01-01&#8211;1866) \u2013 \u201dsaknar arbetsf\u00f6rm\u00e5ga i f\u00f6ljd av bottagenhet vid invertes slag\u201d.<\/p>\n\n\n\n<p>1868. Klas Magnus Andersson Almqvist (1825-11-03\u20141889-06-15) \u2013 se ovan, Magdalena Niklasdotter (1829-12-18\u20141884-06-14), August (1860-02-06- ), Karl Anders (1862-04-18- ), Henning (1872-09-01- ). Inflyttade fr\u00e5n S\u00e4by. F\u00f6r\u00e4ldrarna bodde kvar till sin d\u00f6d.<\/p>\n\n\n\n<p>1886. Karl Anders Klasson Almqvist (1862-04-18- ) \u2013 se ovan, Kristina Josefina Karlsdotter Bergstr\u00f6m (1869-03-22- ), August Teodor (1887-11-16- ), Ellen Eugenia (1890-06-18- ), Carl Henrik (1893-08-22- ), Nelly (1896-12-14\u20141897-01-22). Flyttade 1899 till Stenshult.<\/p>\n\n\n\n<p>1900. Gratialisten Anders Johan Fager (1851-09-08- ), Anna Lovisa Fr\u00f6jd (1849-08-04- ), Ernst (1880-04-07- ) &#8211; soldat nr 6 vid J\u00f6nk\u00f6pings regemente. Ernst gifter sig 1901 med Hanna Charlotta Emilia Nordlander (1880-03-02- ), Karl Axel Gunnar (1901-08-04- ). Inflyttade fr\u00e5n Hushall, Sunnerby. F\u00f6r\u00e4ldrarna flyttar 1903 till V\u00e4rnamo. Ernst m. familj 1901 till N\u00e4ssj\u00f6.<\/p>\n\n\n\n<p>1904. Carl Emil Svensson (1869-05-02\u20141926-06-14), Beda Elise Classon (1877-05-26- ), Carl Paul Gustaf (1902-06-22- ), Theda Margareta Elisabeth (1904-09-23\u20141906-06-08), Otto Harald Martin (1906-11-09- ), Sven Emil (1909-02-05- ), Ingrid Elisabeth (1911-09-18- ), Nils Gottfrid (1914-06-09- ), Rut Magnhild (1916-11-18- ), Tora Maria (1921-03-05- ). Inflyttade fr\u00e5n Sunnerby S\u00f6derg\u00e5rd.<\/p>\n\n\n\n<p><a href=\"https:\/\/vrigstadshembygdsforening.se\/PDF\/1985.pdf\">Karta<\/a>.<\/p>\n","protected":false},"excerpt":{"rendered":"<p>Torp under Gnillinge. Sista inv\u00e5nare var Emil och Beda Svensson. Huset flyttades omkring 1926-27 till nuvarande Enebo. 1857. Klas Magnus<\/p>\n","protected":false},"author":1,"featured_media":0,"parent":0,"menu_order":0,"comment_status":"closed","ping_status":"closed","template":"","meta":{"footnotes":""},"class_list":["post-5836","page","type-page","status-publish","hentry"],"_links":{"self":[{"href":"https:\/\/vrigstadshembygdsforening.se\/index.php?rest_route=\/wp\/v2\/pages\/5836","targetHints":{"allow":["GET"]}}],"collection":[{"href":"https:\/\/vrigstadshembygdsforening.se\/index.php?rest_route=\/wp\/v2\/pages"}],"about":[{"href":"https:\/\/vrigstadshembygdsforening.se\/index.php?rest_route=\/wp\/v2\/types\/page"}],"author":[{"embeddable":true,"href":"https:\/\/vrigstadshembygdsforening.se\/index.php?rest_route=\/wp\/v2\/users\/1"}],"replies":[{"embeddable":true,"href":"https:\/\/vrigstadshembygdsforening.se\/index.php?rest_route=%2Fwp%2Fv2%2Fcomments&post=5836"}],"version-history":[{"count":2,"href":"https:\/\/vrigstadshembygdsforening.se\/index.php?rest_route=\/wp\/v2\/pages\/5836\/revisions"}],"predecessor-version":[{"id":6168,"href":"https:\/\/vrigstadshembygdsforening.se\/index.php?rest_route=\/wp\/v2\/pages\/5836\/revisions\/6168"}],"wp:attachment":[{"href":"https:\/\/vrigstadshembygdsforening.se\/index.php?rest_route=%2Fwp%2Fv2%2Fmedia&parent=5836"}],"curies":[{"name":"wp","href":"https:\/\/api.w.org\/{rel}","templated":true}]}}