{"id":5829,"date":"2022-11-10T16:35:03","date_gmt":"2022-11-10T16:35:03","guid":{"rendered":"https:\/\/vrigstadshembygdsforening.se\/?page_id=5829"},"modified":"2022-11-30T17:54:18","modified_gmt":"2022-11-30T17:54:18","slug":"stromsholm","status":"publish","type":"page","link":"https:\/\/vrigstadshembygdsforening.se\/?page_id=5829","title":{"rendered":"Str\u00f6msholm"},"content":{"rendered":"\n<p>Backstuga, under Lammaskog, flyttad 1887 fr\u00e5n Tabo (Svensbo) av Johanna Bergstr\u00f6m. Planhyra 1,50 kr per \u00e5r. Johanna Bergstr\u00f6m var f. d. sm\u00e5skolel\u00e4rarinna (1848-04-11 (i Vrigstad)- ). Hyresg\u00e4st var sm\u00e5skolel\u00e4rarinnan Linnea Lyd\u00e9n (1878-06-18 (i Eksj\u00f6)- ). Dr\u00e4ng var Claes August Hjort (1879-05-31 (i Gr\u00f6ndal, Lundby)- ).<\/p>\n\n\n\n<p>1887. Lisa Stina Jonsdotter (1812-04-14\u20141889-01-17), sm\u00e5skolel\u00e4rarinnan Johanna Bergstr\u00f6m (1848-04-11&#8211;1919-11-23). Johanna bodde h\u00e4r till sin d\u00f6d.<\/p>\n\n\n\n<p>1898. Sm\u00e5skolel\u00e4rarinnan Sigrid Linnea Lyd\u00e9n (1878-06-18- ). Bodde h\u00e4r knappt tre m\u00e5nader och flyttade i juni till Eksj\u00f6.<\/p>\n\n\n\n<p>1914. Anna Lisa Bergstr\u00f6m (1848-09-04- ). Inflyttad fr\u00e5n Lundholmen. Flyttar 1929 till Trism\u00e5len.<\/p>\n\n\n\n<p>1931. Helmer Maximilian Karlsson (1897-11-11-), Rut Ellen Linnea Karlsson (1902-01-07- ).<\/p>\n\n\n\n<p>Nedanst\u00e5ende uppgifter ej verifierade i husf\u00f6rh\u00f6rsl\u00e4ngd.<br>Hyresg\u00e4ster Frans Oskar Svensson (1873-08-03- ), Wilhelmina Elisabet Mallander (1873-06-14- ), Carl Oskar Georg (1897-03-24- ), Rebecka Emelia Elisabet (1899-04-29- ), Axel Filip Valentin (1901-09-16- ). Inflyttade fr\u00e5n N Sandsj\u00f6.<\/p>\n\n\n\n<p>Jonas Arvid Johanson (1881-01-26- ), Syster Anna Viktoria Johansson (1992-02-04- ), Alice Erika Linnea (1911-01-24- ), Alvar Axel (1912-05-21- ), Alf William (1914-09-12- ), Astrid Siri M\u00e4rta (1916-11-26- ), Aina Sofia Viktoria (1918-12-22- ), Adil Natanael (1921-01-29- ). Jonas Arvid utvandrad till USA 1910.<\/p>\n","protected":false},"excerpt":{"rendered":"<p>Backstuga, under Lammaskog, flyttad 1887 fr\u00e5n Tabo (Svensbo) av Johanna Bergstr\u00f6m. Planhyra 1,50 kr per \u00e5r. Johanna Bergstr\u00f6m var f.<\/p>\n","protected":false},"author":1,"featured_media":0,"parent":0,"menu_order":0,"comment_status":"closed","ping_status":"closed","template":"","meta":{"footnotes":""},"class_list":["post-5829","page","type-page","status-publish","hentry"],"_links":{"self":[{"href":"https:\/\/vrigstadshembygdsforening.se\/index.php?rest_route=\/wp\/v2\/pages\/5829","targetHints":{"allow":["GET"]}}],"collection":[{"href":"https:\/\/vrigstadshembygdsforening.se\/index.php?rest_route=\/wp\/v2\/pages"}],"about":[{"href":"https:\/\/vrigstadshembygdsforening.se\/index.php?rest_route=\/wp\/v2\/types\/page"}],"author":[{"embeddable":true,"href":"https:\/\/vrigstadshembygdsforening.se\/index.php?rest_route=\/wp\/v2\/users\/1"}],"replies":[{"embeddable":true,"href":"https:\/\/vrigstadshembygdsforening.se\/index.php?rest_route=%2Fwp%2Fv2%2Fcomments&post=5829"}],"version-history":[{"count":2,"href":"https:\/\/vrigstadshembygdsforening.se\/index.php?rest_route=\/wp\/v2\/pages\/5829\/revisions"}],"predecessor-version":[{"id":6166,"href":"https:\/\/vrigstadshembygdsforening.se\/index.php?rest_route=\/wp\/v2\/pages\/5829\/revisions\/6166"}],"wp:attachment":[{"href":"https:\/\/vrigstadshembygdsforening.se\/index.php?rest_route=%2Fwp%2Fv2%2Fmedia&parent=5829"}],"curies":[{"name":"wp","href":"https:\/\/api.w.org\/{rel}","templated":true}]}}