{"id":5811,"date":"2022-11-09T13:22:16","date_gmt":"2022-11-09T13:22:16","guid":{"rendered":"https:\/\/vrigstadshembygdsforening.se\/?page_id=5811"},"modified":"2022-11-30T17:51:13","modified_gmt":"2022-11-30T17:51:13","slug":"steningaryd","status":"publish","type":"page","link":"https:\/\/vrigstadshembygdsforening.se\/?page_id=5811","title":{"rendered":"Steningaryd"},"content":{"rendered":"\n<p>Sista inv. p\u00e5 Steningaryd var Klas Damberg. Han flyttade hit 1914 och flyttade sista g\u00e5ngen h\u00e4r ifr\u00e5n 1919. Huset har legat under Vrigstad Pr\u00e4stg\u00e5rd.<\/p>\n\n\n\n<p>1855. Anders Jonsson Jaensson (1815-03-13\u20141901-09-03), Sara Lena Jonasdotter (1815-04-12\u20141902-03-12), Lisa Cathrina (1844-09-24- ), Johanna (1847-07-21- ), Emma Kristina (1857-05-01&#8211;1902), Klaes Johan (1860-11-27- ) Nanny Paulina Theresia (1884-05-09- ) \u2013 Emma Kristinas o\u00e4. dotter.<\/p>\n\n\n\n<p>1914. Klas Johan Jonasson Damberg (1861-01-16- ), Anna Augusta Johannesdotter (1870-09-21- ), Lydia Vilhelmina (1897-10-31- ), Karl Oskar (1900-08-25- ), Enok Vallentin (1904-10-27- ), Axel David Erik (1909-12-21- ), Alfred Gustaf Ivan (1914-07-20- ). Inflyttad fr\u00e5n S. K\u00e4llunda. Flyttade 1915 till Svenstorp. Flyttade tillbaka hit 1917. Flyttade 1919 till L\u00f6nneberg.<\/p>\n\n\n\n<p><a href=\"https:\/\/vrigstadshembygdsforening.se\/PDF\/1985.pdf\">Karta<\/a>.<\/p>\n","protected":false},"excerpt":{"rendered":"<p>Sista inv. p\u00e5 Steningaryd var Klas Damberg. Han flyttade hit 1914 och flyttade sista g\u00e5ngen h\u00e4r ifr\u00e5n 1919. Huset har<\/p>\n","protected":false},"author":1,"featured_media":0,"parent":0,"menu_order":0,"comment_status":"closed","ping_status":"closed","template":"","meta":{"footnotes":""},"class_list":["post-5811","page","type-page","status-publish","hentry"],"_links":{"self":[{"href":"https:\/\/vrigstadshembygdsforening.se\/index.php?rest_route=\/wp\/v2\/pages\/5811","targetHints":{"allow":["GET"]}}],"collection":[{"href":"https:\/\/vrigstadshembygdsforening.se\/index.php?rest_route=\/wp\/v2\/pages"}],"about":[{"href":"https:\/\/vrigstadshembygdsforening.se\/index.php?rest_route=\/wp\/v2\/types\/page"}],"author":[{"embeddable":true,"href":"https:\/\/vrigstadshembygdsforening.se\/index.php?rest_route=\/wp\/v2\/users\/1"}],"replies":[{"embeddable":true,"href":"https:\/\/vrigstadshembygdsforening.se\/index.php?rest_route=%2Fwp%2Fv2%2Fcomments&post=5811"}],"version-history":[{"count":2,"href":"https:\/\/vrigstadshembygdsforening.se\/index.php?rest_route=\/wp\/v2\/pages\/5811\/revisions"}],"predecessor-version":[{"id":6160,"href":"https:\/\/vrigstadshembygdsforening.se\/index.php?rest_route=\/wp\/v2\/pages\/5811\/revisions\/6160"}],"wp:attachment":[{"href":"https:\/\/vrigstadshembygdsforening.se\/index.php?rest_route=%2Fwp%2Fv2%2Fmedia&parent=5811"}],"curies":[{"name":"wp","href":"https:\/\/api.w.org\/{rel}","templated":true}]}}