{"id":578,"date":"2015-07-17T16:29:39","date_gmt":"2015-07-17T16:29:39","guid":{"rendered":"http:\/\/vrigstadshembygdsforening.se\/?page_id=578"},"modified":"2020-08-18T15:24:54","modified_gmt":"2020-08-18T15:24:54","slug":"posten-i-vrigstad","status":"publish","type":"page","link":"https:\/\/vrigstadshembygdsforening.se\/?page_id=578","title":{"rendered":"Posten i Vrigstad"},"content":{"rendered":"<p align=\"left\"><strong>Informationen om Posten i Vrigstad \u00e4r h\u00e4mtad ur Hembygdsf\u00f6reningens medlemsskrift 1998 och ur boken Posten i Njudung &#8211; Ber\u00e4ttelser fr\u00e5n tv\u00e5 sekler av Erik Lindgren.<\/strong><\/p>\n<p align=\"left\">1846 gjordes en framst\u00e4llning om att f\u00e5 inr\u00e4tta ett postkontor i Vrigstad. Regeringen avslog dock denna beg\u00e4ran. Vrigstadborna l\u00e4t sig dock inte n\u00f6ja med beslutet utan h\u00e4r f\u00f6rband sig femton personer att utan avgift, under tio \u00e5rs tid, h\u00e5lla tv\u00e5 bostadsrum med k\u00f6k f\u00f6r en postm\u00e4stare.<\/p>\n<p align=\"left\">Den 1 oktober 1848 inr\u00e4ttades s\u00e5 ett postkontor efter beslut av regeringen. Det var ett av de f\u00f6rsta postkontoren i Njudung, till och med \u00e4ldre \u00e4n frim\u00e4rket, som inte b\u00f6rjade anv\u00e4ndas f\u00f6rr\u00e4n 1855.<\/p>\n<p align=\"left\">Enligt &#8221;Kongl. brefvet den 22 maj 1865&#8221; fanns en postdiligens f\u00f6r linjen J\u00f6nk\u00f6ping- Alvesta. P\u00e5 v\u00e4gen fr\u00e5n J\u00f6nk\u00f6pings postexpedition passerades Barnarps g\u00e4stgifvareg\u00e5rd, Stigamo dito, Svenarums dito, Wrigstads postkontor, Starhults g\u00e4stgifvareg\u00e5rd, Bo dito, Matkulls dito, \u00d6hrs dito f\u00f6r att sedan komma fram till Alfvesta postexpedition. Diligensen framf\u00f6rdes med trenne h\u00e4star.<\/p>\n<p align=\"left\"><a href=\"https:\/\/media.vrigstadshembygdsforening.se\/\/2015\/07\/Fakta_gastg_2.jpg\"><img loading=\"lazy\" decoding=\"async\" class=\" size-full wp-image-358 alignleft\" src=\"https:\/\/media.vrigstadshembygdsforening.se\/\/2015\/07\/Fakta_gastg_2.jpg\" alt=\"Fakta_gastg_2\" width=\"440\" height=\"249\" srcset=\"https:\/\/media.vrigstadshembygdsforening.se\/2015\/07\/Fakta_gastg_2.jpg 440w, https:\/\/media.vrigstadshembygdsforening.se\/2015\/07\/Fakta_gastg_2-300x170.jpg 300w\" sizes=\"auto, (max-width: 440px) 100vw, 440px\" \/><\/a><\/p>\n<p align=\"left\">Under \u00e5ren 1894-1912 var Posten inrymd i fastigheten V\u00e4xj\u00f6v\u00e4gen 6, l\u00e4ngst till h\u00f6ger p\u00e5 bilden.<\/p>\n<p>Den f\u00f6rste postm\u00e4staren hette Johan Bergdahl, som stannade i tj\u00e4nsten till 1871. Efter honom har det sedan \u00e4nda tills Ronnie Nilsson tilltr\u00e4dde&nbsp; varit idel kvinnliga chefer f\u00f6r posten: f\u00f6rst Charlotta Granfelt, sedan hennes brorsdotter Anna, sedan Anna-Lisa Rundquist, Signe Ekblom och s\u00e5 fr\u00e5n 1956 Gullan Rydahl.<\/p>\n<figure id=\"attachment_3802\" aria-describedby=\"caption-attachment-3802\" style=\"width: 800px\" class=\"wp-caption alignnone\"><a href=\"https:\/\/media.vrigstadshembygdsforening.se\/\/W_Post_641001.jpg\"><img loading=\"lazy\" decoding=\"async\" class=\"size-full wp-image-3802\" src=\"https:\/\/media.vrigstadshembygdsforening.se\/\/W_Post_641001.jpg\" alt=\"\" width=\"800\" height=\"1535\" srcset=\"https:\/\/media.vrigstadshembygdsforening.se\/W_Post_641001.jpg 800w, https:\/\/media.vrigstadshembygdsforening.se\/W_Post_641001-156x300.jpg 156w, https:\/\/media.vrigstadshembygdsforening.se\/W_Post_641001-768x1474.jpg 768w, https:\/\/media.vrigstadshembygdsforening.se\/W_Post_641001-534x1024.jpg 534w\" sizes=\"auto, (max-width: 800px) 100vw, 800px\" \/><\/a><figcaption id=\"caption-attachment-3802\" class=\"wp-caption-text\">Tidningsklipp fr\u00e5n den 1 oktober 1964.<\/figcaption><\/figure>\n<p align=\"left\">1982 invigdes den nya postlokalen &#8211; som ocks\u00e5 kom att bli den sista i Vrigstad(?)<\/p>\n<p align=\"left\"><a href=\"https:\/\/media.vrigstadshembygdsforening.se\/\/2015\/07\/Fakta_samh_postVd.jpg\"><img loading=\"lazy\" decoding=\"async\" class=\"alignnone size-full wp-image-930\" src=\"https:\/\/media.vrigstadshembygdsforening.se\/\/2015\/07\/Fakta_samh_postVd.jpg\" alt=\"Fakta_samh_postVd\" width=\"700\" height=\"447\" srcset=\"https:\/\/media.vrigstadshembygdsforening.se\/2015\/07\/Fakta_samh_postVd.jpg 700w, https:\/\/media.vrigstadshembygdsforening.se\/2015\/07\/Fakta_samh_postVd-300x192.jpg 300w\" sizes=\"auto, (max-width: 700px) 100vw, 700px\" \/><\/a> <a href=\"https:\/\/media.vrigstadshembygdsforening.se\/\/2015\/07\/Fakta_samh_postVd1.jpg\"><img loading=\"lazy\" decoding=\"async\" class=\"alignnone size-full wp-image-931\" src=\"https:\/\/media.vrigstadshembygdsforening.se\/\/2015\/07\/Fakta_samh_postVd1.jpg\" alt=\"Fakta_samh_postVd1\" width=\"700\" height=\"461\" srcset=\"https:\/\/media.vrigstadshembygdsforening.se\/2015\/07\/Fakta_samh_postVd1.jpg 700w, https:\/\/media.vrigstadshembygdsforening.se\/2015\/07\/Fakta_samh_postVd1-300x198.jpg 300w\" sizes=\"auto, (max-width: 700px) 100vw, 700px\" \/><\/a><\/p>\n","protected":false},"excerpt":{"rendered":"<p>Informationen om Posten i Vrigstad \u00e4r h\u00e4mtad ur Hembygdsf\u00f6reningens medlemsskrift 1998 och ur boken Posten i Njudung &#8211; Ber\u00e4ttelser fr\u00e5n<\/p>\n","protected":false},"author":1,"featured_media":0,"parent":0,"menu_order":0,"comment_status":"closed","ping_status":"open","template":"","meta":{"footnotes":""},"class_list":["post-578","page","type-page","status-publish","hentry"],"_links":{"self":[{"href":"https:\/\/vrigstadshembygdsforening.se\/index.php?rest_route=\/wp\/v2\/pages\/578","targetHints":{"allow":["GET"]}}],"collection":[{"href":"https:\/\/vrigstadshembygdsforening.se\/index.php?rest_route=\/wp\/v2\/pages"}],"about":[{"href":"https:\/\/vrigstadshembygdsforening.se\/index.php?rest_route=\/wp\/v2\/types\/page"}],"author":[{"embeddable":true,"href":"https:\/\/vrigstadshembygdsforening.se\/index.php?rest_route=\/wp\/v2\/users\/1"}],"replies":[{"embeddable":true,"href":"https:\/\/vrigstadshembygdsforening.se\/index.php?rest_route=%2Fwp%2Fv2%2Fcomments&post=578"}],"version-history":[{"count":4,"href":"https:\/\/vrigstadshembygdsforening.se\/index.php?rest_route=\/wp\/v2\/pages\/578\/revisions"}],"predecessor-version":[{"id":4261,"href":"https:\/\/vrigstadshembygdsforening.se\/index.php?rest_route=\/wp\/v2\/pages\/578\/revisions\/4261"}],"wp:attachment":[{"href":"https:\/\/vrigstadshembygdsforening.se\/index.php?rest_route=%2Fwp%2Fv2%2Fmedia&parent=578"}],"curies":[{"name":"wp","href":"https:\/\/api.w.org\/{rel}","templated":true}]}}