{"id":5773,"date":"2022-11-08T12:22:57","date_gmt":"2022-11-08T12:22:57","guid":{"rendered":"https:\/\/vrigstadshembygdsforening.se\/?page_id=5773"},"modified":"2025-11-18T13:28:15","modified_gmt":"2025-11-18T13:28:15","slug":"forteckning-over-innehavare-av-biskopsbo","status":"publish","type":"page","link":"https:\/\/vrigstadshembygdsforening.se\/?page_id=5773","title":{"rendered":"<strong>F\u00f6rteckning \u00f6ver innehavare av Biskopsbo<\/strong>"},"content":{"rendered":"\n<h4 class=\"wp-block-heading\">Biskopshemman fram till och med 1681<\/h4>\n\n\n\n<h4 class=\"wp-block-heading\">Ryttm\u00e4starebost\u00e4lle fr\u00e5n och med 1682<\/h4>\n\n\n\n<p>1682\u00a0\u00a0\u00a0\u00a0\u00a0Ryttm\u00e4stare Johan St\u00e5lhammar<\/p>\n\n\n\n<h4 class=\"wp-block-heading\">Majorsbost\u00e4lle fr\u00e5n och med 1692<\/h4>\n\n\n\n<p>1692&nbsp;&nbsp;&nbsp; Major Johan St\u00e5lhammar<\/p>\n\n\n\n<p>1699&nbsp;&nbsp;&nbsp; Major Johan (Hans) M\u00f6rner (avled 1705 i staden Gnesen i Polen)<\/p>\n\n\n\n<p>1730&nbsp;&nbsp;&nbsp; Herr \u00f6verste von der Pahl\u00e9n (hade majors indelning och l\u00f6n)<\/p>\n\n\n\n<p>1736&nbsp;&nbsp;&nbsp; Greve G\u00f6ran Eifwensson<\/p>\n\n\n\n<p>1748&nbsp;&nbsp;&nbsp; Brukas av innehavaren Baron och Major Kurck<\/p>\n\n\n\n<p>1749 &nbsp;&nbsp; Innehavare: Baron och Majoren Kurck<\/p>\n\n\n\n<p>1755 &nbsp;&nbsp; Innehavare: Majoren och Riddaren Freidenfelt<\/p>\n\n\n\n<p>1759&nbsp;&nbsp;&nbsp; Innehavare: Majoren och Riddaren Freidenfelt<\/p>\n\n\n\n<p>1769&nbsp;&nbsp;&nbsp; Innehavare: Majoren och Riddaren Silfversparre<\/p>\n\n\n\n<p>1770&nbsp;&nbsp;&nbsp; Innehavare: Greve, Majoren och Riddaren Silfversparre<\/p>\n\n\n\n<p>1771 &nbsp;&nbsp; Innehavare: Greve, Majoren och Riddaren Silfversparre<\/p>\n\n\n\n<p>1772&nbsp;&nbsp;&nbsp; Innehavare: Greve, Majoren och Riddaren Silfversparre<\/p>\n\n\n\n<p>1773 &nbsp;&nbsp; Innehavare: M\u00f6nsterskrivare Swahn<\/p>\n\n\n\n<p>1774&nbsp;&nbsp;&nbsp; Innehavare: Regementsskrivare Swahn<\/p>\n\n\n\n<p>1775 &nbsp;&nbsp; Innehavare: Regementsskrivare Swahn<\/p>\n\n\n\n<p>1776&nbsp;&nbsp;&nbsp; Innehavare: Greve, Majoren Ridderborg<\/p>\n\n\n\n<p>1777 &nbsp;&nbsp; Greve, Majoren och Riddaren Ridderborg<\/p>\n\n\n\n<p>1778 &nbsp;&nbsp; \u00d6verstel\u00f6jtnanten och Riddaren Ridderborg<\/p>\n\n\n\n<p>1779 &nbsp;&nbsp; \u00d6verstel\u00f6jtnanten och Riddaren Ridderborg<\/p>\n\n\n\n<p>1780 &nbsp;&nbsp; Brukas av Greven och Regementsskrivaren Swahn<\/p>\n\n\n\n<p>1781 &nbsp;&nbsp; Brukas av Regementsskrivaren Swahn<\/p>\n\n\n\n<p>1782 &nbsp;&nbsp; Innehavare: Greve Major och Riddare Lagercrantz<\/p>\n\n\n\n<p>1783 &nbsp;&nbsp; Bebos av Regementsskrivaren Swahn<\/p>\n\n\n\n<p>1785 &nbsp;&nbsp; Majoren von Hermansson<\/p>\n\n\n\n<p>1786 &nbsp;&nbsp; Greve och Major von Hermansson<\/p>\n\n\n\n<p>1787 &nbsp;&nbsp; M\u00f6nsterskrivare Hjertstr\u00f6m<\/p>\n\n\n\n<p>1788 &nbsp;&nbsp; M\u00f6nsterskrivare Hjertstr\u00f6m<\/p>\n\n\n\n<p>1789 &nbsp;&nbsp; M\u00f6nsterskrivare Hjertstr\u00f6m<\/p>\n\n\n\n<p>1790 &nbsp;&nbsp; Regementskommissarien Hjertstr\u00f6m<\/p>\n\n\n\n<p>1791 &nbsp;&nbsp; Arrenderas av Greve Major Stedt<\/p>\n\n\n\n<p>1792 &nbsp;&nbsp; Arrenderas av Majoren Stedt<\/p>\n\n\n\n<p>1793 &nbsp;&nbsp; Arrenderas av Majoren Stedt<\/p>\n\n\n\n<p>1794 &nbsp;&nbsp; Arrenderas av Majoren Stedt<\/p>\n\n\n\n<p>1795 &nbsp;&nbsp; Arrenderas av Majoren Stedt<\/p>\n\n\n\n<p>1797 &nbsp;&nbsp; Arrenderas av Majoren Stedt<\/p>\n\n\n\n<p>1798 &nbsp;&nbsp; Arrenderas av Majoren Stedt<\/p>\n\n\n\n<p>1799 &nbsp;&nbsp; \u00d6verstel\u00f6jtnanten och Riddaren von Warnstedt<\/p>\n\n\n\n<p>1800 &nbsp;&nbsp; \u00d6verstel\u00f6jtnanten och Riddaren von Warnstedt<\/p>\n\n\n\n<p>1801 &nbsp;&nbsp; \u00d6verstel\u00f6jtnanten och Riddaren von Warnstedt<\/p>\n\n\n\n<p>1802 &nbsp;&nbsp; \u00d6verstel\u00f6jtnanten och Riddaren von Warnstedt<\/p>\n\n\n\n<p>1803 &nbsp;&nbsp; \u00d6verstel\u00f6jtnanten och Riddaren von Warnstedt<\/p>\n\n\n\n<p>1804 &nbsp;&nbsp; Possideras av \u00d6verstel\u00f6jtnanten och Riddaren von Warnstedt<\/p>\n\n\n\n<p>&nbsp;&nbsp;&nbsp;&nbsp;&nbsp;&nbsp;&nbsp;&nbsp;&nbsp;&nbsp;&nbsp; (Dog p\u00e5 Biskopsbo n\u00e5gra m\u00e5nader efter att han f\u00e5tt avsked i februari 1805)<\/p>\n\n\n\n<p>1805 &nbsp;&nbsp; \u00d6verstel\u00f6jtnanten och Riddaren Falkenberg<\/p>\n\n\n\n<p>1806&nbsp;&nbsp;&nbsp; Ryttm\u00e4staren och Baron Falkenberg<\/p>\n\n\n\n<p>1827-03-14&nbsp;&nbsp;&nbsp;&nbsp;&nbsp; Majoren och Riddaren Christoffer Freidenfeldt<\/p>\n\n\n\n<p>1830-03-14<\/p>\n\n\n\n<p>1844&nbsp;&nbsp;&nbsp; \u00d6verste och Riddaren av Kungl. Sv\u00e4rdsorden Carl Otto Lilienstolpe<\/p>\n\n\n\n<p>1853\u00a0\u00a0\u00a0\u00a0\u00d6verstel\u00f6jtnant och Riddaren av Kungl Sv\u00e4rdsorden, Kommend\u00f6ren av Kungl. Danska Danebrogsorden, Riddaren av Kungl. Norska S:t Olofs Orden och Preusiska R\u00f6da \u00d6rns Orden 3:e klassen Georg Gustaf Henrik Stjerngranat<\/p>\n\n\n\n<p>R\u00f6da \u00f6rns orden (<em>Orden des rothen adlers<\/em>), st. 17 nov. 1705 af arfprinsen Georg Vilhelm af Baireuth under ben\u00e4mningen <em>Ordre de la sinc\u00e9rit\u00e9<\/em> (&#8221;Uppriktighetens orden&#8221;), upph\u00f6jdes 1792 till preussiska monarkiens andra orden och omfattar 5 kl. Ordenstecknet utg\u00f6res af ett hvitemaljeradt kors med hvit midtsk\u00f6ld, som p\u00e5 \u00e5tsidan visar den kr\u00f6nta r\u00f6da \u00f6rnen och p\u00e5 fr\u00e5nsidan initialerna F. W. med krona \u00f6fver. Ordensbandet \u00e4r hvitt, med orangef\u00e4rgade r\u00e4nder n\u00e4ra kanterna. Riddarna af f\u00f6rsta klassen b\u00e4ra utom korset p\u00e5 br\u00f6stet en \u00e5ttauddig silfverstj\u00e4rna med r\u00f6da \u00f6rnens bild, p\u00e5 hvars br\u00f6st det hohenzollernska vapnet med den latinska omskriften <em>Sincere et constanter<\/em> (&#8221;Redligt och st\u00e5ndaktigt&#8221;) \u00e4r anbragt.<\/p>\n\n\n\n<p>1874\u00a0\u00a0\u00a0Fredrik Runstedt<\/p>\n\n\n\n<p>1901&nbsp;&nbsp;&nbsp; Fredrique Runstedt<\/p>\n\n\n\n<p>1916&nbsp;&nbsp;&nbsp; Maria Petersson, arrendator. Oscar Karlstr\u00f6m, brukare<\/p>\n\n\n\n<p>1917&nbsp;&nbsp;&nbsp; Maria Petersson, arrendator. Nils Sj\u00f6stedt, brukare<\/p>\n\n\n\n<p>1920&nbsp;&nbsp;&nbsp; Maria Petersson, arrendator<\/p>\n\n\n\n<p>1930&nbsp;&nbsp;&nbsp; Maria Petersson \u00e4gare till 3\/4 mtl hus, kvarn och s\u00e5g<\/p>\n\n\n\n<p>&nbsp;&nbsp;&nbsp;&nbsp;&nbsp;&nbsp;&nbsp;&nbsp;&nbsp;&nbsp;&nbsp; Dom\u00e4nverket \u00e4gare till 1\/4 mtl skogsmark<\/p>\n\n\n\n<p>1944&nbsp;&nbsp;&nbsp; Gunnar och Brita Axelsson. \u00c4gare till huvudbyggnad och omgivande park, ca &nbsp;&nbsp;&nbsp;&nbsp;&nbsp; 27 000 m2<\/p>\n\n\n\n<p>1972&nbsp;&nbsp;&nbsp; Bertil och Karin Zettergren \u00e4gare efter \u00e4nkan Brita Axelson<\/p>\n\n\n\n<p>2005-2011&nbsp;&nbsp;&nbsp;&nbsp;&nbsp;&nbsp; Anders Sandin \u00e4gare.<\/p>\n\n\n\n<p>Sammanst\u00e4lld av Bertil Zettergren<\/p>\n","protected":false},"excerpt":{"rendered":"<p>Biskopshemman fram till och med 1681 Ryttm\u00e4starebost\u00e4lle fr\u00e5n och med 1682 1682\u00a0\u00a0\u00a0\u00a0\u00a0Ryttm\u00e4stare Johan St\u00e5lhammar Majorsbost\u00e4lle fr\u00e5n och med 1692 1692&nbsp;&nbsp;&nbsp;<\/p>\n","protected":false},"author":1,"featured_media":0,"parent":0,"menu_order":0,"comment_status":"closed","ping_status":"closed","template":"","meta":{"footnotes":""},"class_list":["post-5773","page","type-page","status-publish","hentry"],"_links":{"self":[{"href":"https:\/\/vrigstadshembygdsforening.se\/index.php?rest_route=\/wp\/v2\/pages\/5773","targetHints":{"allow":["GET"]}}],"collection":[{"href":"https:\/\/vrigstadshembygdsforening.se\/index.php?rest_route=\/wp\/v2\/pages"}],"about":[{"href":"https:\/\/vrigstadshembygdsforening.se\/index.php?rest_route=\/wp\/v2\/types\/page"}],"author":[{"embeddable":true,"href":"https:\/\/vrigstadshembygdsforening.se\/index.php?rest_route=\/wp\/v2\/users\/1"}],"replies":[{"embeddable":true,"href":"https:\/\/vrigstadshembygdsforening.se\/index.php?rest_route=%2Fwp%2Fv2%2Fcomments&post=5773"}],"version-history":[{"count":3,"href":"https:\/\/vrigstadshembygdsforening.se\/index.php?rest_route=\/wp\/v2\/pages\/5773\/revisions"}],"predecessor-version":[{"id":7233,"href":"https:\/\/vrigstadshembygdsforening.se\/index.php?rest_route=\/wp\/v2\/pages\/5773\/revisions\/7233"}],"wp:attachment":[{"href":"https:\/\/vrigstadshembygdsforening.se\/index.php?rest_route=%2Fwp%2Fv2%2Fmedia&parent=5773"}],"curies":[{"name":"wp","href":"https:\/\/api.w.org\/{rel}","templated":true}]}}