{"id":5737,"date":"2022-11-06T14:43:39","date_gmt":"2022-11-06T14:43:39","guid":{"rendered":"https:\/\/vrigstadshembygdsforening.se\/?page_id=5737"},"modified":"2022-11-30T17:44:57","modified_gmt":"2022-11-30T17:44:57","slug":"skogsryd-gransbo-halet","status":"publish","type":"page","link":"https:\/\/vrigstadshembygdsforening.se\/?page_id=5737","title":{"rendered":"Skogsryd, Gransbo, H\u00e5let"},"content":{"rendered":"\n<p>Torp under Knekestorp, \u00e4ven kallat &#8221;H\u00e5let&#8221; efter Holamossen i n\u00e4rheten. St\u00e4llet blev tomt \u00e5r 1890, d\u00e5 \u00e4nkan Carolina Petersdotter och dottern Lena Sofia utvandrade till Amerika. De f\u00f6rs\u00f6rjde sig p\u00e5 att klistra t\u00e4ndsticksaskar i J\u00f6nk\u00f6ping. Kalle i L\u00f6nshult, som p\u00e5 den tiden k\u00f6rde regelbundna turer med h\u00e4st till J\u00f6nk\u00f6ping, tog de f\u00e4rdiga askarna med sig och hade nytt material med tillbaka.<\/p>\n\n\n\n<p>1846. Jonas Lundsten (1774-02-15- ), Lena Jacobsdotter (1780-09-07\u20141851-08-23), Inga Lisa (1822-01-30- ), Frans Algot (1851-03-09- ) \u2013 Inga Lisas o\u00e4. son. Jonas flyttade 1852 till fattighuset.<\/p>\n\n\n\n<p>1859. Anders Danielsson (1819-10-17\u20141889-11-12), Anna Stina Andersdotter (1819-07-15\u20141857-01-24), Karolina Petersdotter (1828-09-07- ) \u2013 hustru 2, Klaes Johan (1848-03-09- ), Per August 1852-10-09- ), Lena Stina (1854-11-25- ), Johannes Peter (1858-02-13- ), Gustaf Theodor (1861-11-08- ), Frans Peter (1865-11-13- ), Axel Edvard (1869-02-12- ), Lina Sofia (1872-03-22- ), Karl Anders (1874-12-28\u20141888-01-09). 1890 flyttar \u00e4nkan Karolina och dottern Lina Sofia till Amerika.<\/p>\n\n\n\n<p>1884. Axel Edvard (1869-02-12- ). Flyttar 1889 till Amerika.<\/p>\n\n\n\n<p><a href=\"https:\/\/vrigstadshembygdsforening.se\/PDF\/1986.pdf\">Karta<\/a>.<\/p>\n","protected":false},"excerpt":{"rendered":"<p>Torp under Knekestorp, \u00e4ven kallat &#8221;H\u00e5let&#8221; efter Holamossen i n\u00e4rheten. St\u00e4llet blev tomt \u00e5r 1890, d\u00e5 \u00e4nkan Carolina Petersdotter och<\/p>\n","protected":false},"author":1,"featured_media":0,"parent":0,"menu_order":0,"comment_status":"closed","ping_status":"closed","template":"","meta":{"footnotes":""},"class_list":["post-5737","page","type-page","status-publish","hentry"],"_links":{"self":[{"href":"https:\/\/vrigstadshembygdsforening.se\/index.php?rest_route=\/wp\/v2\/pages\/5737","targetHints":{"allow":["GET"]}}],"collection":[{"href":"https:\/\/vrigstadshembygdsforening.se\/index.php?rest_route=\/wp\/v2\/pages"}],"about":[{"href":"https:\/\/vrigstadshembygdsforening.se\/index.php?rest_route=\/wp\/v2\/types\/page"}],"author":[{"embeddable":true,"href":"https:\/\/vrigstadshembygdsforening.se\/index.php?rest_route=\/wp\/v2\/users\/1"}],"replies":[{"embeddable":true,"href":"https:\/\/vrigstadshembygdsforening.se\/index.php?rest_route=%2Fwp%2Fv2%2Fcomments&post=5737"}],"version-history":[{"count":2,"href":"https:\/\/vrigstadshembygdsforening.se\/index.php?rest_route=\/wp\/v2\/pages\/5737\/revisions"}],"predecessor-version":[{"id":6146,"href":"https:\/\/vrigstadshembygdsforening.se\/index.php?rest_route=\/wp\/v2\/pages\/5737\/revisions\/6146"}],"wp:attachment":[{"href":"https:\/\/vrigstadshembygdsforening.se\/index.php?rest_route=%2Fwp%2Fv2%2Fmedia&parent=5737"}],"curies":[{"name":"wp","href":"https:\/\/api.w.org\/{rel}","templated":true}]}}