{"id":5719,"date":"2022-11-05T16:01:38","date_gmt":"2022-11-05T16:01:38","guid":{"rendered":"https:\/\/vrigstadshembygdsforening.se\/?page_id=5719"},"modified":"2022-11-30T17:42:52","modified_gmt":"2022-11-30T17:42:52","slug":"sjoholm","status":"publish","type":"page","link":"https:\/\/vrigstadshembygdsforening.se\/?page_id=5719","title":{"rendered":"Sj\u00f6holm"},"content":{"rendered":"\n<p>Backstuga under \u00c5kak\u00f6p, byggd omkring 1871 av \u00e4nkan Ulla Nilsdotter Ekelund, d\u00f6d h\u00e4r 10 \u00e5r senare. Stugan rivs i b\u00f6rjan p\u00e5 1890-talet.<\/p>\n\n\n\n<p>1871. \u00c4nkan Ulla Nilsdotter (1805-12-19\u20141881-03-30), Johanna Charlotta Johansdotter (1840-12-20- ), Carolina Sofia (1845-04-08- ), Gustaf Robert \u00c5berg (1868-02-24- ) \u2013 Carolinas o\u00e4. son. Inflyttad fr\u00e5n \u00c5sen, Knavram\u00e5len. Johanna Charlotta flyttar till fattighuset 1891. \u00a0<\/p>\n\n\n\n<p>1886. Sven Gustav Grip (1824-09-03- ), Inga Lisa Johannesdotter (1832-09-20- ). Inflyttade fr\u00e5n Virestorps skolhus. Flyttar 1897 till Kullen.<\/p>\n\n\n\n<p><a href=\"https:\/\/vrigstadshembygdsforening.se\/PDF\/1987.pdf\">Karta<\/a>.<\/p>\n","protected":false},"excerpt":{"rendered":"<p>Backstuga under \u00c5kak\u00f6p, byggd omkring 1871 av \u00e4nkan Ulla Nilsdotter Ekelund, d\u00f6d h\u00e4r 10 \u00e5r senare. Stugan rivs i b\u00f6rjan<\/p>\n","protected":false},"author":1,"featured_media":0,"parent":0,"menu_order":0,"comment_status":"closed","ping_status":"closed","template":"","meta":{"footnotes":""},"class_list":["post-5719","page","type-page","status-publish","hentry"],"_links":{"self":[{"href":"https:\/\/vrigstadshembygdsforening.se\/index.php?rest_route=\/wp\/v2\/pages\/5719","targetHints":{"allow":["GET"]}}],"collection":[{"href":"https:\/\/vrigstadshembygdsforening.se\/index.php?rest_route=\/wp\/v2\/pages"}],"about":[{"href":"https:\/\/vrigstadshembygdsforening.se\/index.php?rest_route=\/wp\/v2\/types\/page"}],"author":[{"embeddable":true,"href":"https:\/\/vrigstadshembygdsforening.se\/index.php?rest_route=\/wp\/v2\/users\/1"}],"replies":[{"embeddable":true,"href":"https:\/\/vrigstadshembygdsforening.se\/index.php?rest_route=%2Fwp%2Fv2%2Fcomments&post=5719"}],"version-history":[{"count":2,"href":"https:\/\/vrigstadshembygdsforening.se\/index.php?rest_route=\/wp\/v2\/pages\/5719\/revisions"}],"predecessor-version":[{"id":6141,"href":"https:\/\/vrigstadshembygdsforening.se\/index.php?rest_route=\/wp\/v2\/pages\/5719\/revisions\/6141"}],"wp:attachment":[{"href":"https:\/\/vrigstadshembygdsforening.se\/index.php?rest_route=%2Fwp%2Fv2%2Fmedia&parent=5719"}],"curies":[{"name":"wp","href":"https:\/\/api.w.org\/{rel}","templated":true}]}}