{"id":5671,"date":"2022-11-01T14:44:02","date_gmt":"2022-11-01T14:44:02","guid":{"rendered":"https:\/\/vrigstadshembygdsforening.se\/?page_id=5671"},"modified":"2022-11-30T17:38:32","modified_gmt":"2022-11-30T17:38:32","slug":"riket-angen-lilla-hushall","status":"publish","type":"page","link":"https:\/\/vrigstadshembygdsforening.se\/?page_id=5671","title":{"rendered":"Riket, \u00c4ngen, Lilla Hushall"},"content":{"rendered":"\n<p>Torp under Blommedal. Kallades \u00c4ngen fr.o.m. 1875-80 \u00e5rs husf\u00f6rh\u00f6rsl\u00e4ngd. <\/p>\n\n\n\n<p>1776. J\u00f6ns (1712- ), Elin (1706- ). \u00c4nkan Ingrid (1736- ), Lena Sofia (1754- ).<\/p>\n\n\n\n<p>1785. M\u00e5ns, Lena Sofia (1754- ) \u2013 se ovan, Knut Magnus (1776- ), Johanna Stina (1780- ) \u2013 d\u00f6d.<\/p>\n\n\n\n<p>1786. Sven (1756- ), Maja (1756- ), Petter (1789- ). De flyttade 1799 till Hj\u00e4lmseryd.<\/p>\n\n\n\n<p>1800. Sven (1762- ), Maja (1764- ), Anders (1792- ), Jonas (1794- ), Stina (1795- ), Sara (1799- ), Maria (1802- ) \u2013 d\u00f6d, Maria (1804- ). Inflyttade fr\u00e5n Hj\u00e4lmseryd.<\/p>\n\n\n\n<p>1807. Blomberg (1778- ), Ingeborg (1782- ).<\/p>\n\n\n\n<p>1810. Elias Johansson (1764-03-07- ), Katarina (1761-05-10- ), Inga (1789-08-05- ) \u2013 dotter Karolina (1814-07-22- ), Nils (1792-02-12- ), Anders (1795- 01-20- ), Anna Katrina (1797-08-03- ), Lena (1803-08-16- ). Flyttar 1820 till Ring\u00e5s.<\/p>\n\n\n\n<p>1820. Anders Glas (1789-09-15- ), Anna Nilsdotter (1793-02-10- ), Lena Sophia (1821-10-17- ).<\/p>\n\n\n\n<p>Nils Magnisson (1787-11-25- ), Britta Jaensdotter (1798- ), Lena Sophia (1820-12-16- ), Maija Stina (1822-04-19- ), Lisa Caterina (1825-03-17- ).<\/p>\n\n\n\n<p>1826. Nils Wink (1787-11-26\u20141837-11-12), Brita Svensdotter (1798-05-01- ), Lena Sophia (1820-12-16- ), Lisa Cath. (1825-03-17- ), Carl Magnus (1828-09-10- ), Jonas Peter (1831-03-14- ). \u00c4nkan flyttade 1840 till Bodarna.<\/p>\n\n\n\n<p>1840. Abraham Magnusson (1795-08-06\u20141856-06-06), Stina Carlsdotter (1799- ), Maja Stina (1821-03-08- ), Johan (1828-11-10- ), Ulrica (1825-12-25- ), Ulla (1825-12-25- ), Lena Sophia (1832-10-11- ), Claes August (1839-12-09\u20141843-09-14), Anna (1839-12-09- ),<\/p>\n\n\n\n<p>1862. Anders Gustav Petersson (1828-07-25- ), Anna Kristina J\u00f6nsdotter (1833-10-28- ). Inflyttade fr\u00e5n Voxtorp. Flyttade samma \u00e5r till Stenshult.<\/p>\n\n\n\n<p>1863. Nils Peter J\u00f6nsson\/Jonasson (1831-03-09- ), Johanna Johansdotter (1833-01-04- ), Frans Gustaf (1859-09-18- ), Johannes August (1861-05-02- ), Nils Johan (1864-02-01- ), Emil (1866-11-12\u20141871-11-29), Emil (1872-05-28- ). Inflyttade fr\u00e5n \u00d6stanskog. De bodde kvar 1875.<\/p>\n\n\n\n<p>1875. Bengt J\u00f6nsson (1833-10-06\u20141915-06-04), Lisa Maja Svensdotter (1834-10-30\u20141891-12-30), Johan Emil (1867-04-05- ) \u2013 hennes o\u00e4. son, Karl Gustaf (1877-02-16- ), Carolina Rebecka Johansdotter (1846-05-05\u20141921-08-25) &#8211; hustru nr 2. Inflyttade och gift 1894.<\/p>\n\n\n\n<p>1899. Erik Jonsson Wiberg 1875-08-23- ). Inflyttad fr\u00e5n Hj\u00e4lmseryd. Inflyttad fr\u00e5n Hj\u00e4lmseryd. Flyttar till Nordamerika 1921.<\/p>\n\n\n\n<p><a href=\"https:\/\/vrigstadshembygdsforening.se\/PDF\/1984.pdf\">Karta<\/a>.<\/p>\n","protected":false},"excerpt":{"rendered":"<p>Torp under Blommedal. Kallades \u00c4ngen fr.o.m. 1875-80 \u00e5rs husf\u00f6rh\u00f6rsl\u00e4ngd. 1776. J\u00f6ns (1712- ), Elin (1706- ). \u00c4nkan Ingrid (1736- ),<\/p>\n","protected":false},"author":1,"featured_media":0,"parent":0,"menu_order":0,"comment_status":"closed","ping_status":"closed","template":"","meta":{"footnotes":""},"class_list":["post-5671","page","type-page","status-publish","hentry"],"_links":{"self":[{"href":"https:\/\/vrigstadshembygdsforening.se\/index.php?rest_route=\/wp\/v2\/pages\/5671","targetHints":{"allow":["GET"]}}],"collection":[{"href":"https:\/\/vrigstadshembygdsforening.se\/index.php?rest_route=\/wp\/v2\/pages"}],"about":[{"href":"https:\/\/vrigstadshembygdsforening.se\/index.php?rest_route=\/wp\/v2\/types\/page"}],"author":[{"embeddable":true,"href":"https:\/\/vrigstadshembygdsforening.se\/index.php?rest_route=\/wp\/v2\/users\/1"}],"replies":[{"embeddable":true,"href":"https:\/\/vrigstadshembygdsforening.se\/index.php?rest_route=%2Fwp%2Fv2%2Fcomments&post=5671"}],"version-history":[{"count":4,"href":"https:\/\/vrigstadshembygdsforening.se\/index.php?rest_route=\/wp\/v2\/pages\/5671\/revisions"}],"predecessor-version":[{"id":6130,"href":"https:\/\/vrigstadshembygdsforening.se\/index.php?rest_route=\/wp\/v2\/pages\/5671\/revisions\/6130"}],"wp:attachment":[{"href":"https:\/\/vrigstadshembygdsforening.se\/index.php?rest_route=%2Fwp%2Fv2%2Fmedia&parent=5671"}],"curies":[{"name":"wp","href":"https:\/\/api.w.org\/{rel}","templated":true}]}}