{"id":5655,"date":"2022-10-31T16:18:07","date_gmt":"2022-10-31T16:18:07","guid":{"rendered":"https:\/\/vrigstadshembygdsforening.se\/?page_id=5655"},"modified":"2022-12-05T16:48:54","modified_gmt":"2022-12-05T16:48:54","slug":"planen","status":"publish","type":"page","link":"https:\/\/vrigstadshembygdsforening.se\/?page_id=5655","title":{"rendered":"Planen"},"content":{"rendered":"\n<p>Torp under Lundholmen.<\/p>\n\n\n\n<p>Peter Pehrsson (1765-07-05\u20141847-01-24), M\u00e4rtha (1783- ), Andreas (1824-03-11- ).<\/p>\n\n\n\n<p>1848. Andreas Petersson (1824-03-11- ) \u2013 se ovan, Henrika Charlotta Sandstedt (1824-10-24&#8211;1887), Frans August Henning (1851-05-22- ), Claes Alfrid (1859-04-29\u20141859-08-20), Klaes Edvard (1863-07-04- ). De flyttade 1878 till Sj\u00f6viken, Virestorp.<\/p>\n\n\n\n<p>1878. Karl Anders Karlsson (1850-03-16- ), Helena Gustafsdotter (1849-01-23- ), Frans Gustaf (1873-10-10- ), Klaes Vilhelm (1878-06-23- ), Karl Ludvig (1880-04-24- ), Maria Charlotta (1882-06-25- ), Hilda (1883-10-26- ), Samuel (1885-07-22- ). Inflyttade fr\u00e5n L. Moen och 1887 till Amerika.<\/p>\n\n\n\n<p>1887. Jonas Peter Andersson (1840-02-08- ), Anna Charlotta Magnidotter (1836-11-08- ), Axel Emil (1875-01-12- ), Oscar Emanuel (1878-03-12- ), Anna Matilda (1883-10-09\u20141888-06-02). Inflyttade fr\u00e5n F\u00e4llan och for 1893 till Amerika.<\/p>\n\n\n\n<p>1893. Carl Johannisson (1860-08-04- ), Emma Christina Johannisdotter (1860-08-25- ), Johannes Gustav Conrad (1891-11-12- ), Ester Christina Elisabet (1893-07-17- ), Johan Axel Theodor (1895-11-02- ), Rut Sara Cecilia (1899-05-27&#8211;1899-11-28). Inflyttade fr\u00e5n Horveryd \u00d6sterg\u00e5rd och vidare \u00e5r 1900 till Lundholmen.<\/p>\n\n\n\n<p>1900. Johan Fredrik Jonasson (1860-09-07- ), Anna Cecilia Jonasdotter (1861-09-24- ), Anna Adina Decideria (1886-09-11- ), Ester Edla Kristina (1888-09-28- ), August Ivan Fredrik (1891-01-16- ), Gustav Edvard (1894-05-17- ), Axel Gunnar Emanuel (1897-03-23- ), Hanna Charlotta Ingeborg (1900-05-28- ), Bror Oscar Alfrid (1910-01-02- ). Kom fr\u00e5n \u00c5bo, Boda. Flyttar 1926 till USA.<\/p>\n\n\n\n<p>1926. Klas Emil Lind (1880-10-19- ), Jenny Maria Dyberg (1884-10-10- ), Karl Axel Lind (1908-07-08- ), Elsa Hillevi Linnea (1910-05-13- ), G\u00f6ta Anna Maria (1911-05-17- ), Frida Edit Margareta (1912-10-06- ), Karin Hj\u00f6rdis (1915-08-01- ), Klas Arvid Holmfrid (1919-11-17- ), Harry Erik Wilhelm (1922-07-29- ), Erik Rune B\u00f6rje (1928-04-30\u20141928-06-05) \u2013 G\u00f6ta Anna Marias son u. \u00e4. Inflyttade fr\u00e5n Stockaryd.<\/p>\n\n\n\n<p>1938. Edvin Nilsson (1900&#8211;1975), Ellen (1907&#8211;1955), Paul (1928&#8211;2008), Alvar (1930&#8211;1980), Gunhild (1932- ), Margot (1935&#8211;1975), H\u00e5kan (1940&#8211;2012).<\/p>\n","protected":false},"excerpt":{"rendered":"<p>Torp under Lundholmen. Peter Pehrsson (1765-07-05\u20141847-01-24), M\u00e4rtha (1783- ), Andreas (1824-03-11- ). 1848. Andreas Petersson (1824-03-11- ) \u2013 se ovan,<\/p>\n","protected":false},"author":1,"featured_media":0,"parent":0,"menu_order":0,"comment_status":"closed","ping_status":"closed","template":"","meta":{"footnotes":""},"class_list":["post-5655","page","type-page","status-publish","hentry"],"_links":{"self":[{"href":"https:\/\/vrigstadshembygdsforening.se\/index.php?rest_route=\/wp\/v2\/pages\/5655","targetHints":{"allow":["GET"]}}],"collection":[{"href":"https:\/\/vrigstadshembygdsforening.se\/index.php?rest_route=\/wp\/v2\/pages"}],"about":[{"href":"https:\/\/vrigstadshembygdsforening.se\/index.php?rest_route=\/wp\/v2\/types\/page"}],"author":[{"embeddable":true,"href":"https:\/\/vrigstadshembygdsforening.se\/index.php?rest_route=\/wp\/v2\/users\/1"}],"replies":[{"embeddable":true,"href":"https:\/\/vrigstadshembygdsforening.se\/index.php?rest_route=%2Fwp%2Fv2%2Fcomments&post=5655"}],"version-history":[{"count":3,"href":"https:\/\/vrigstadshembygdsforening.se\/index.php?rest_route=\/wp\/v2\/pages\/5655\/revisions"}],"predecessor-version":[{"id":6267,"href":"https:\/\/vrigstadshembygdsforening.se\/index.php?rest_route=\/wp\/v2\/pages\/5655\/revisions\/6267"}],"wp:attachment":[{"href":"https:\/\/vrigstadshembygdsforening.se\/index.php?rest_route=%2Fwp%2Fv2%2Fmedia&parent=5655"}],"curies":[{"name":"wp","href":"https:\/\/api.w.org\/{rel}","templated":true}]}}