{"id":5648,"date":"2022-10-31T11:22:18","date_gmt":"2022-10-31T11:22:18","guid":{"rendered":"https:\/\/vrigstadshembygdsforening.se\/?page_id=5648"},"modified":"2022-11-30T17:36:23","modified_gmt":"2022-11-30T17:36:23","slug":"petersborg","status":"publish","type":"page","link":"https:\/\/vrigstadshembygdsforening.se\/?page_id=5648","title":{"rendered":"Petersborg"},"content":{"rendered":"\n<p>Torp under Vrigstad M\u00e5nsag\u00e5rd. Tillh\u00f6r fr o m 1885 G\u00e4stgivareg\u00e5rden.<\/p>\n\n\n\n<p>1852. Peter Magnus Andersson (1791-07-10\u20141870-07-09), Lisa H\u00e5kansdotter (1797-02-24- ). Flyttar 1874 till Lundby Mellang\u00e5rd.<\/p>\n\n\n\n<p>1874. Peter Svensson (1818-04-04\u20141901-09-19), Brita Lisa Karlsdotter (1813-03-13&#8211;1890-12-17). Inflyttade fr\u00e5n Sandsl\u00e4tt.<\/p>\n\n\n\n<p>1905. Sara Kajsa Niklasdotter Lind\u00e9n (1833-01-25\u20141905-09-28).<\/p>\n\n\n\n<p>1907. Carl Isak Johannisson (1834-09-17\u20141919-12-20), Katarina Gustava Johansson Danielsdotter (1841-06-04- ). Inflyttade fr\u00e5n Lunnaberg. Flyttar 1923.<\/p>\n\n\n\n<p>1923. Ernst Jakob Lindstr\u00f6m (1870-12-15- ), Albertina Jenny Karolina H\u00f6rberg (1869-04-24- ), Tage Ragnar Uno (1910-05-08- ), Knut Edvin Hjalmar (1913-01-07- ), Alma Elvira (1905-04-09- ), Britta Marianne (1923-12-21- ) \u2013 Almas dotter u. \u00e4. Inflyttade fr\u00e5n V\u00e4streberg. F\u00f6r\u00e4ldrarna flyttar 1925 till \u00d6 Tors\u00e5s, Kronobergs l\u00e4n.<\/p>\n\n\n\n<p>1925. Samuel Gustav Svensson (1884-01-30- ). Flyttar 1929 till Svensberg.<\/p>\n\n\n\n<p>1929. Karl August Johansson (1\u00a7866-02-06- ), Jenny Andreasdotter (1871-11-24- ), Karl Viktor Edvin Johansson (1903-12-20- ), Erik Vilhelm (1908-07-07- ), Anna Lydia (1912-12-23- ), Sven Evald Hjalmar (1915-03-23- ). Inflyttade fr\u00e5n Sj\u00f6bo.<\/p>\n","protected":false},"excerpt":{"rendered":"<p>Torp under Vrigstad M\u00e5nsag\u00e5rd. Tillh\u00f6r fr o m 1885 G\u00e4stgivareg\u00e5rden. 1852. Peter Magnus Andersson (1791-07-10\u20141870-07-09), Lisa H\u00e5kansdotter (1797-02-24- ). Flyttar<\/p>\n","protected":false},"author":1,"featured_media":0,"parent":0,"menu_order":0,"comment_status":"closed","ping_status":"closed","template":"","meta":{"footnotes":""},"class_list":["post-5648","page","type-page","status-publish","hentry"],"_links":{"self":[{"href":"https:\/\/vrigstadshembygdsforening.se\/index.php?rest_route=\/wp\/v2\/pages\/5648","targetHints":{"allow":["GET"]}}],"collection":[{"href":"https:\/\/vrigstadshembygdsforening.se\/index.php?rest_route=\/wp\/v2\/pages"}],"about":[{"href":"https:\/\/vrigstadshembygdsforening.se\/index.php?rest_route=\/wp\/v2\/types\/page"}],"author":[{"embeddable":true,"href":"https:\/\/vrigstadshembygdsforening.se\/index.php?rest_route=\/wp\/v2\/users\/1"}],"replies":[{"embeddable":true,"href":"https:\/\/vrigstadshembygdsforening.se\/index.php?rest_route=%2Fwp%2Fv2%2Fcomments&post=5648"}],"version-history":[{"count":2,"href":"https:\/\/vrigstadshembygdsforening.se\/index.php?rest_route=\/wp\/v2\/pages\/5648\/revisions"}],"predecessor-version":[{"id":6125,"href":"https:\/\/vrigstadshembygdsforening.se\/index.php?rest_route=\/wp\/v2\/pages\/5648\/revisions\/6125"}],"wp:attachment":[{"href":"https:\/\/vrigstadshembygdsforening.se\/index.php?rest_route=%2Fwp%2Fv2%2Fmedia&parent=5648"}],"curies":[{"name":"wp","href":"https:\/\/api.w.org\/{rel}","templated":true}]}}