{"id":5619,"date":"2022-10-28T14:34:13","date_gmt":"2022-10-28T14:34:13","guid":{"rendered":"https:\/\/vrigstadshembygdsforening.se\/?page_id=5619"},"modified":"2022-11-30T17:33:54","modified_gmt":"2022-11-30T17:33:54","slug":"nybygget","status":"publish","type":"page","link":"https:\/\/vrigstadshembygdsforening.se\/?page_id=5619","title":{"rendered":"Nybygget"},"content":{"rendered":"\n<p>Backstuga under Norra Virestorp. H\u00e4r blev tomt 1899, d\u00e5 den siste inv\u00e5naren Karl Johansson Lund flyttade till N\u00e4ssj\u00f6. Huset, som efter dess innehavare ocks\u00e5 kallades &#8221;Kalle Lunds&#8221;, flyttades som bod till Storeskog.<\/p>\n\n\n\n<p>1830. Johannes Svensson (1775-09-27\u20141853-12-17), Britta Jonasdotter (1875\u20141864-02-05), Anna Sofia Petersdotter (1829-11-01- ), &#8211; sondotter, inflyttad 1845.<\/p>\n\n\n\n<p>1857. \u00c4nkan Lena Maja Andersdotter (1799-03-04- ), Inga Stina Johannisdotter (1825-02-18\u20141914-03-30), Hedda Maria (1860-03-01- ) \u2013 Inga Stinas o\u00e4. dotter. Inga Stina och Hedda Maria flyttar 1886 till Virestorp Norreg\u00e5rd.<\/p>\n\n\n\n<p>1864. Karl Johan Johansson Lund (1825-07-11- ), Anna Sofia Petersdotter (1829-11-01- ), Johan August (1860-11-19- ), Agnes Valborg Maria Wetterlund (1874-12-25- ) \u2013 fosterdotter, flyttar in 1885. Flyttar 1890 till K\u00f6penhamn. Flyttar 1899 till N\u00e4ssj\u00f6.<\/p>\n\n\n\n<p>1880. Klaes August Svensson (1856-10-08- ), Kristina Sofia Wiss (1832-04-19- ). Flyttar till B\u00e4ckarydet.<\/p>\n\n\n\n<p><a href=\"https:\/\/vrigstadshembygdsforening.se\/PDF\/1988.pdf\">Karta<\/a>.<\/p>\n","protected":false},"excerpt":{"rendered":"<p>Backstuga under Norra Virestorp. H\u00e4r blev tomt 1899, d\u00e5 den siste inv\u00e5naren Karl Johansson Lund flyttade till N\u00e4ssj\u00f6. Huset, som<\/p>\n","protected":false},"author":1,"featured_media":0,"parent":0,"menu_order":0,"comment_status":"closed","ping_status":"closed","template":"","meta":{"footnotes":""},"class_list":["post-5619","page","type-page","status-publish","hentry"],"_links":{"self":[{"href":"https:\/\/vrigstadshembygdsforening.se\/index.php?rest_route=\/wp\/v2\/pages\/5619","targetHints":{"allow":["GET"]}}],"collection":[{"href":"https:\/\/vrigstadshembygdsforening.se\/index.php?rest_route=\/wp\/v2\/pages"}],"about":[{"href":"https:\/\/vrigstadshembygdsforening.se\/index.php?rest_route=\/wp\/v2\/types\/page"}],"author":[{"embeddable":true,"href":"https:\/\/vrigstadshembygdsforening.se\/index.php?rest_route=\/wp\/v2\/users\/1"}],"replies":[{"embeddable":true,"href":"https:\/\/vrigstadshembygdsforening.se\/index.php?rest_route=%2Fwp%2Fv2%2Fcomments&post=5619"}],"version-history":[{"count":2,"href":"https:\/\/vrigstadshembygdsforening.se\/index.php?rest_route=\/wp\/v2\/pages\/5619\/revisions"}],"predecessor-version":[{"id":6117,"href":"https:\/\/vrigstadshembygdsforening.se\/index.php?rest_route=\/wp\/v2\/pages\/5619\/revisions\/6117"}],"wp:attachment":[{"href":"https:\/\/vrigstadshembygdsforening.se\/index.php?rest_route=%2Fwp%2Fv2%2Fmedia&parent=5619"}],"curies":[{"name":"wp","href":"https:\/\/api.w.org\/{rel}","templated":true}]}}