{"id":5599,"date":"2022-10-27T17:19:25","date_gmt":"2022-10-27T17:19:25","guid":{"rendered":"https:\/\/vrigstadshembygdsforening.se\/?page_id=5599"},"modified":"2022-11-30T17:31:34","modified_gmt":"2022-11-30T17:31:34","slug":"malahage-lunden-malatorp","status":"publish","type":"page","link":"https:\/\/vrigstadshembygdsforening.se\/?page_id=5599","title":{"rendered":"M\u00e5lahage, Lunden, M\u00e5latorp"},"content":{"rendered":"\n<p>Torp under Trism\u00e5len, tidigare profoss-, senare timmermansbost\u00e4lle. P\u00e5 M\u00e5lahage bodde i b\u00f6rjan av 1800-talet avdankade profossen Johan Hjerpe. Den siste torparen var Klas Johan Svenson Isberg, som 1888 flyttade h\u00e4rifr\u00e5n till F\u00e4lthemmet. \u00c4ttlingar till honom och hans hustru Elsie (med namnet Is\u00e9n, finns i Vrigstadbygden).<\/p>\n\n\n\n<p>1776. Arvid (1726- ), Kerstin (1742- ), Lena (1768- ), Petter (1772- ), Anders (1773- ), Sven (1778- ). De flyttade 1785 till Store Skog.<\/p>\n\n\n\n<p>\u00c4nkan Elna (1706- ) &#8211; d\u00f6d.<\/p>\n\n\n\n<p>1786. Arvid (1759- ), Elin (1754- ), Katrina (1789- ).<\/p>\n\n\n\n<p>\u00c4nkan Ingrid (1726- ). Flyttade 1792.<\/p>\n\n\n\n<p>1797. M\u00e4ster Dalstr\u00f6m (1760- ), Anna Cajsa (1760- ), Lovisa (1780- ). De flyttade 1803 till Lannaskede. J\u00e4mf\u00f6r Knutsbr\u00e5ten.<\/p>\n\n\n\n<p>1806. Karl Pettersson (1770-02-02- ), Anna Brita (1778-09-12- ), Per Johan (1801-01-27- ), Sven Magnus (1804-01-27- ), Johannes (1807-10-01- ). De flyttade 1808 till K\u00e4llunda.<\/p>\n\n\n\n<p>1809. Petter (1747- ), Anna Greta (1743- ). De flyttade 1811 till Eken\u00e4s.<\/p>\n\n\n\n<p>1811. Avskedade profossen Hjerpe (1767-12-09- ), Brita M\u00e5nsdotter (1757-01-06- ), Eva (1793-06-05- ), Stina Katrina (1799-02-01- ), Johannes (1802-11-03- ), Stina Svensdotter (1785-11-10- ) \u2013 hustru 2, Anders Johan (1821-12-12- ), Britta Stina (1823-03-25- ), Lisa Cathrina (1825-07-01- ), Anders Magnus (1834-02-20&#8211;1836), Lisa Maja (1836-07-30- ). Inflyttade fr\u00e5n Trism\u00e5len.<\/p>\n\n\n\n<p>1843. Carl Gustaf Abrahamsson (1816-09-04- ), Inga Lena Carlsdotter (1818-05-03- ), Johan Malcum (1844-09-07- ). Inflyttade fr\u00e5n S. Virestorp. Flyttar 1845 till Knutsbr\u00e5ten.<\/p>\n\n\n\n<p>1845. Carl Magnus Nilsson (1809-01-28- ), Lisa Stina Jeansdotter (1822-03-06- ), Johannes Edvard (1847-03-15- ), Anna Christina (1848-12-07- ), Peter Johan (1850-04-16- ), Carl Fredrik (1851-12-19- ), Charlotta Elionora (1853-09-30- ), Johanna (1856-01-17- ), Karolina (1858-08-04- ), Helena (1861-01-28- ), Matilda (1863-04-15- ), Klaes (1866-07-07- )<\/p>\n\n\n\n<p>1862. Klas Johan Johansson (1836-02-19- ), Inga Katarina Johannisdotter (1828-12-03- ), Elisa Kristina (1856-05-09- ), Anna Dorothea (1863-02-22- ). Flyttade 1864 till Nydala.<\/p>\n\n\n\n<p>1866. Per Johan Johannisson (1824-08-24&#8211;1890), Stina Beata Magnisdotter (1815-04-11\u20141875-12-31), Johan Magnus Oskar (1847-12-01- ), Klaes Axel (1851-01-17- ), Sven August (1852-11-18- ), Kristina Sofia Johannesdotter (1850-05-12&#8211;1884) &#8211; hustru 2. Inflyttade fr\u00e5n Trism\u00e5len. Flyttade 1880 till Oxhagen, K\u00f6pstad \u00d6sterg\u00e5rd.<\/p>\n\n\n\n<p>1877. Sven August Andersson (1852-11-18&#8211;1894) \u2013 se ovan, Emma Karolina Johansdotter (1852-03-13- ), Johan Algott (1875-10-03- ), Karl Oskar (1877-03-16\u20141879-04-19), Vilhelmina Alfrida (1879-07-18- ) Karl Oskar (1881-11-16- ), Samuel Gustaf (1884-01-30- ), Josef Emanuel (1886-04-13- ). Inflyttade fr\u00e5n Sp\u00e5narp. Flyttade 1887 till H\u00f6gavadet, Lundholmen.<\/p>\n\n\n\n<p>1887. Klas Johan Svensson (Isberg) (1852-05-04- ), Elsie Johannesdotter (1854-06-05- ), Ida Maria (1875-01-17- ), Gustaf Axel Henning (1876-11-12- ), Johannes Emil (1879-03-06- ), Anna Emerentia (1881-03-02- ), Augusta Olivia Albertina (1885-09-09- ), Elisabeth (1887-12-08- ). Inflyttade fr\u00e5n M\u00f6cklaberg, Holkaryd. Flyttade 1888 till F\u00e4lthemmet, Knekestorp.<\/p>\n\n\n\n<p><a href=\"https:\/\/vrigstadshembygdsforening.se\/PDF\/1987.pdf\">Karta<\/a>.<\/p>\n","protected":false},"excerpt":{"rendered":"<p>Torp under Trism\u00e5len, tidigare profoss-, senare timmermansbost\u00e4lle. P\u00e5 M\u00e5lahage bodde i b\u00f6rjan av 1800-talet avdankade profossen Johan Hjerpe. Den siste<\/p>\n","protected":false},"author":1,"featured_media":0,"parent":0,"menu_order":0,"comment_status":"closed","ping_status":"closed","template":"","meta":{"footnotes":""},"class_list":["post-5599","page","type-page","status-publish","hentry"],"_links":{"self":[{"href":"https:\/\/vrigstadshembygdsforening.se\/index.php?rest_route=\/wp\/v2\/pages\/5599","targetHints":{"allow":["GET"]}}],"collection":[{"href":"https:\/\/vrigstadshembygdsforening.se\/index.php?rest_route=\/wp\/v2\/pages"}],"about":[{"href":"https:\/\/vrigstadshembygdsforening.se\/index.php?rest_route=\/wp\/v2\/types\/page"}],"author":[{"embeddable":true,"href":"https:\/\/vrigstadshembygdsforening.se\/index.php?rest_route=\/wp\/v2\/users\/1"}],"replies":[{"embeddable":true,"href":"https:\/\/vrigstadshembygdsforening.se\/index.php?rest_route=%2Fwp%2Fv2%2Fcomments&post=5599"}],"version-history":[{"count":2,"href":"https:\/\/vrigstadshembygdsforening.se\/index.php?rest_route=\/wp\/v2\/pages\/5599\/revisions"}],"predecessor-version":[{"id":6112,"href":"https:\/\/vrigstadshembygdsforening.se\/index.php?rest_route=\/wp\/v2\/pages\/5599\/revisions\/6112"}],"wp:attachment":[{"href":"https:\/\/vrigstadshembygdsforening.se\/index.php?rest_route=%2Fwp%2Fv2%2Fmedia&parent=5599"}],"curies":[{"name":"wp","href":"https:\/\/api.w.org\/{rel}","templated":true}]}}