{"id":5574,"date":"2022-10-25T10:27:44","date_gmt":"2022-10-25T10:27:44","guid":{"rendered":"https:\/\/vrigstadshembygdsforening.se\/?page_id=5574"},"modified":"2022-11-30T17:29:00","modified_gmt":"2022-11-30T17:29:00","slug":"maden","status":"publish","type":"page","link":"https:\/\/vrigstadshembygdsforening.se\/?page_id=5574","title":{"rendered":"Maden"},"content":{"rendered":"\n<p>Tv\u00e5 backstugor l\u00e5g mycket n\u00e4ra varandra: Maden under Sunnerby \u00d6sterg\u00e5rd och Erikas under Sunnerby \u00c5g\u00e5rd. Sist p\u00e5 Maden var Jonas Magnus Pettersson, f\u00f6dd 1817 och vanligen kallad &#8221;Lille G\u00f6dde&#8221;. Han flyttade till M\u00f6lnarp.<\/p>\n\n\n\n<p>Isak August Gustafsson (1841-09-17&#8211;1913), Anna Lena Jonasdotter (1834-05-23&#8211;1908), Johanna Sofia (1867-03-04\u20141870-02-13), Emma Kristina (1870-01-11- ). Flyttade 1872 till H\u00e4ggeryd, Holkaryd Rutag\u00e5rd.<\/p>\n\n\n\n<p>1873. Karl Johan Jonasson (1834-05-05- ), Anna Kristina Petersdotter (1836-03-07\u20141875-08-23), Johan Emil (1858-09-28- ), Axel Svenning (1862-01-01- ), Karolina Sofia (1864-12-14- ), Elise (1868-04-17- ), Anna Lovisa (1871-07-26- ), Ida Kristina (1873-12-30\u20141874), Karl August (1875-01-10\u20141875-02-01). Sofia Johansdotter Wiman (1843-05-05- ) \u2013 hustru 2, Otto Johansson (1866-03-17- ), Karl Rickard (1873-05-30- ), Augusta Karlsdotter (1878-08-26- ) \u2013 gemensamt barn. Inflyttade fr\u00e5n Kullen, G\u00e4stgivareg\u00e5rden. Flyttade 1880 till V. Harg.<\/p>\n\n\n\n<p>\u00c4nklingen Jonas Magnus Pettersson (1817-08-02- ). Inhystes sedan 1866. Kallad &#8221;Lille G\u00f6dde&#8221;. Bror till Alfred Pettersson. Bor kort p\u00e5 R\u00e5g\u00e5ngen och flyttar \u00e5r 1900 till M\u00f6lnarp.<\/p>\n\n\n\n<p><a href=\"https:\/\/vrigstadshembygdsforening.se\/PDF\/1982.pdf\">Karta<\/a>.<\/p>\n","protected":false},"excerpt":{"rendered":"<p>Tv\u00e5 backstugor l\u00e5g mycket n\u00e4ra varandra: Maden under Sunnerby \u00d6sterg\u00e5rd och Erikas under Sunnerby \u00c5g\u00e5rd. Sist p\u00e5 Maden var Jonas<\/p>\n","protected":false},"author":1,"featured_media":0,"parent":0,"menu_order":0,"comment_status":"closed","ping_status":"closed","template":"","meta":{"footnotes":""},"class_list":["post-5574","page","type-page","status-publish","hentry"],"_links":{"self":[{"href":"https:\/\/vrigstadshembygdsforening.se\/index.php?rest_route=\/wp\/v2\/pages\/5574","targetHints":{"allow":["GET"]}}],"collection":[{"href":"https:\/\/vrigstadshembygdsforening.se\/index.php?rest_route=\/wp\/v2\/pages"}],"about":[{"href":"https:\/\/vrigstadshembygdsforening.se\/index.php?rest_route=\/wp\/v2\/types\/page"}],"author":[{"embeddable":true,"href":"https:\/\/vrigstadshembygdsforening.se\/index.php?rest_route=\/wp\/v2\/users\/1"}],"replies":[{"embeddable":true,"href":"https:\/\/vrigstadshembygdsforening.se\/index.php?rest_route=%2Fwp%2Fv2%2Fcomments&post=5574"}],"version-history":[{"count":2,"href":"https:\/\/vrigstadshembygdsforening.se\/index.php?rest_route=\/wp\/v2\/pages\/5574\/revisions"}],"predecessor-version":[{"id":6105,"href":"https:\/\/vrigstadshembygdsforening.se\/index.php?rest_route=\/wp\/v2\/pages\/5574\/revisions\/6105"}],"wp:attachment":[{"href":"https:\/\/vrigstadshembygdsforening.se\/index.php?rest_route=%2Fwp%2Fv2%2Fmedia&parent=5574"}],"curies":[{"name":"wp","href":"https:\/\/api.w.org\/{rel}","templated":true}]}}