{"id":5527,"date":"2022-10-21T11:15:19","date_gmt":"2022-10-21T11:15:19","guid":{"rendered":"https:\/\/vrigstadshembygdsforening.se\/?page_id=5527"},"modified":"2022-11-30T17:24:34","modified_gmt":"2022-11-30T17:24:34","slug":"ljungdala-lilla","status":"publish","type":"page","link":"https:\/\/vrigstadshembygdsforening.se\/?page_id=5527","title":{"rendered":"Ljungdala, Lilla"},"content":{"rendered":"\n<p>Backstuga under K\u00f6pstad \u00d6sterg\u00e5rd. Huset flyttat fr\u00e5n Maddebo\/Oxhagen.<\/p>\n\n\n\n<p>1895. Anna Kristina Gustavsdotter St\u00e5hl (1848-02-03\u20141907-03-19), Claes Algot Johansson St\u00e5lgren (1870-09-22- ), August Teodor Johansson St\u00e5hlgren (1881-07-31- ), Johan Victor (1883-12-05- ), Gustaf Alfred (1886-10-08- ), Carl Olof (1889-01-28- ), Ture Efraim (1891-05-27- ). \u00c4nka 1893-02-21. Inflyttade fr\u00e5n Biskopsbo kvarn. Kvarvarande barn flyttar 1907 n\u00e4r modern d\u00f6r.<\/p>\n\n\n\n<p>1908. Emma Kristina Johansdotter (1864-08-15- ), Agnes Linnea Sofia (1889-05-20- ), Johan Edvin Vaimar (1890-09-27- ), August Bertil Einar (1892-09-14- ), Alba Edit Wilhelmina (1894-09-26- ), Anna Viktoria Sara (1896-08-23- ), Knut Alfrid Gerhard (1898-09-16- ). Inflyttad fr\u00e5n Lundby mejeri. Flyttade 1916 till Fridenborg.<\/p>\n\n\n\n<p>1916. Emma Karolina Klasdotter (1870-09-21- ), Axia Maria Elisabet Ljunggren (1897-01-15- ) \u2013 o\u00e4. dotter. Emma Karolina inflyttad fr\u00e5n \u00e5lderdomshemmet.<\/p>\n\n\n\n<p><a href=\"https:\/\/vrigstadshembygdsforening.se\/PDF\/1985.pdf\">Karta<\/a>.<\/p>\n","protected":false},"excerpt":{"rendered":"<p>Backstuga under K\u00f6pstad \u00d6sterg\u00e5rd. Huset flyttat fr\u00e5n Maddebo\/Oxhagen. 1895. Anna Kristina Gustavsdotter St\u00e5hl (1848-02-03\u20141907-03-19), Claes Algot Johansson St\u00e5lgren (1870-09-22- ),<\/p>\n","protected":false},"author":1,"featured_media":0,"parent":0,"menu_order":0,"comment_status":"closed","ping_status":"closed","template":"","meta":{"footnotes":""},"class_list":["post-5527","page","type-page","status-publish","hentry"],"_links":{"self":[{"href":"https:\/\/vrigstadshembygdsforening.se\/index.php?rest_route=\/wp\/v2\/pages\/5527","targetHints":{"allow":["GET"]}}],"collection":[{"href":"https:\/\/vrigstadshembygdsforening.se\/index.php?rest_route=\/wp\/v2\/pages"}],"about":[{"href":"https:\/\/vrigstadshembygdsforening.se\/index.php?rest_route=\/wp\/v2\/types\/page"}],"author":[{"embeddable":true,"href":"https:\/\/vrigstadshembygdsforening.se\/index.php?rest_route=\/wp\/v2\/users\/1"}],"replies":[{"embeddable":true,"href":"https:\/\/vrigstadshembygdsforening.se\/index.php?rest_route=%2Fwp%2Fv2%2Fcomments&post=5527"}],"version-history":[{"count":2,"href":"https:\/\/vrigstadshembygdsforening.se\/index.php?rest_route=\/wp\/v2\/pages\/5527\/revisions"}],"predecessor-version":[{"id":6091,"href":"https:\/\/vrigstadshembygdsforening.se\/index.php?rest_route=\/wp\/v2\/pages\/5527\/revisions\/6091"}],"wp:attachment":[{"href":"https:\/\/vrigstadshembygdsforening.se\/index.php?rest_route=%2Fwp%2Fv2%2Fmedia&parent=5527"}],"curies":[{"name":"wp","href":"https:\/\/api.w.org\/{rel}","templated":true}]}}