{"id":5449,"date":"2022-10-07T14:28:52","date_gmt":"2022-10-07T14:28:52","guid":{"rendered":"https:\/\/vrigstadshembygdsforening.se\/?page_id=5449"},"modified":"2022-11-30T17:18:11","modified_gmt":"2022-11-30T17:18:11","slug":"lammaskog","status":"publish","type":"page","link":"https:\/\/vrigstadshembygdsforening.se\/?page_id=5449","title":{"rendered":"Lammaskog"},"content":{"rendered":"\n<p>Det fanns tv\u00e5 boningshus om vardera sex rum samt bl. a. ladug\u00e5rdsbyggnader. Rusth\u00e5ll.<\/p>\n\n\n\n<p>1756. M\u00e5nsson, Anika Larsdotter, Brita.<\/p>\n\n\n\n<p>1761. Anders Larsson, Anika Andersdotter.<\/p>\n\n\n\n<p>1776. Larsson, Elin, Anders, Catharina.<\/p>\n\n\n\n<p>Jonas, Lena, Stina, Johan, Sven, Maja (1776- ), Jonas (1779- ), Sara Lena (1781- ).<\/p>\n\n\n\n<p>1792. Anders (1752- ), Catharina, Anders (1770- ), Anna Greta (1772- ), Nils (1776- ). Flyttade 1794.<\/p>\n\n\n\n<p>1794. Jonas, Britta, Petter (1789- ), Esaias (1791- ), Johanna (1793-12-??- ), Anders (1796- ), Carl Johan (1800- ), Jonas (1804- ).<\/p>\n\n\n\n<p>1810. Isac Jonasson. Lagerman (1758-10-06\u20141836-07-22), Lena Jonasdotter (1760- ). Bor kvar till mannens d\u00f6d. Hustrun d\u00f6d tidigare.<\/p>\n\n\n\n<p>1818. Johannes Israelsson (1793-08-21- ), Lena Maja Andersdotter (1799-03-04- ), Anna Lena (1820-04-12- ), Sophia (1821-11-18- ), Inga Stina (1825-02-18- ), Hedda (1827-02-02- ), Anders (1830-05-05- ). Flyttar 1832 till Kvarnaryd.<\/p>\n\n\n\n<p>1831. Peter Johan Carlsson (1806-04-06\u20141848-09-15), Maja Lisa Nilsdotter (1801-03-29- ), Anna Johanna (1830-12-26- ), Carl Fredrik (1833-07-09- ), Lisa Maja (1834-08-20- ), Christina (1838-05-13- ), Charlotta Sofia (1840-10-10- ), Emma Lovisa (1843-12-13- ). Inflyttade fr\u00e5n Bohult. 1851 flyttar Carl Johannisson (1816-05-31- ) till g\u00e5rden. Anna Johanna f\u00e5r o\u00e4 dottern Elise (1860-06-12- ). Flyttar 1869 till Knekestorp.<\/p>\n\n\n\n<p>1837. Anders (Bergstr\u00f6m) Carlsson (1808-11-03\u20141851-04-27), Lisa Stina Jaensdotter (1812-04-14- ), Johanna Helena (1839-09-22\u20141841-02-10), Claes Johan August (1841-02-22- ), Emma Charlotta (1842-05-16- ), Johannes (1844-01-22- ), Carl Alfred (1846-02-06\u20141852-02-28), Johanna (1848-04-11- ), Helena Christina (1851-08-15- ). Dr\u00e4ngen Johannes Carlsson (1823-01-29- ) flyttar in 1855. F\u00e5r med Lisa Stina Karl Edvard (1857-02-13- ). Flyttar 1868 till Svensbo.<\/p>\n\n\n\n<p>1858. Anders Jaensson (1825-07-09- ), Anna Lisa Niklasdotter (1824-06-06- ), Klaes Johan (1855-03-27- ), Emma Christina (1857-08-25- ), Ida Charlotta (1860-04-18- ), Karl August (1862-12-16- ), Frans (1865-10-08- ). Flyttar 1868 till Gnillinge.<\/p>\n\n\n\n<p>1868. Andreas Svensson (1822-12-07- ), Klara Helena Rothin (1819-08-12- ), Sven August (1853-08-26- ), Klaes Johan (1856-02-22- ), Augustin Fredrika (1859-09-17- ), Karl Efraim (1862-04-03- ). Flyttar 1880.<\/p>\n\n\n\n<p>1869. Anders Gabrielsson (1825-04-30- ), Johanna Maria Arvidsdotter (1834-03-25- ), Johanna Sofia (1852-08-10- ), Johannes Gustaf (1854-02-16- ), Karl August (1856-01-07- ), Emma Kristina (1858-02-19- ), Anna Mathilda (1860-02-11- ), Klaes Alfrid (1861-11-27- ), Aurora Alfrida Maria (1867-09-07- ), Hulda (1869-05-10- ), Jenny Adolfina (1871-11-07- ). Flyttar 1878 till Hjertetorp.<\/p>\n\n\n\n<p>1878. Arrendatorn August Klaes Sandberg (1845-02-14- ), Kristina Andersdotter Fast (1841-09-29- ), Axel Emil (1865-09-20- ), Anna Sofia (1868-11-19- ), Robert Emanuel (1871- 04-08- ), Helena Josefina (1876-08-18- ), Karl August (1878-03-21- ). Inflyttade fr\u00e5n Svenarum. Flyttar 1880 till Hylletofta.<\/p>\n\n\n\n<p>1880. Johan Petersson (1837-01-17- ), Johanna Karolina Johannisdotter (1840-06-04- ), Johannes Josef Linus (1866-06-24- ), Gunhilda Adina (1877-03-26- ), Oskar Magnus Bernhard (1879-11-19- ), Signe Bl\u00e4nda Johanna (1883-05-01- ). Inflyttade fr\u00e5n Fr\u00f6deryd. Flyttar 1884 till Amerika.<\/p>\n\n\n\n<p>1884. Gustav H\u00e5kansson (1823-06-07&#8211;1901-12-03), Stina Kajsa Magnidotter (1822-09-15&#8211;1913- 03-15), Kristina (1847-10-13- ), Emma (1850- ). Inflyttade fr\u00e5n Gisabo.<\/p>\n\n\n\n<p>1884. Johannes Karlsson (1837-01-18\u20141910-12-19), Kristina Gustafsdotter (1847-10-13\u20141915-01-07), Karl August (1872-09-09- ), Wilhelmina Amanda Justina (1874-09-02- ), Augusta Alfrida (1880-07-05- ), Oscar Adolf Sextius (1887-06-24- ). Inflyttade fr\u00e5n Gisabo.<\/p>\n\n\n\n<p>1927. Oscar Adolf Sextius gifter sig 1927 med Ester Linnea Holm (1892-11-23- ), Ellen Gunhild Ingeborg (1916-01-13- ), Tora Valborg Linnea (1927-12-19- ).<\/p>\n\n\n\n<p><a href=\"https:\/\/vrigstadshembygdsforening.se\/PDF\/1987.pdf\">Karta<\/a>.<\/p>\n","protected":false},"excerpt":{"rendered":"<p>Det fanns tv\u00e5 boningshus om vardera sex rum samt bl. a. ladug\u00e5rdsbyggnader. Rusth\u00e5ll. 1756. M\u00e5nsson, Anika Larsdotter, Brita. 1761. Anders<\/p>\n","protected":false},"author":1,"featured_media":0,"parent":0,"menu_order":0,"comment_status":"closed","ping_status":"closed","template":"","meta":{"footnotes":""},"class_list":["post-5449","page","type-page","status-publish","hentry"],"_links":{"self":[{"href":"https:\/\/vrigstadshembygdsforening.se\/index.php?rest_route=\/wp\/v2\/pages\/5449","targetHints":{"allow":["GET"]}}],"collection":[{"href":"https:\/\/vrigstadshembygdsforening.se\/index.php?rest_route=\/wp\/v2\/pages"}],"about":[{"href":"https:\/\/vrigstadshembygdsforening.se\/index.php?rest_route=\/wp\/v2\/types\/page"}],"author":[{"embeddable":true,"href":"https:\/\/vrigstadshembygdsforening.se\/index.php?rest_route=\/wp\/v2\/users\/1"}],"replies":[{"embeddable":true,"href":"https:\/\/vrigstadshembygdsforening.se\/index.php?rest_route=%2Fwp%2Fv2%2Fcomments&post=5449"}],"version-history":[{"count":2,"href":"https:\/\/vrigstadshembygdsforening.se\/index.php?rest_route=\/wp\/v2\/pages\/5449\/revisions"}],"predecessor-version":[{"id":6074,"href":"https:\/\/vrigstadshembygdsforening.se\/index.php?rest_route=\/wp\/v2\/pages\/5449\/revisions\/6074"}],"wp:attachment":[{"href":"https:\/\/vrigstadshembygdsforening.se\/index.php?rest_route=%2Fwp%2Fv2%2Fmedia&parent=5449"}],"curies":[{"name":"wp","href":"https:\/\/api.w.org\/{rel}","templated":true}]}}