{"id":5446,"date":"2022-10-05T15:38:21","date_gmt":"2022-10-05T15:38:21","guid":{"rendered":"https:\/\/vrigstadshembygdsforening.se\/?page_id=5446"},"modified":"2022-11-30T17:17:25","modified_gmt":"2022-11-30T17:17:25","slug":"lammaryd-lammarydet","status":"publish","type":"page","link":"https:\/\/vrigstadshembygdsforening.se\/?page_id=5446","title":{"rendered":"Lammaryd, Lammarydet"},"content":{"rendered":"\n<p>Torp under Sunnerby \u00c5g\u00e5rd.<\/p>\n\n\n\n<p>1778. Johan (1739- ), Ingrid (1740- ), J\u00f6ns (1768- ), Petter (1775- ), Maja (1777- ), Ingrid (1778- ) &#8211; d\u00f6d. Flyttade 1793 till K\u00f6pstad.<\/p>\n\n\n\n<p>1803. Peter Jaensson (1779-12-09- ), Lena (1779-06-16 ), Johan (1805-10-17- ), Lena Kajsa (1807-11-03 ), Andreas (1810-01-25- ), Nils Peter (1812-05-27- ), Britta Maja (1815-02-06- ), Carl Magnus (1817-11-01- ).<\/p>\n\n\n\n<p>1825. Gustaf Magnusson (1801-04-03- ), Britta Svensdotter (1798-1832), Stina Caijsa (1823- ), Anna Lisa (1826-01-08- ), Lena Maja (1828-06-20- ), Clas (1831-01-11- ). Flyttar 1836 till G\u00e4llaryd.<\/p>\n\n\n\n<p>1835. Johannes Salomonsson (1805-09-24&#8211;1892), Lena Kajsa Petersdotter (1805-11-07\u20141874-10-25), Helena (1828-09-02- ), Jonas Peter (1830-07-08- ), Anders Johan (1832-02-15- ), Carl Isac (1834-09-17- ), Johannes Magnus (1839-08-02\u20141842-10-02), Claes August (1839-08-02&#8211;1839-09-23), Anna Charlotta (1845-03-30- ). Kvar 1880. Flyttade till L. S\u00e4vjedal, Sunnerby.<\/p>\n\n\n\n<p>1886. Karl Anders Andreasson (1862-04-17- ), Matilda Andersdotter (1860-05-06- ), Carl Alfred (1885-09-15- ), Frans Oscar (1887-12-20- ). Inflyttade fr\u00e5n Sl\u00e4tten, Sunnerby. Flyttade 1888 till Stenshult.<\/p>\n\n\n\n<p>1891. Karl Andersson (1844-03-09- ), Kristina Katarina Andersdotter (1840-05-02\u20141896-03-12), Emmy (1872-03-07- ), Carl Frithiof (1876-07-12- ), Ellen Maria (1881-03-21- ), Josef Natanael (1883-09-05- ). Inflyttade 1891 fr\u00e5n Svenarum och flyttade 1892 till S\u00e4vjedal.<\/p>\n\n\n\n<p>1892. Anders Pettersson (1830-02-26- ), Johanna Catharina Magnidotter (1844-04-29- ), Emma Justina (1871-01-30- ), Carl Johan (1873-05-08- ), Axel Robert (1876-05-12- ). Inflyttade fr\u00e5n Svenarum. Flyttade till Nydala 1894.<\/p>\n\n\n\n<p>1894. Johan Emil Andersson (1867-12-31- ), Emma Charlotta J\u00f6nsdotter (1861-10-01- ), Esther Anna Emelie (1892-09-27- ), Selma Nanny Victoria (1895-04-26- ). Mannen inflyttad fr\u00e5n S:a Skogsdal och hustrun fr\u00e5n K\u00f6pstads \u00d6streg\u00e5rd. Flyttade 1896 till St. Kringelbr\u00e5ten, Lundholmen.<\/p>\n\n\n\n<p>Anders Johan Johannesson (1832-02-15-1911-07-29), Johanna Kristina Johansdotter (1835-01-26- ), Emma Efelia (1870-04-23- ) \u2013 \u00e4nka, inflyttad fr\u00e5n Amerika 1898, Carl Alfred (1872-10-27- ). \u00c4nkan Johanna Kristina flyttade 1920 till Knavram\u00e5len.<\/p>\n\n\n\n<p>1896. Soldaten Carl Gustav Sj\u00f6 (1849-03-07- ), Johanna Fredrika Ek (1857-01-14- ), Hilma Maria (1885-09-03- ), Gustaf (1887-08-28- ), Johan (1887-08-28- ), Jenny Augusta (1890-06-09- ), Anna Fredrika (1893-02-09- ), Carl Oskar (1894-11-10- ). Inflyttade fr\u00e5n S\u00f6drag\u00e4rde, Holkaryd. Flyttade 1901 till Dammen, Holkaryd.<\/p>\n\n\n\n<p><a href=\"https:\/\/vrigstadshembygdsforening.se\/PDF\/1982.pdf\">Karta<\/a>.<\/p>\n","protected":false},"excerpt":{"rendered":"<p>Torp under Sunnerby \u00c5g\u00e5rd. 1778. Johan (1739- ), Ingrid (1740- ), J\u00f6ns (1768- ), Petter (1775- ), Maja (1777- ),<\/p>\n","protected":false},"author":1,"featured_media":0,"parent":0,"menu_order":0,"comment_status":"closed","ping_status":"closed","template":"","meta":{"footnotes":""},"class_list":["post-5446","page","type-page","status-publish","hentry"],"_links":{"self":[{"href":"https:\/\/vrigstadshembygdsforening.se\/index.php?rest_route=\/wp\/v2\/pages\/5446","targetHints":{"allow":["GET"]}}],"collection":[{"href":"https:\/\/vrigstadshembygdsforening.se\/index.php?rest_route=\/wp\/v2\/pages"}],"about":[{"href":"https:\/\/vrigstadshembygdsforening.se\/index.php?rest_route=\/wp\/v2\/types\/page"}],"author":[{"embeddable":true,"href":"https:\/\/vrigstadshembygdsforening.se\/index.php?rest_route=\/wp\/v2\/users\/1"}],"replies":[{"embeddable":true,"href":"https:\/\/vrigstadshembygdsforening.se\/index.php?rest_route=%2Fwp%2Fv2%2Fcomments&post=5446"}],"version-history":[{"count":2,"href":"https:\/\/vrigstadshembygdsforening.se\/index.php?rest_route=\/wp\/v2\/pages\/5446\/revisions"}],"predecessor-version":[{"id":6073,"href":"https:\/\/vrigstadshembygdsforening.se\/index.php?rest_route=\/wp\/v2\/pages\/5446\/revisions\/6073"}],"wp:attachment":[{"href":"https:\/\/vrigstadshembygdsforening.se\/index.php?rest_route=%2Fwp%2Fv2%2Fmedia&parent=5446"}],"curies":[{"name":"wp","href":"https:\/\/api.w.org\/{rel}","templated":true}]}}