{"id":5425,"date":"2022-09-28T17:17:25","date_gmt":"2022-09-28T17:17:25","guid":{"rendered":"https:\/\/vrigstadshembygdsforening.se\/?page_id=5425"},"modified":"2022-11-30T17:16:41","modified_gmt":"2022-11-30T17:16:41","slug":"lammafors","status":"publish","type":"page","link":"https:\/\/vrigstadshembygdsforening.se\/?page_id=5425","title":{"rendered":"Lammafors"},"content":{"rendered":"\n<p>Backstuga under Lammafors s\u00e5gverk under Lammaskog.<\/p>\n\n\n\n<p>1898. Svarvare Carl Anders Johannisson Lindstr\u00f6m (1857-05-20- ), Johanna Sofia Svensdotter (1860-05-20- ), Alma Hildur Victoria (1887-07-18- ), Carl Oscar Edvin (1889-10-24- ), Erik Rudolf Eugen (1891-11-05- ), Anna Almida Linnea (1894-04-17- ), Axel Einar Emanuel (1896-10-28- ), Ernst Josef Wilhelm (1898-12-22- ). Inflyttade fr\u00e5n Forserum. Flyttar till N\u00e4ssj\u00f6 1899.<\/p>\n\n\n\n<p><a href=\"https:\/\/vrigstadshembygdsforening.se\/PDF\/1986.pdf\">Karta<\/a>.<\/p>\n","protected":false},"excerpt":{"rendered":"<p>Backstuga under Lammafors s\u00e5gverk under Lammaskog. 1898. Svarvare Carl Anders Johannisson Lindstr\u00f6m (1857-05-20- ), Johanna Sofia Svensdotter (1860-05-20- ), Alma<\/p>\n","protected":false},"author":1,"featured_media":0,"parent":0,"menu_order":0,"comment_status":"closed","ping_status":"closed","template":"","meta":{"footnotes":""},"class_list":["post-5425","page","type-page","status-publish","hentry"],"_links":{"self":[{"href":"https:\/\/vrigstadshembygdsforening.se\/index.php?rest_route=\/wp\/v2\/pages\/5425","targetHints":{"allow":["GET"]}}],"collection":[{"href":"https:\/\/vrigstadshembygdsforening.se\/index.php?rest_route=\/wp\/v2\/pages"}],"about":[{"href":"https:\/\/vrigstadshembygdsforening.se\/index.php?rest_route=\/wp\/v2\/types\/page"}],"author":[{"embeddable":true,"href":"https:\/\/vrigstadshembygdsforening.se\/index.php?rest_route=\/wp\/v2\/users\/1"}],"replies":[{"embeddable":true,"href":"https:\/\/vrigstadshembygdsforening.se\/index.php?rest_route=%2Fwp%2Fv2%2Fcomments&post=5425"}],"version-history":[{"count":2,"href":"https:\/\/vrigstadshembygdsforening.se\/index.php?rest_route=\/wp\/v2\/pages\/5425\/revisions"}],"predecessor-version":[{"id":6071,"href":"https:\/\/vrigstadshembygdsforening.se\/index.php?rest_route=\/wp\/v2\/pages\/5425\/revisions\/6071"}],"wp:attachment":[{"href":"https:\/\/vrigstadshembygdsforening.se\/index.php?rest_route=%2Fwp%2Fv2%2Fmedia&parent=5425"}],"curies":[{"name":"wp","href":"https:\/\/api.w.org\/{rel}","templated":true}]}}