{"id":5410,"date":"2022-09-25T14:56:49","date_gmt":"2022-09-25T14:56:49","guid":{"rendered":"https:\/\/vrigstadshembygdsforening.se\/?page_id=5410"},"modified":"2022-11-30T17:14:45","modified_gmt":"2022-11-30T17:14:45","slug":"kallunda-lilla","status":"publish","type":"page","link":"https:\/\/vrigstadshembygdsforening.se\/?page_id=5410","title":{"rendered":"K\u00e4llunda, Lilla"},"content":{"rendered":"\n<p>Torp\/backstuga under Lundby V\u00e4sterg\u00e5rd.<\/p>\n\n\n\n<p>1835. Carl Pettersson (1770-02-02- ), Anna Britta (1778-09-12&#8211;1844-08-10), Lisa Maja (1822-07-18- ). Carl flyttar 1845 till S. Virestorp.<\/p>\n\n\n\n<p>1845. Peter Gudmundsson (1805-01-08\u20141871-06-30), Maja Lisa Jonasdotter (1795-07-16\u20141852-07-25), Claes Johan (1831-09-14- ), Carolina (1834-02-07- ), Sara Lena (1840-04-04- ). Lena Andersdotter (1816-01-10 ) \u2013 inflyttad 1853. Lena flyttar 1875 till Lundby Mgd.<\/p>\n\n\n\n<p>1872. Jonas Petter Johansson (1823-08-08&#8211;1897), Kristina Petersdotter (1834-02-31&#8211;1896), Karl Edv. Andersson (1849-09-16- ) &#8211; fr\u00e5n f\u00f6rra giftet, Emma Elisabeth Johannisdotter (1861-01-03- ), Maria Charlotta Johannisdotter (1863-04-15- ), Hilda Karolina (1870-01-25- ). Flyttade 1872 till Gr\u00f6ndal, Lundby.<\/p>\n\n\n\n<p>1872. Otto Andersson (1832-03-25- ), Maja Stina Johannisdotter (1836-02-29- ), Johannes August (1858-04-24- ), Karl Johan (1860-09-30- ), Anna Charlotta (1862-09-11- ), Frans Edvard (1864-09-16- ), Amanda Kristina (1866-10-13- ), Anders Frithiof (1869-07-17- ), Emma Elisabeth (1873-06-30- ), Oskar Tiondahl (1875-12-05- ), Gustaf Patrik (1878-05-26- ), Claes Fredrik (1881-06-26- ), Oskar Emanuel (1886-05-24- ) &#8211; &#8221;p\u00e5 Malm\u00f6&#8221;. Inflyttade fr\u00e5n M\u00e5nsag\u00e5rden. Flyttade 1898 till H\u00f6jden Knekestorp. Josef Karlssons farf\u00f6r\u00e4ldrar.<\/p>\n\n\n\n<p>1889. \u00d6vergivna Emma Kristina Lilja (1864-08-15- ), Agnes Linnea Sofia (1889-05-20- ), Johan Edvin Weimar (1890-09-27- ), August Bertil Einar (1892-09-14- ), Alba Edit Wilhelmina (1894-09-26- ), Anna Victoria Svea (1896-08-23- ), Knut Alfrid Gerhard (1898-09- 16- ). Mannen &#8211; f. grenadieren nr 29 Anders Johan Gustavsson Lilja, garvare p\u00e5 Annedal, avviker till Amerika 1899. Flyttar 1902 till Annedal.<\/p>\n\n\n\n<p><a href=\"https:\/\/vrigstadshembygdsforening.se\/PDF\/1986.pdf\">Karta<\/a>.<\/p>\n","protected":false},"excerpt":{"rendered":"<p>Torp\/backstuga under Lundby V\u00e4sterg\u00e5rd. 1835. Carl Pettersson (1770-02-02- ), Anna Britta (1778-09-12&#8211;1844-08-10), Lisa Maja (1822-07-18- ). Carl flyttar 1845 till<\/p>\n","protected":false},"author":1,"featured_media":0,"parent":0,"menu_order":0,"comment_status":"closed","ping_status":"closed","template":"","meta":{"footnotes":""},"class_list":["post-5410","page","type-page","status-publish","hentry"],"_links":{"self":[{"href":"https:\/\/vrigstadshembygdsforening.se\/index.php?rest_route=\/wp\/v2\/pages\/5410","targetHints":{"allow":["GET"]}}],"collection":[{"href":"https:\/\/vrigstadshembygdsforening.se\/index.php?rest_route=\/wp\/v2\/pages"}],"about":[{"href":"https:\/\/vrigstadshembygdsforening.se\/index.php?rest_route=\/wp\/v2\/types\/page"}],"author":[{"embeddable":true,"href":"https:\/\/vrigstadshembygdsforening.se\/index.php?rest_route=\/wp\/v2\/users\/1"}],"replies":[{"embeddable":true,"href":"https:\/\/vrigstadshembygdsforening.se\/index.php?rest_route=%2Fwp%2Fv2%2Fcomments&post=5410"}],"version-history":[{"count":2,"href":"https:\/\/vrigstadshembygdsforening.se\/index.php?rest_route=\/wp\/v2\/pages\/5410\/revisions"}],"predecessor-version":[{"id":6067,"href":"https:\/\/vrigstadshembygdsforening.se\/index.php?rest_route=\/wp\/v2\/pages\/5410\/revisions\/6067"}],"wp:attachment":[{"href":"https:\/\/vrigstadshembygdsforening.se\/index.php?rest_route=%2Fwp%2Fv2%2Fmedia&parent=5410"}],"curies":[{"name":"wp","href":"https:\/\/api.w.org\/{rel}","templated":true}]}}