{"id":5392,"date":"2022-09-22T15:56:04","date_gmt":"2022-09-22T15:56:04","guid":{"rendered":"https:\/\/vrigstadshembygdsforening.se\/?page_id=5392"},"modified":"2022-11-30T17:12:30","modified_gmt":"2022-11-30T17:12:30","slug":"kalleberg-kelleberg","status":"publish","type":"page","link":"https:\/\/vrigstadshembygdsforening.se\/?page_id=5392","title":{"rendered":"K\u00e4lleberg, Kelleberg"},"content":{"rendered":"\n<p>Torp under G\u00f6storp, Lundholmen. Sista inv. Otto Johannisson, f. 1842, och hustrun Greta Charlotta Andersdotter, 1844-1920, d\u00f6d p\u00e5 Fridenberg. Flyttade till Broddan\u00e4s \u00e5r 1900.<\/p>\n\n\n\n<p>1756. Per J\u00f6nsson (1712- ), Lena (1714- ), Annika (1756- ).<\/p>\n\n\n\n<p>1792. Sven (1767- ), Stina (1762- ), Petter (1791- ), Johannes (1793\u20141793), Maija Lisa (1795- ), Carl (1797- ). Flyttar 1798.<\/p>\n\n\n\n<p>1798. Magnus (1774- ), Maija (1774- ), Petter (1799- ). Flyttar 1801.<\/p>\n\n\n\n<p>1801. Jonas (1775- ), Lena Beata (1776- ), Andreas (1800- ). Flyttar 1802.<\/p>\n\n\n\n<p>1804. Maja (1784- ), Johan (1790- ), Britta Stina (1793- ), Lena (1797- ), Elsa (1799- ), \u00a0<\/p>\n\n\n\n<p>1809. Peter Jonasson (1766-04-07- ), Stina (1770-09-11- ), Maja Catarina (1808-09-04- ).<\/p>\n\n\n\n<p>1827. Jonas Andersson (1772-02-11- ), Beatha Johansdotter (1775-09-28- ), Jacob (1808-11-17- ), Anna Lena (1810-05-02- ), Britta Lisa (1812-11-21- ), Lena Maija (1818-01-15- ). Flyttar 1838 till L. Boda.<\/p>\n\n\n\n<p>1838. Peter Jonasson (1766-04-07\u20141844-02-09), Stina (1770-09-11- ) inflyttade fr\u00e5n Kyrkarp tillsammans med fostersonen Anders Persson (1824-01-14- ), som 1840 flyttar till \u00c5dala. Hustrun flyttar 1844 till Kyrkarp.<\/p>\n\n\n\n<p>1844. Peter Mattisson (1802-02-02- ), Carolina Martinelli (1802-01-17- ), Carl Henric (1827-08-06- ), Claes Vilhelm (1829-02-02- ), Jonas Peter (1830-06-01- ), Anna Charlotta (1832-06-04- ), Gustava (1833-12-30- ), Johan Matthias (1835-06-02- ), Carolina Christina (1836-06-08- ), Frans August (1839-05-01- ). Inflyttade fr\u00e5n Gisabo. Fr\u00e5n 1867 bor f\u00f6r\u00e4ldrarna ensamma i torpet. Flyttar 1871 till Trism\u00e5len.<\/p>\n\n\n\n<p>1871. Johan Fridolf Johannisson (1849-08-29- ), Wilhelmina Christina Johannisdotter (1844-12-17- ), Oskar Emil (1872-11-24- ), Edvard Emanuel (1874-04-23- ). Inflyttade fr\u00e5n St. Kringelbr\u00e5ten.<\/p>\n\n\n\n<p>1877. Otto Johannisson (1842-04-21- ). 1878 flyttar hustrun Greta Charlotta Andersdotter (1844-04-05-1920) in. Hulda Kristina (1879-08-03- ), Ida Maria (1881-10-09\u20141963) &#8211; hade polio, Carl Herbert (1885-09-05-1977). Flyttade till Broddan\u00e4s \u00e5r 1900 och d\u00e4rifr\u00e5n till Fridenberg 1916.<\/p>\n\n\n\n<p><a href=\"https:\/\/vrigstadshembygdsforening.se\/PDF\/1983.pdf\">Karta<\/a>.<\/p>\n","protected":false},"excerpt":{"rendered":"<p>Torp under G\u00f6storp, Lundholmen. Sista inv. Otto Johannisson, f. 1842, och hustrun Greta Charlotta Andersdotter, 1844-1920, d\u00f6d p\u00e5 Fridenberg. Flyttade<\/p>\n","protected":false},"author":1,"featured_media":0,"parent":0,"menu_order":0,"comment_status":"closed","ping_status":"closed","template":"","meta":{"footnotes":""},"class_list":["post-5392","page","type-page","status-publish","hentry"],"_links":{"self":[{"href":"https:\/\/vrigstadshembygdsforening.se\/index.php?rest_route=\/wp\/v2\/pages\/5392","targetHints":{"allow":["GET"]}}],"collection":[{"href":"https:\/\/vrigstadshembygdsforening.se\/index.php?rest_route=\/wp\/v2\/pages"}],"about":[{"href":"https:\/\/vrigstadshembygdsforening.se\/index.php?rest_route=\/wp\/v2\/types\/page"}],"author":[{"embeddable":true,"href":"https:\/\/vrigstadshembygdsforening.se\/index.php?rest_route=\/wp\/v2\/users\/1"}],"replies":[{"embeddable":true,"href":"https:\/\/vrigstadshembygdsforening.se\/index.php?rest_route=%2Fwp%2Fv2%2Fcomments&post=5392"}],"version-history":[{"count":2,"href":"https:\/\/vrigstadshembygdsforening.se\/index.php?rest_route=\/wp\/v2\/pages\/5392\/revisions"}],"predecessor-version":[{"id":6062,"href":"https:\/\/vrigstadshembygdsforening.se\/index.php?rest_route=\/wp\/v2\/pages\/5392\/revisions\/6062"}],"wp:attachment":[{"href":"https:\/\/vrigstadshembygdsforening.se\/index.php?rest_route=%2Fwp%2Fv2%2Fmedia&parent=5392"}],"curies":[{"name":"wp","href":"https:\/\/api.w.org\/{rel}","templated":true}]}}