{"id":5300,"date":"2022-08-04T14:37:02","date_gmt":"2022-08-04T14:37:02","guid":{"rendered":"https:\/\/vrigstadshembygdsforening.se\/?page_id=5300"},"modified":"2022-08-28T13:20:03","modified_gmt":"2022-08-28T13:20:03","slug":"vrigstads-kallbadhus-ab","status":"publish","type":"page","link":"https:\/\/vrigstadshembygdsforening.se\/?page_id=5300","title":{"rendered":"Vrigstads Kallbadhus AB"},"content":{"rendered":"\n<p>I Vrigstad fanns f\u00f6rutom Vattenkuranstalten \u00e4ven ett aktiebolag f\u00f6r Vrigstad kallbadhus.<\/p>\n\n\n\n<figure class=\"wp-block-image size-full is-style-default\"><img loading=\"lazy\" decoding=\"async\" width=\"375\" height=\"554\" src=\"https:\/\/media.vrigstadshembygdsforening.se\/\/Aktieagare_kallbadh.jpg\" alt=\"\" class=\"wp-image-5301\" srcset=\"https:\/\/media.vrigstadshembygdsforening.se\/Aktieagare_kallbadh.jpg 375w, https:\/\/media.vrigstadshembygdsforening.se\/Aktieagare_kallbadh-203x300.jpg 203w\" sizes=\"auto, (max-width: 375px) 100vw, 375px\" \/><figcaption>F\u00f6rteckning \u00f6ver aktie\u00e4gare.<\/figcaption><\/figure>\n\n\n\n<figure class=\"wp-block-image size-full is-style-default\"><img loading=\"lazy\" decoding=\"async\" width=\"582\" height=\"429\" src=\"https:\/\/media.vrigstadshembygdsforening.se\/\/Aktiebrev_kallbadh.jpg\" alt=\"\" class=\"wp-image-5302\" srcset=\"https:\/\/media.vrigstadshembygdsforening.se\/Aktiebrev_kallbadh.jpg 582w, https:\/\/media.vrigstadshembygdsforening.se\/Aktiebrev_kallbadh-300x221.jpg 300w\" sizes=\"auto, (max-width: 582px) 100vw, 582px\" \/><figcaption>Aktiebrev f\u00f6r Gustaf Dahl.<\/figcaption><\/figure>\n\n\n\n<p>John Johansson har i en intervju ber\u00e4ttat f\u00f6ljande: I stort sett samma g\u00e4ng som var medlemmar i det hemliga s\u00e4llskapet STF bildade ocks\u00e5 en badf\u00f6rening. De byggde ett badhus som gick ut \u00f6ver \u00e5n s\u00e5 man p\u00e5 en stege kunde g\u00e5 ner i vattnet inifr\u00e5n badhuset. Det l\u00e5g strax norr om slaktaren Nydals fastighet. Jag var kass\u00f6r i badhusf\u00f6reningen och s\u00e5lde aktier f\u00f6r fem kronor stycket.<\/p>\n\n\n\n<p>Det var inget roligt jobb ber\u00e4ttade John han fick sk\u00f6ta allt s\u00e5 han s\u00e5lde den aktie han hade f\u00f6r att komma ifr\u00e5n det hela. Badhusets saga var all vid den kraftiga \u00f6versv\u00e4mningen 1927. D\u00e5 fl\u00f6t badhuset iv\u00e4g och fastnade i ett av brovalven d\u00e4r man fick sl\u00e5 s\u00f6nder det.&nbsp;<\/p>\n","protected":false},"excerpt":{"rendered":"<p>I Vrigstad fanns f\u00f6rutom Vattenkuranstalten \u00e4ven ett aktiebolag f\u00f6r Vrigstad kallbadhus. John Johansson har i en intervju ber\u00e4ttat f\u00f6ljande: I<\/p>\n","protected":false},"author":1,"featured_media":0,"parent":0,"menu_order":0,"comment_status":"closed","ping_status":"closed","template":"","meta":{"footnotes":""},"class_list":["post-5300","page","type-page","status-publish","hentry"],"_links":{"self":[{"href":"https:\/\/vrigstadshembygdsforening.se\/index.php?rest_route=\/wp\/v2\/pages\/5300","targetHints":{"allow":["GET"]}}],"collection":[{"href":"https:\/\/vrigstadshembygdsforening.se\/index.php?rest_route=\/wp\/v2\/pages"}],"about":[{"href":"https:\/\/vrigstadshembygdsforening.se\/index.php?rest_route=\/wp\/v2\/types\/page"}],"author":[{"embeddable":true,"href":"https:\/\/vrigstadshembygdsforening.se\/index.php?rest_route=\/wp\/v2\/users\/1"}],"replies":[{"embeddable":true,"href":"https:\/\/vrigstadshembygdsforening.se\/index.php?rest_route=%2Fwp%2Fv2%2Fcomments&post=5300"}],"version-history":[{"count":2,"href":"https:\/\/vrigstadshembygdsforening.se\/index.php?rest_route=\/wp\/v2\/pages\/5300\/revisions"}],"predecessor-version":[{"id":5337,"href":"https:\/\/vrigstadshembygdsforening.se\/index.php?rest_route=\/wp\/v2\/pages\/5300\/revisions\/5337"}],"wp:attachment":[{"href":"https:\/\/vrigstadshembygdsforening.se\/index.php?rest_route=%2Fwp%2Fv2%2Fmedia&parent=5300"}],"curies":[{"name":"wp","href":"https:\/\/api.w.org\/{rel}","templated":true}]}}