{"id":5086,"date":"2021-10-24T11:37:39","date_gmt":"2021-10-24T11:37:39","guid":{"rendered":"https:\/\/vrigstadshembygdsforening.se\/?page_id=5086"},"modified":"2021-10-24T11:37:39","modified_gmt":"2021-10-24T11:37:39","slug":"karlsberg","status":"publish","type":"page","link":"https:\/\/vrigstadshembygdsforening.se\/?page_id=5086","title":{"rendered":"Karlsberg"},"content":{"rendered":"\n<p>Backstuga under Bj\u00e4llebo. Karlsberg revs till ved under kriget.<\/p>\n\n\n\n<p>1910. Emma Lovisa Albertina Svensson Carlstr\u00f6m, f. Svensson, (1857-04-25&#8211;1928), dottern Edit Anna Beata Carlstr\u00f6m (1897-06-29&#8211;1919-01-06). Inflyttade fr\u00e5n Virestorp Norreg\u00e5rd. Flyttade 1927 till Hatten.<\/p>\n\n\n\n<p>1929. Edvin Olsson (1904-11-04- ), Edit Julia Alfrida f. Andersson (1902-12-25- ). Inflyttade fr\u00e5n Kr\u00e5kshult. Flyttade 1931 till N. Ljunga.<\/p>\n\n\n\n<p><a href=\"https:\/\/vrigstadshembygdsforening.se\/PDF\/1988.pdf\" data-type=\"URL\" data-id=\"https:\/\/vrigstadshembygdsforening.se\/PDF\/1988.pdf\">Se karta<\/a>.<\/p>\n","protected":false},"excerpt":{"rendered":"<p>Backstuga under Bj\u00e4llebo. Karlsberg revs till ved under kriget. 1910. Emma Lovisa Albertina Svensson Carlstr\u00f6m, f. Svensson, (1857-04-25&#8211;1928), dottern Edit<\/p>\n","protected":false},"author":1,"featured_media":0,"parent":0,"menu_order":0,"comment_status":"closed","ping_status":"closed","template":"","meta":{"footnotes":""},"class_list":["post-5086","page","type-page","status-publish","hentry"],"_links":{"self":[{"href":"https:\/\/vrigstadshembygdsforening.se\/index.php?rest_route=\/wp\/v2\/pages\/5086","targetHints":{"allow":["GET"]}}],"collection":[{"href":"https:\/\/vrigstadshembygdsforening.se\/index.php?rest_route=\/wp\/v2\/pages"}],"about":[{"href":"https:\/\/vrigstadshembygdsforening.se\/index.php?rest_route=\/wp\/v2\/types\/page"}],"author":[{"embeddable":true,"href":"https:\/\/vrigstadshembygdsforening.se\/index.php?rest_route=\/wp\/v2\/users\/1"}],"replies":[{"embeddable":true,"href":"https:\/\/vrigstadshembygdsforening.se\/index.php?rest_route=%2Fwp%2Fv2%2Fcomments&post=5086"}],"version-history":[{"count":1,"href":"https:\/\/vrigstadshembygdsforening.se\/index.php?rest_route=\/wp\/v2\/pages\/5086\/revisions"}],"predecessor-version":[{"id":5087,"href":"https:\/\/vrigstadshembygdsforening.se\/index.php?rest_route=\/wp\/v2\/pages\/5086\/revisions\/5087"}],"wp:attachment":[{"href":"https:\/\/vrigstadshembygdsforening.se\/index.php?rest_route=%2Fwp%2Fv2%2Fmedia&parent=5086"}],"curies":[{"name":"wp","href":"https:\/\/api.w.org\/{rel}","templated":true}]}}