{"id":5070,"date":"2021-10-23T11:10:25","date_gmt":"2021-10-23T11:10:25","guid":{"rendered":"https:\/\/vrigstadshembygdsforening.se\/?page_id=5070"},"modified":"2021-10-23T11:10:26","modified_gmt":"2021-10-23T11:10:26","slug":"johansberg-stridsberg-lenevangen","status":"publish","type":"page","link":"https:\/\/vrigstadshembygdsforening.se\/?page_id=5070","title":{"rendered":"Johansberg\/Stridsberg\/Lenev\u00e5ngen"},"content":{"rendered":"\n<p>Backstuga under Horveryd Backg\u00e5rd. N\u00e4mns f\u00f6rsta g\u00e5ngen vid husf\u00f6rh\u00f6ret 1851-1857 som en nybyggd stuga (Lenev\u00e5ngen=i dag). \u00c4nkan Lena Stina , kallad Strida Lena, bodde kvar h\u00e4r efter makens d\u00f6d. Stugan ej n\u00e4mnd i husf\u00f6rh\u00f6r \u00e5r 1910. Stugan revs och flyttades till Vrigstad som syskonen Bertil och Elna Svenssons bostadshus.<\/p>\n\n\n\n<p>1865. Anders Johan Svensson (1811&#8211;1887-06-04 (i Johanslund)), Anna Stina Johansdotter (1817-10-10&#8211;1902-08-17 (i Johanslund)) &#8211; kallades Strida Lena, Lisa Stina (1850-09-10&#8211;1956-05-20), Ida Charlotta (1857-08-02- ) &#8211; flyttade 1881 till Bankeryd. Inflyttade fr\u00e5n \u00c5sen, K\u00f6pstad \u00d6sterg\u00e5rd. \u00c4nkan bodde kvar till sin d\u00f6d.<\/p>\n","protected":false},"excerpt":{"rendered":"<p>Backstuga under Horveryd Backg\u00e5rd. N\u00e4mns f\u00f6rsta g\u00e5ngen vid husf\u00f6rh\u00f6ret 1851-1857 som en nybyggd stuga (Lenev\u00e5ngen=i dag). \u00c4nkan Lena Stina ,<\/p>\n","protected":false},"author":1,"featured_media":0,"parent":0,"menu_order":0,"comment_status":"closed","ping_status":"closed","template":"","meta":{"footnotes":""},"class_list":["post-5070","page","type-page","status-publish","hentry"],"_links":{"self":[{"href":"https:\/\/vrigstadshembygdsforening.se\/index.php?rest_route=\/wp\/v2\/pages\/5070","targetHints":{"allow":["GET"]}}],"collection":[{"href":"https:\/\/vrigstadshembygdsforening.se\/index.php?rest_route=\/wp\/v2\/pages"}],"about":[{"href":"https:\/\/vrigstadshembygdsforening.se\/index.php?rest_route=\/wp\/v2\/types\/page"}],"author":[{"embeddable":true,"href":"https:\/\/vrigstadshembygdsforening.se\/index.php?rest_route=\/wp\/v2\/users\/1"}],"replies":[{"embeddable":true,"href":"https:\/\/vrigstadshembygdsforening.se\/index.php?rest_route=%2Fwp%2Fv2%2Fcomments&post=5070"}],"version-history":[{"count":1,"href":"https:\/\/vrigstadshembygdsforening.se\/index.php?rest_route=\/wp\/v2\/pages\/5070\/revisions"}],"predecessor-version":[{"id":5071,"href":"https:\/\/vrigstadshembygdsforening.se\/index.php?rest_route=\/wp\/v2\/pages\/5070\/revisions\/5071"}],"wp:attachment":[{"href":"https:\/\/vrigstadshembygdsforening.se\/index.php?rest_route=%2Fwp%2Fv2%2Fmedia&parent=5070"}],"curies":[{"name":"wp","href":"https:\/\/api.w.org\/{rel}","templated":true}]}}