{"id":5037,"date":"2021-10-19T20:00:04","date_gmt":"2021-10-19T20:00:04","guid":{"rendered":"https:\/\/vrigstadshembygdsforening.se\/?page_id=5037"},"modified":"2022-12-05T15:37:05","modified_gmt":"2022-12-05T15:37:05","slug":"hogavadet-ojavadet-ojavaett","status":"publish","type":"page","link":"https:\/\/vrigstadshembygdsforening.se\/?page_id=5037","title":{"rendered":"H\u00f6gavadet\/\u00d6javadet\/\u00d6javaett"},"content":{"rendered":"\n<p>Torp under Lundholmen.<\/p>\n\n\n\n<p>1754. Johan M\u00e5nsson ((1688- ), Elisabet Jonsdotter (1698- ), Johan (1734- ), Brita (1737- ), Katrina. De flyttade 1758.<\/p>\n\n\n\n<p>1760. P\u00e4r Andersson (1721- ) &#8211; d\u00f6d, Karin Nilsdotter (1720- ), Anders (1769- ), Jonas, Lisbet.. De flyttade 1776.<\/p>\n\n\n\n<p>Nils Jonsson och Annika Persdotter.<\/p>\n\n\n\n<p>Jonas J\u00f6nsson (1751- ), Sara P\u00e4rsdotter (1761- ), Jonas (1778- ), Kerstin Katrina (1779- ), Anna Lisa (1784- ), Maja Stina (1786- ).<\/p>\n\n\n\n<p>1787. Petter (1764- ), Lisbet (1768- ), Brita Stina (1788- ), Magnus (1790- ). De flyttade 1795 till Bodarna.<\/p>\n\n\n\n<p>1793. Jonas, \u00e4nkan Annika (1745- ), Nils (1772- ), Stina (1774- ), Petter (1779- ), Maj (1781- ), Lena (1783- ).<\/p>\n\n\n\n<p>1798. Nils Jonasson (1772-03-08&#8211;1846-02-20) &#8211; se ovan, Lena (1773-11-04- ), Karl Johan (1799-08-10-1869 (i \u00d6avadet)), Anna (1801-09-22- ), Maja Kristina (1804-04-26- ), Lisa (1808-12-21- ), Johannes (1812-04-13- ).<\/p>\n\n\n\n<p>Lindblom (1760-1794), Kajsa (1764- ). De flyttade till Str\u00f6msj\u00f6.<\/p>\n\n\n\n<p>Karl Johan Nilsson (1799-08-10-1869 (i H\u00f6gavadet)) &#8211; se ovan, Brita Stina Andersdotter (1810- ) &#8211; inflyttad 1834 fr\u00e5n Lundholmen, Klas Johan (1836-08-20- ), Johannes Malcum (1839-06-02- ), Gustaf (1842-06-02- ), Andreas (1844-11-29- ), Joel (1848-02-15- ), Johanna Maria (1851-11-30- ), Emilia (1856-07-09- ). Se L\u00f6nneberg, Knekestorp. De flyttade 1872 till Nydala.<\/p>\n\n\n\n<p>1870. Johannes Malcum (1839-06-02- ) &#8211; se ovan, Johanna Katarina Andersdotter (1844-12-17- ), Elisabeth (1870-12-15&#8211;1871-01-12). Flyttar till Nydala 1872.  <\/p>\n\n\n\n<p>1871. Anders Karlsson (1844-11-29&#8211;1896 (i K\u00e4ll\u00e5sen)), Charlotta Sofia Petersdotter (1840-10-01- ), Karl Johan Alfrid (1872-02-21- ), Frans Oskar (1873-12-05- ), Henning (1875-11-10- ). De flyttade 1887 till K\u00e4ll\u00e5sen.<\/p>\n\n\n\n<p>1887. Sven August Andersson (1852-11-18&#8211;1894-02-02 (i H\u00f6gavadet)), Emma Karolina Johannesdotter (1852-03-13- ), Johan Algot (1875-10-03- ), Wilhelmina Alfrida (1879-07-18- ), Carl Oskar (1881-11-16- ), Samuel Gustaf (1884-01-30- ), Josef Em,anuel (1886-04-13- ), David Simeon Amandus (1889-09-17- ) Robert Teodor (1892-06-25- ). De flyttade hit fr\u00e5n M\u00e5lahage, Trism\u00e5len och \u00e4nkan och n\u00e5gra barn flyttade 1898 till Jonsbygget.<\/p>\n\n\n\n<p>1898. Johannes Andersson Bergstr\u00f6m (1844-01-22- ), Anna Lisa Jonasdotter (1848-09-04- ), Claes Ferdinand (1884-10-09- ), Emma Christina Lydia (1886-02-22- ), Helga Charlotta (1888-04-04- ), Johan Albert (1890-01-04- ), Carl Gustaf (1894-01-26- ). De flyttade hit fr\u00e5n Sl\u00e4tteryd och 1901 till Svenarum.<\/p>\n\n\n\n<p>1904. Sven Gustav Karlsson (1869-11-01- ), Anna Sofia Fridell (1870-01-31 (i T\u00e5nn\u00f6)- ). Elin Ingrid Kristina (1905-04-22- ), Ester Maria (1906-08-19- ), Nelly Linnea Elisabeth (1909-04-29- ), Konrad Bertil Emanuel (19013-04-20- ). De flyttade hit fr\u00e5n St. Moen, Lundholmen och 1916 till N\u00e4ssj\u00f6.<\/p>\n\n\n\n<p>1905. Inhyses Malkus Karlsson (1837-01-16&#8211;1914-09-21). Inflyttad fr\u00e5n St. Moen, Lundholmen.<\/p>\n\n\n\n<p>1916. Henning Bernhard Fransson (1892-04-19 (i Nydala)- ), Hedvig Andrietta Johansson (1888-11-26- ), G\u00e4rda Maria Linnea (1914-01-21- ), Rut Signe Margareta (1915-08-23- ), Frans Oskar Vilhelm (1917-12-04- ). Inflyttade fr\u00e5n Mejeriet och vidare 1918 till Fryele.<\/p>\n\n\n\n<p>1919. Smeden Gustav Vilhelm Meurling (1866-10-25 (i Eksj\u00f6)- ), Agda J\u00f6nsdotter (1883-07-10 (i Urshult)- ), &#8211; barn fr\u00e5n mannens f\u00f6rsta \u00e4ktenskap Folke Artur Gustaf (1904-04-12- ), Svea Mildrid Ingeborg (1908-10-03- ). Hitflyttade fr\u00e5n Hult och vidare 1920 till Aneboda.<\/p>\n\n\n\n<p>1921. Klas Emil Lind (1880-10-19&#8211;1959), Jenny Maria f\u00f6dd Dyberg (1884-10-10&#8211;1966 ), Karl Axel (1908-07-05- ) mannens son i tidigare \u00e4ktenskap, Ebba Hillevi Linnea (1910-05-13- ), Greta Anna Maria (1911-07-17- ), Frida Edit Margareta (1912-10-06- ), Karin Hj\u00f6rdis M (1915-08-01- ), Klas Arvid Holmfrid (1919-11-17- ), Harry Erik Vilhelm (1922-07-29- ). Flyttar 1924 till Stockaryd.<\/p>\n\n\n\n<p>1924. Elias Holm (1889-09-16- ), Ellen Josefina f\u00f6dd Karlsson (1888-09-18- ), Helfrid Aina Viola (1911-12-18- ), Ella Maud (1917-07-25- ), Elly Walborg Linnea (1926-08-12- ). Inflyttade fr\u00e5n G\u00e5rdsby. <\/p>\n\n\n\n<p>1924. Anders Johan Wikell (1853-07-10&#8211;1929-04-24), Anna Matilda Elisabet Vallsten (1877-09-16- ), Aron Gunnar Emanuel (1910-12-25- ), Svea Linnea Elisabet (1910-12-25- ), Rut G\u00f6ta Viola (1913-09-25- ), Axel Erik Natanael (1917-09-15- ), Artur Georg Lennart (1919-09-25- ), Paul Simon Herbert (1922-03-10- ).<\/p>\n\n\n\n<p><a href=\"https:\/\/vrigstadshembygdsforening.se\/Bilder\/Bild\/Torpk\/1986.pdf\" data-type=\"URL\" data-id=\"https:\/\/vrigstadshembygdsforening.se\/Bilder\/Bild\/Torpk\/1986.pdf\">Se karta<\/a>.<\/p>\n","protected":false},"excerpt":{"rendered":"<p>Torp under Lundholmen. 1754. Johan M\u00e5nsson ((1688- ), Elisabet Jonsdotter (1698- ), Johan (1734- ), Brita (1737- ), Katrina. De<\/p>\n","protected":false},"author":1,"featured_media":0,"parent":0,"menu_order":0,"comment_status":"closed","ping_status":"closed","template":"","meta":{"footnotes":""},"class_list":["post-5037","page","type-page","status-publish","hentry"],"_links":{"self":[{"href":"https:\/\/vrigstadshembygdsforening.se\/index.php?rest_route=\/wp\/v2\/pages\/5037","targetHints":{"allow":["GET"]}}],"collection":[{"href":"https:\/\/vrigstadshembygdsforening.se\/index.php?rest_route=\/wp\/v2\/pages"}],"about":[{"href":"https:\/\/vrigstadshembygdsforening.se\/index.php?rest_route=\/wp\/v2\/types\/page"}],"author":[{"embeddable":true,"href":"https:\/\/vrigstadshembygdsforening.se\/index.php?rest_route=\/wp\/v2\/users\/1"}],"replies":[{"embeddable":true,"href":"https:\/\/vrigstadshembygdsforening.se\/index.php?rest_route=%2Fwp%2Fv2%2Fcomments&post=5037"}],"version-history":[{"count":5,"href":"https:\/\/vrigstadshembygdsforening.se\/index.php?rest_route=\/wp\/v2\/pages\/5037\/revisions"}],"predecessor-version":[{"id":6257,"href":"https:\/\/vrigstadshembygdsforening.se\/index.php?rest_route=\/wp\/v2\/pages\/5037\/revisions\/6257"}],"wp:attachment":[{"href":"https:\/\/vrigstadshembygdsforening.se\/index.php?rest_route=%2Fwp%2Fv2%2Fmedia&parent=5037"}],"curies":[{"name":"wp","href":"https:\/\/api.w.org\/{rel}","templated":true}]}}