{"id":5027,"date":"2021-10-18T14:59:06","date_gmt":"2021-10-18T14:59:06","guid":{"rendered":"https:\/\/vrigstadshembygdsforening.se\/?page_id=5027"},"modified":"2022-12-05T15:07:58","modified_gmt":"2022-12-05T15:07:58","slug":"hasthagen-lilla","status":"publish","type":"page","link":"https:\/\/vrigstadshembygdsforening.se\/?page_id=5027","title":{"rendered":"H\u00e4sthagen, Lilla"},"content":{"rendered":"\n<p>Backstuga under Lundby V\u00e4sterg\u00e5rd. Den s\u00f6dra \u00e4ndan av parstugan. Gemensamt k\u00f6k och halvmeterh\u00f6ga tr\u00f6sklar. I b\u00f6rjan p\u00e5 1920-talet bygger Emil Johansson ett nytt hus och torpet rivs. Emil och Sofia bor kvar till sin d\u00f6d. Fastigheten har sedan \u00e4gts av Axel Johansson, Rune Olofsson, Gunnar L\u00e4gersten och fr.o.m. 2003 av danskar.<\/p>\n\n\n\n<p>1853. Afsk. Grenadieren Sven Lord (1789-11-24-1870-09-09), Annika Eriksdotter (1783-05-13-1872. Flyttade 1871 till Jonsbygget, Lundholmen.<\/p>\n\n\n\n<p>1872. Otto Karlsson (1846-04-22-  ) &#8211; mynt, Kristina Sofia Andersdotter (1847-12-10-1903 (i Svarvarebygget)), Klaes henning (1873-01-29- ), Johanna Maria (1875-01-28- ), Jiohannes August (1878-07-25- ). De flyttade hit fr\u00e5n L. Moen, Lundholmen och \u00e5r 1886 vidare till L. G\u00f6storp, Lundholmen.<\/p>\n\n\n\n<p> 1879. \u00c4nkan Johanna Maria Nordberg (1835-02-01 (i Vrigstad)-1920-10-09), barnen Carl Emil Johansson (1865-11-12 (i Stockaryd)- ) &#8211; emigrerade till USA 1889, Anna Sofia (1869-08-03 (i Vrigstad)- ) &#8211; emigrerade till USA 1891, Frans Oskar (1873-08-03- ). \u00c4nkan bodde kvar till sin d\u00f6d. <\/p>\n\n\n\n<p>1887. Johan Magnus Karlsson (1828-01-20- ), Anna Lena Johannesdotter (1827-06-07-1893 (i S\u00f6drehage)), Carl Edvard (1871-06-03- ). Inflyttade fr\u00e5n L\u00e5ng\u00f6 kvarn, Nydala och flyttade 1891 till S\u00f6drehage, Sp\u00e5narp.<\/p>\n\n\n\n<p>1908. Carl Emil  Johansson (1865-11-12&#8211;1938 ) flyttar tillbaka fr\u00e5n Amerika, Anna Sofia (1869-08-03&#8211;1948 ) flyttar tillbaka fr\u00e5n Amerika 1916 &#8211; se ovan. De bor kvar till sin d\u00f6d.<\/p>\n\n\n\n<p><a href=\"https:\/\/vrigstadshembygdsforening.se\/PDF\/1986.pdf\" data-type=\"URL\" data-id=\"https:\/\/vrigstadshembygdsforening.se\/PDF\/1986.pdf\">Se karta<\/a>.<\/p>\n","protected":false},"excerpt":{"rendered":"<p>Backstuga under Lundby V\u00e4sterg\u00e5rd. Den s\u00f6dra \u00e4ndan av parstugan. Gemensamt k\u00f6k och halvmeterh\u00f6ga tr\u00f6sklar. I b\u00f6rjan p\u00e5 1920-talet bygger Emil<\/p>\n","protected":false},"author":1,"featured_media":0,"parent":0,"menu_order":0,"comment_status":"closed","ping_status":"closed","template":"","meta":{"footnotes":""},"class_list":["post-5027","page","type-page","status-publish","hentry"],"_links":{"self":[{"href":"https:\/\/vrigstadshembygdsforening.se\/index.php?rest_route=\/wp\/v2\/pages\/5027","targetHints":{"allow":["GET"]}}],"collection":[{"href":"https:\/\/vrigstadshembygdsforening.se\/index.php?rest_route=\/wp\/v2\/pages"}],"about":[{"href":"https:\/\/vrigstadshembygdsforening.se\/index.php?rest_route=\/wp\/v2\/types\/page"}],"author":[{"embeddable":true,"href":"https:\/\/vrigstadshembygdsforening.se\/index.php?rest_route=\/wp\/v2\/users\/1"}],"replies":[{"embeddable":true,"href":"https:\/\/vrigstadshembygdsforening.se\/index.php?rest_route=%2Fwp%2Fv2%2Fcomments&post=5027"}],"version-history":[{"count":2,"href":"https:\/\/vrigstadshembygdsforening.se\/index.php?rest_route=\/wp\/v2\/pages\/5027\/revisions"}],"predecessor-version":[{"id":6253,"href":"https:\/\/vrigstadshembygdsforening.se\/index.php?rest_route=\/wp\/v2\/pages\/5027\/revisions\/6253"}],"wp:attachment":[{"href":"https:\/\/vrigstadshembygdsforening.se\/index.php?rest_route=%2Fwp%2Fv2%2Fmedia&parent=5027"}],"curies":[{"name":"wp","href":"https:\/\/api.w.org\/{rel}","templated":true}]}}